{"id":1491,"date":"2025-01-06T19:05:25","date_gmt":"2025-01-06T19:05:25","guid":{"rendered":"https:\/\/lannelle.com\/?page_id=1491"},"modified":"2025-01-07T08:59:27","modified_gmt":"2025-01-07T08:59:27","slug":"blog","status":"publish","type":"page","link":"https:\/\/lannelle.com\/ro\/blog\/","title":{"rendered":"BLOG"},"content":{"rendered":"<div class=\"wp-block-query is-layout-flow wp-block-query-is-layout-flow\"><ul class=\"wp-block-post-template is-layout-flow wp-block-post-template-is-layout-flow\"><li class=\"wp-block-post post-1946 post type-post status-publish format-standard has-post-thumbnail hentry category-gift-ideas\">\n\n<div class=\"wp-block-columns alignwide is-layout-flex wp-container-core-columns-is-layout-9d6595d7 wp-block-columns-is-layout-flex\">\n<div class=\"wp-block-column is-layout-flow wp-block-column-is-layout-flow\" style=\"flex-basis:66.66%\"><figure class=\"wp-block-post-featured-image\"><a href=\"https:\/\/lannelle.com\/ro\/6-gift-ideas-for-her-luxury-lingerie-kimono-sets\/\" target=\"_self\"  ><img data-recalc-dims=\"1\" loading=\"lazy\" decoding=\"async\" width=\"1020\" height=\"680\" src=\"https:\/\/i0.wp.com\/lannelle.com\/wp-content\/uploads\/2026\/01\/SMH_bw1040-scaled.jpg?resize=1020%2C680&#038;ssl=1\" class=\"attachment-post-thumbnail size-post-thumbnail wp-post-image\" alt=\"6 Gift Ideas for Her: Luxury Lingerie &amp; Kimono Sets\" style=\"object-fit:cover;\" srcset=\"https:\/\/i0.wp.com\/lannelle.com\/wp-content\/uploads\/2026\/01\/SMH_bw1040-scaled.jpg?w=2560&amp;ssl=1 2560w, https:\/\/i0.wp.com\/lannelle.com\/wp-content\/uploads\/2026\/01\/SMH_bw1040-scaled.jpg?resize=300%2C200&amp;ssl=1 300w, https:\/\/i0.wp.com\/lannelle.com\/wp-content\/uploads\/2026\/01\/SMH_bw1040-scaled.jpg?resize=1024%2C683&amp;ssl=1 1024w, https:\/\/i0.wp.com\/lannelle.com\/wp-content\/uploads\/2026\/01\/SMH_bw1040-scaled.jpg?resize=768%2C512&amp;ssl=1 768w, https:\/\/i0.wp.com\/lannelle.com\/wp-content\/uploads\/2026\/01\/SMH_bw1040-scaled.jpg?resize=1536%2C1024&amp;ssl=1 1536w, https:\/\/i0.wp.com\/lannelle.com\/wp-content\/uploads\/2026\/01\/SMH_bw1040-scaled.jpg?resize=2048%2C1365&amp;ssl=1 2048w, https:\/\/i0.wp.com\/lannelle.com\/wp-content\/uploads\/2026\/01\/SMH_bw1040-scaled.jpg?resize=18%2C12&amp;ssl=1 18w, https:\/\/i0.wp.com\/lannelle.com\/wp-content\/uploads\/2026\/01\/SMH_bw1040-scaled.jpg?resize=450%2C300&amp;ssl=1 450w, https:\/\/i0.wp.com\/lannelle.com\/wp-content\/uploads\/2026\/01\/SMH_bw1040-scaled.jpg?resize=1320%2C880&amp;ssl=1 1320w, https:\/\/i0.wp.com\/lannelle.com\/wp-content\/uploads\/2026\/01\/SMH_bw1040-scaled.jpg?resize=600%2C400&amp;ssl=1 600w\" sizes=\"auto, (max-width: 1020px) 100vw, 1020px\" \/><\/a><\/figure><\/div>\n\n\n\n<div class=\"wp-block-column is-layout-flow wp-block-column-is-layout-flow\" style=\"flex-basis:33.33%\"><h2 class=\"wp-block-post-title\"><a href=\"https:\/\/lannelle.com\/ro\/6-gift-ideas-for-her-luxury-lingerie-kimono-sets\/\" target=\"_self\" >6 idei de cadouri pentru ea \u2013 lenjerie intim\u0103 \u0219i piese delicate Lannelle<\/a><\/h2>\n\n<div class=\"wp-block-post-excerpt\"><p class=\"wp-block-post-excerpt__excerpt\">Choosing a gift that truly delights is an art. At Lannelle, we know that lingerie is more than fabric and lace &#8211; it\u2019s a celebration of femininity, elegance, and confidence. The right set can transform an ordinary moment into something unforgettable, making her feel cherished and effortlessly stylish. To help you navigate this elegant world,&hellip; <\/p><\/div><\/div>\n<\/div>\n\n<\/li><li class=\"wp-block-post post-1516 post type-post status-publish format-standard has-post-thumbnail hentry category-gift-ideas\">\n\n<div class=\"wp-block-columns alignwide is-layout-flex wp-container-core-columns-is-layout-9d6595d7 wp-block-columns-is-layout-flex\">\n<div class=\"wp-block-column is-layout-flow wp-block-column-is-layout-flow\" style=\"flex-basis:66.66%\"><figure class=\"wp-block-post-featured-image\"><a href=\"https:\/\/lannelle.com\/ro\/how-to-choose-the-perfect-lingerie-gift-for-her\/\" target=\"_self\"  ><img data-recalc-dims=\"1\" loading=\"lazy\" decoding=\"async\" width=\"1020\" height=\"574\" src=\"https:\/\/i0.wp.com\/lannelle.com\/wp-content\/uploads\/2025\/01\/PXL_20230528_135637539.MP_-scaled.jpg?resize=1020%2C574&#038;ssl=1\" class=\"attachment-post-thumbnail size-post-thumbnail wp-post-image\" alt=\"How to Choose the Perfect Lingerie Gift for Her\" style=\"object-fit:cover;\" srcset=\"https:\/\/i0.wp.com\/lannelle.com\/wp-content\/uploads\/2025\/01\/PXL_20230528_135637539.MP_-scaled.jpg?w=2560&amp;ssl=1 2560w, https:\/\/i0.wp.com\/lannelle.com\/wp-content\/uploads\/2025\/01\/PXL_20230528_135637539.MP_-scaled.jpg?resize=300%2C169&amp;ssl=1 300w, https:\/\/i0.wp.com\/lannelle.com\/wp-content\/uploads\/2025\/01\/PXL_20230528_135637539.MP_-scaled.jpg?resize=1024%2C576&amp;ssl=1 1024w, https:\/\/i0.wp.com\/lannelle.com\/wp-content\/uploads\/2025\/01\/PXL_20230528_135637539.MP_-scaled.jpg?resize=768%2C432&amp;ssl=1 768w, https:\/\/i0.wp.com\/lannelle.com\/wp-content\/uploads\/2025\/01\/PXL_20230528_135637539.MP_-scaled.jpg?resize=1536%2C864&amp;ssl=1 1536w, https:\/\/i0.wp.com\/lannelle.com\/wp-content\/uploads\/2025\/01\/PXL_20230528_135637539.MP_-scaled.jpg?resize=2048%2C1152&amp;ssl=1 2048w, https:\/\/i0.wp.com\/lannelle.com\/wp-content\/uploads\/2025\/01\/PXL_20230528_135637539.MP_-scaled.jpg?resize=18%2C10&amp;ssl=1 18w, https:\/\/i0.wp.com\/lannelle.com\/wp-content\/uploads\/2025\/01\/PXL_20230528_135637539.MP_-scaled.jpg?resize=1320%2C743&amp;ssl=1 1320w, https:\/\/i0.wp.com\/lannelle.com\/wp-content\/uploads\/2025\/01\/PXL_20230528_135637539.MP_-scaled.jpg?resize=600%2C338&amp;ssl=1 600w\" sizes=\"auto, (max-width: 1020px) 100vw, 1020px\" \/><\/a><\/figure><\/div>\n\n\n\n<div class=\"wp-block-column is-layout-flow wp-block-column-is-layout-flow\" style=\"flex-basis:33.33%\"><h2 class=\"wp-block-post-title\"><a href=\"https:\/\/lannelle.com\/ro\/how-to-choose-the-perfect-lingerie-gift-for-her\/\" target=\"_self\" >Cum s\u0103 alegi Lenjeria Intim\u0103 potrivita pentru ea<\/a><\/h2>\n\n<div class=\"wp-block-post-excerpt\"><p class=\"wp-block-post-excerpt__excerpt\">Sa oferi lenjerie intima partenerei tale este un gest romantic, dar si o provocare in acelasi timp. Lenjeria este un articol delicat ce trebuie ales cu grija. Atat online cat si in magazine vedem o varietatea de modele si branduri ce vand lenjerie. Cu siguranta nu e usor sa alegi lenjeria perfecta pentru ea. Plus ca, mai mult ca sigur, doresti sa oferi un cadou care sa o bucure si sa o surprinda in mod placut.\nIn randurile de mai jos am pregatit pentru tine un ghid ce te va ajuta sa faci alegerea potrivita <\/p><\/div><\/div>\n<\/div>\n\n<\/li><li class=\"wp-block-post post-1474 post type-post status-publish format-standard has-post-thumbnail hentry category-gift-ideas category-home-wear\">\n\n<div class=\"wp-block-columns alignwide is-layout-flex wp-container-core-columns-is-layout-9d6595d7 wp-block-columns-is-layout-flex\">\n<div class=\"wp-block-column is-layout-flow wp-block-column-is-layout-flow\" style=\"flex-basis:66.66%\"><figure class=\"wp-block-post-featured-image\"><a href=\"https:\/\/lannelle.com\/ro\/discover-the-perfect-lannelle-sets\/\" target=\"_self\"  ><img data-recalc-dims=\"1\" decoding=\"async\" src=\"https:\/\/i0.wp.com\/lannelle.com\/wp-content\/uploads\/2025\/01\/FLA_5652-Edit.jpg?w=1020&#038;ssl=1\" class=\"attachment-post-thumbnail size-post-thumbnail wp-post-image\" alt=\"Experience timeless elegance with the Lannelle sets\" style=\"object-fit:cover;\" \/><\/a><\/figure><\/div>\n\n\n\n<div class=\"wp-block-column is-layout-flow wp-block-column-is-layout-flow\" style=\"flex-basis:33.33%\"><h2 class=\"wp-block-post-title\"><a href=\"https:\/\/lannelle.com\/ro\/discover-the-perfect-lannelle-sets\/\" target=\"_self\" >Adauga un plus de rafinament stilului tau cu seturile lannelle<\/a><\/h2>\n\n<div class=\"wp-block-post-excerpt\"><p class=\"wp-block-post-excerpt__excerpt\">Bine ai venit \u00een lumea Lannelle, unde fiecare articol este creat special pentru tine, pentru a te simti plina de incredere si pentru a-ti evidentia frumusetea. \nPentru a te ajuta sa descoperi farmecul fiecarei piese lannelle, am pregatit 4 seturi ce imbina eleganta, confortul \u0219i rafinamentul. Aceste combina\u021bii sunt perfecte pentru rasfatul personal, pentru inspira\u021bie sau pentru a face un cadou deosebit unei femei speciale din viata ta. <\/p><\/div><\/div>\n<\/div>\n\n<\/li><li class=\"wp-block-post post-1178 post type-post status-publish format-standard has-post-thumbnail hentry category-gift-ideas\">\n\n<div class=\"wp-block-columns alignwide is-layout-flex wp-container-core-columns-is-layout-9d6595d7 wp-block-columns-is-layout-flex\">\n<div class=\"wp-block-column is-layout-flow wp-block-column-is-layout-flow\" style=\"flex-basis:66.66%\"><figure class=\"wp-block-post-featured-image\"><a href=\"https:\/\/lannelle.com\/ro\/unleash-your-sensuality-on-valentines-day\/\" target=\"_self\"  ><img data-recalc-dims=\"1\" loading=\"lazy\" decoding=\"async\" width=\"1020\" height=\"680\" src=\"https:\/\/i0.wp.com\/lannelle.com\/wp-content\/uploads\/2023\/10\/SMH_0659-scaled.jpg?resize=1020%2C680&#038;ssl=1\" class=\"attachment-post-thumbnail size-post-thumbnail wp-post-image\" alt=\"Unleash your sensuality on Valentine&#8217;s Day\" style=\"object-fit:cover;\" srcset=\"https:\/\/i0.wp.com\/lannelle.com\/wp-content\/uploads\/2023\/10\/SMH_0659-scaled.jpg?w=2560&amp;ssl=1 2560w, https:\/\/i0.wp.com\/lannelle.com\/wp-content\/uploads\/2023\/10\/SMH_0659-scaled.jpg?w=2040&amp;ssl=1 2040w\" sizes=\"auto, (max-width: 1020px) 100vw, 1020px\" \/><\/a><\/figure><\/div>\n\n\n\n<div class=\"wp-block-column is-layout-flow wp-block-column-is-layout-flow\" style=\"flex-basis:33.33%\"><h2 class=\"wp-block-post-title\"><a href=\"https:\/\/lannelle.com\/ro\/unleash-your-sensuality-on-valentines-day\/\" target=\"_self\" >Descoper-ti senzualitatea de Valentine's Day<\/a><\/h2>\n\n<div class=\"wp-block-post-excerpt\"><p class=\"wp-block-post-excerpt__excerpt\">E\u0219ti preg\u0103tit\u0103 s\u0103 \u00ee\u021bi eviden\u021biezi frumuse\u021bea \u00eentr-un mod unic de Valentine's Day? Lannelle \u00ee\u021bi ofer\u0103 o experien\u021b\u0103 personalizat\u0103 \u0219i senzual\u0103, unde fiecare articol este creat manual cu aten\u021bie \u0219i dragoste... <\/p><\/div><\/div>\n<\/div>\n\n<\/li><li class=\"wp-block-post post-53 post type-post status-publish format-standard has-post-thumbnail hentry category-home-wear\">\n\n<div class=\"wp-block-columns alignwide is-layout-flex wp-container-core-columns-is-layout-9d6595d7 wp-block-columns-is-layout-flex\">\n<div class=\"wp-block-column is-layout-flow wp-block-column-is-layout-flow\" style=\"flex-basis:66.66%\"><figure class=\"wp-block-post-featured-image\"><a href=\"https:\/\/lannelle.com\/ro\/kimono-collection\/\" target=\"_self\"  ><img data-recalc-dims=\"1\" loading=\"lazy\" decoding=\"async\" width=\"1020\" height=\"680\" src=\"https:\/\/i0.wp.com\/lannelle.com\/wp-content\/uploads\/2023\/10\/SMH_0543-scaled.jpg?resize=1020%2C680&#038;ssl=1\" class=\"attachment-post-thumbnail size-post-thumbnail wp-post-image\" alt=\"Kimono collection\" style=\"object-fit:cover;\" srcset=\"https:\/\/i0.wp.com\/lannelle.com\/wp-content\/uploads\/2023\/10\/SMH_0543-scaled.jpg?w=2560&amp;ssl=1 2560w, https:\/\/i0.wp.com\/lannelle.com\/wp-content\/uploads\/2023\/10\/SMH_0543-scaled.jpg?resize=300%2C200&amp;ssl=1 300w, https:\/\/i0.wp.com\/lannelle.com\/wp-content\/uploads\/2023\/10\/SMH_0543-scaled.jpg?resize=1024%2C683&amp;ssl=1 1024w, https:\/\/i0.wp.com\/lannelle.com\/wp-content\/uploads\/2023\/10\/SMH_0543-scaled.jpg?resize=768%2C512&amp;ssl=1 768w, https:\/\/i0.wp.com\/lannelle.com\/wp-content\/uploads\/2023\/10\/SMH_0543-scaled.jpg?resize=1536%2C1024&amp;ssl=1 1536w, https:\/\/i0.wp.com\/lannelle.com\/wp-content\/uploads\/2023\/10\/SMH_0543-scaled.jpg?resize=2048%2C1365&amp;ssl=1 2048w, https:\/\/i0.wp.com\/lannelle.com\/wp-content\/uploads\/2023\/10\/SMH_0543-scaled.jpg?resize=18%2C12&amp;ssl=1 18w, https:\/\/i0.wp.com\/lannelle.com\/wp-content\/uploads\/2023\/10\/SMH_0543-scaled.jpg?resize=450%2C300&amp;ssl=1 450w, https:\/\/i0.wp.com\/lannelle.com\/wp-content\/uploads\/2023\/10\/SMH_0543-scaled.jpg?resize=90%2C60&amp;ssl=1 90w, https:\/\/i0.wp.com\/lannelle.com\/wp-content\/uploads\/2023\/10\/SMH_0543-scaled.jpg?resize=1320%2C880&amp;ssl=1 1320w, https:\/\/i0.wp.com\/lannelle.com\/wp-content\/uploads\/2023\/10\/SMH_0543-scaled.jpg?resize=600%2C400&amp;ssl=1 600w\" sizes=\"auto, (max-width: 1020px) 100vw, 1020px\" \/><\/a><\/figure><\/div>\n\n\n\n<div class=\"wp-block-column is-layout-flow wp-block-column-is-layout-flow\" style=\"flex-basis:33.33%\"><h2 class=\"wp-block-post-title\"><a href=\"https:\/\/lannelle.com\/ro\/kimono-collection\/\" target=\"_self\" >Colectia de kimono-uri<\/a><\/h2>\n\n<div class=\"wp-block-post-excerpt\"><p class=\"wp-block-post-excerpt__excerpt\">Colectia de kimono-uri a pornit de la dorinta de a avea articole pentru casa deosebite si feminine dar care sa fie confortabile in acelasi timp. Astfel, am creat o varietate de modele disponibile in diferite culori si imprimeuri, potrivite pentru orice ocazie. Fie ca iti doresti sa te simti eleganta, senzuala sau pur si simplu iubesti ... <\/p><\/div><\/div>\n<\/div>\n\n<\/li><li class=\"wp-block-post post-955 post type-post status-publish format-standard has-post-thumbnail hentry category-uncategorized\">\n\n<div class=\"wp-block-columns alignwide is-layout-flex wp-container-core-columns-is-layout-9d6595d7 wp-block-columns-is-layout-flex\">\n<div class=\"wp-block-column is-layout-flow wp-block-column-is-layout-flow\" style=\"flex-basis:66.66%\"><figure class=\"wp-block-post-featured-image\"><a href=\"https:\/\/lannelle.com\/ro\/little-gift-for-you\/\" target=\"_self\"  ><img data-recalc-dims=\"1\" loading=\"lazy\" decoding=\"async\" width=\"1020\" height=\"680\" src=\"https:\/\/i0.wp.com\/lannelle.com\/wp-content\/uploads\/2023\/08\/SMH_0594.jpg?resize=1020%2C680&#038;ssl=1\" class=\"attachment-post-thumbnail size-post-thumbnail wp-post-image\" alt=\"A little gift for you\" style=\"object-fit:cover;\" srcset=\"https:\/\/i0.wp.com\/lannelle.com\/wp-content\/uploads\/2023\/08\/SMH_0594.jpg?w=2000&amp;ssl=1 2000w, https:\/\/i0.wp.com\/lannelle.com\/wp-content\/uploads\/2023\/08\/SMH_0594.jpg?resize=300%2C200&amp;ssl=1 300w, https:\/\/i0.wp.com\/lannelle.com\/wp-content\/uploads\/2023\/08\/SMH_0594.jpg?resize=1024%2C682&amp;ssl=1 1024w, https:\/\/i0.wp.com\/lannelle.com\/wp-content\/uploads\/2023\/08\/SMH_0594.jpg?resize=768%2C512&amp;ssl=1 768w, https:\/\/i0.wp.com\/lannelle.com\/wp-content\/uploads\/2023\/08\/SMH_0594.jpg?resize=1536%2C1024&amp;ssl=1 1536w, https:\/\/i0.wp.com\/lannelle.com\/wp-content\/uploads\/2023\/08\/SMH_0594.jpg?resize=18%2C12&amp;ssl=1 18w, https:\/\/i0.wp.com\/lannelle.com\/wp-content\/uploads\/2023\/08\/SMH_0594.jpg?resize=450%2C300&amp;ssl=1 450w, https:\/\/i0.wp.com\/lannelle.com\/wp-content\/uploads\/2023\/08\/SMH_0594.jpg?resize=1320%2C880&amp;ssl=1 1320w, https:\/\/i0.wp.com\/lannelle.com\/wp-content\/uploads\/2023\/08\/SMH_0594.jpg?resize=600%2C400&amp;ssl=1 600w\" sizes=\"auto, (max-width: 1020px) 100vw, 1020px\" \/><\/a><\/figure><\/div>\n\n\n\n<div class=\"wp-block-column is-layout-flow wp-block-column-is-layout-flow\" style=\"flex-basis:33.33%\"><h2 class=\"wp-block-post-title\"><a href=\"https:\/\/lannelle.com\/ro\/little-gift-for-you\/\" target=\"_self\" >Accesoriu cadou pentru tine<\/a><\/h2>\n\n<div class=\"wp-block-post-excerpt\"><p class=\"wp-block-post-excerpt__excerpt\">Stim ca ingrijirea parului este un aspect important pentru noi, femeile. Un par sanatos si aranjat ne va crestere increderea in sine si, inevitabil, ne va face ziua mai buna.\nAsa ca 'lannelle' a pregatit pentru tine un accesoriu pentru par, atat elegant cat si benefic. Este vorba despre elasticele pentru par din satin... <\/p><\/div><\/div>\n<\/div>\n\n<\/li><li class=\"wp-block-post post-630 post type-post status-publish format-standard has-post-thumbnail hentry category-gift-ideas\">\n\n<div class=\"wp-block-columns alignwide is-layout-flex wp-container-core-columns-is-layout-9d6595d7 wp-block-columns-is-layout-flex\">\n<div class=\"wp-block-column is-layout-flow wp-block-column-is-layout-flow\" style=\"flex-basis:66.66%\"><figure class=\"wp-block-post-featured-image\"><a href=\"https:\/\/lannelle.com\/ro\/gift-card\/\" target=\"_self\"  ><img data-recalc-dims=\"1\" loading=\"lazy\" decoding=\"async\" width=\"1020\" height=\"658\" src=\"https:\/\/i0.wp.com\/lannelle.com\/wp-content\/uploads\/2023\/01\/gift22.png?resize=1020%2C658&#038;ssl=1\" class=\"attachment-post-thumbnail size-post-thumbnail wp-post-image\" alt=\"Gift card\" style=\"object-fit:cover;\" srcset=\"https:\/\/i0.wp.com\/lannelle.com\/wp-content\/uploads\/2023\/01\/gift22.png?w=1077&amp;ssl=1 1077w, https:\/\/i0.wp.com\/lannelle.com\/wp-content\/uploads\/2023\/01\/gift22.png?resize=300%2C194&amp;ssl=1 300w, https:\/\/i0.wp.com\/lannelle.com\/wp-content\/uploads\/2023\/01\/gift22.png?resize=1024%2C661&amp;ssl=1 1024w, https:\/\/i0.wp.com\/lannelle.com\/wp-content\/uploads\/2023\/01\/gift22.png?resize=768%2C496&amp;ssl=1 768w, https:\/\/i0.wp.com\/lannelle.com\/wp-content\/uploads\/2023\/01\/gift22.png?resize=18%2C12&amp;ssl=1 18w, https:\/\/i0.wp.com\/lannelle.com\/wp-content\/uploads\/2023\/01\/gift22.png?resize=93%2C60&amp;ssl=1 93w, https:\/\/i0.wp.com\/lannelle.com\/wp-content\/uploads\/2023\/01\/gift22.png?resize=600%2C387&amp;ssl=1 600w\" sizes=\"auto, (max-width: 1020px) 100vw, 1020px\" \/><\/a><\/figure><\/div>\n\n\n\n<div class=\"wp-block-column is-layout-flow wp-block-column-is-layout-flow\" style=\"flex-basis:33.33%\"><h2 class=\"wp-block-post-title\"><a href=\"https:\/\/lannelle.com\/ro\/gift-card\/\" target=\"_self\" >Cardul cadou<\/a><\/h2>\n\n<div class=\"wp-block-post-excerpt\"><p class=\"wp-block-post-excerpt__excerpt\">Esti in cautarea cadoului perfect pentru ea? \ud83c\udf81\nCardul cadou lannelle este alegerea ideal\u0103 pentru cei ce doresc s\u0103 ofere un dar elegant \u0219i senzual, l\u0103s\u00e2nd totodat\u0103 libertatea de a alege ceea ce isi doreste ea\nFiecare articol lannelle este realizat\u0103 manual, astfel.. <\/p><\/div><\/div>\n<\/div>\n\n<\/li><li class=\"wp-block-post post-393 post type-post status-publish format-standard has-post-thumbnail hentry category-about\">\n\n<div class=\"wp-block-columns alignwide is-layout-flex wp-container-core-columns-is-layout-9d6595d7 wp-block-columns-is-layout-flex\">\n<div class=\"wp-block-column is-layout-flow wp-block-column-is-layout-flow\" style=\"flex-basis:66.66%\"><figure class=\"wp-block-post-featured-image\"><a href=\"https:\/\/lannelle.com\/ro\/made-to-order\/\" target=\"_self\"  ><img data-recalc-dims=\"1\" loading=\"lazy\" decoding=\"async\" width=\"1020\" height=\"574\" src=\"https:\/\/i0.wp.com\/lannelle.com\/wp-content\/uploads\/2022\/12\/PXL_20230619_190840808.MP_-scaled.jpg?resize=1020%2C574&#038;ssl=1\" class=\"attachment-post-thumbnail size-post-thumbnail wp-post-image\" alt=\"Made to order\" style=\"object-fit:cover;\" srcset=\"https:\/\/i0.wp.com\/lannelle.com\/wp-content\/uploads\/2022\/12\/PXL_20230619_190840808.MP_-scaled.jpg?w=2560&amp;ssl=1 2560w, https:\/\/i0.wp.com\/lannelle.com\/wp-content\/uploads\/2022\/12\/PXL_20230619_190840808.MP_-scaled.jpg?resize=300%2C169&amp;ssl=1 300w, https:\/\/i0.wp.com\/lannelle.com\/wp-content\/uploads\/2022\/12\/PXL_20230619_190840808.MP_-scaled.jpg?resize=1024%2C576&amp;ssl=1 1024w, https:\/\/i0.wp.com\/lannelle.com\/wp-content\/uploads\/2022\/12\/PXL_20230619_190840808.MP_-scaled.jpg?resize=768%2C432&amp;ssl=1 768w, https:\/\/i0.wp.com\/lannelle.com\/wp-content\/uploads\/2022\/12\/PXL_20230619_190840808.MP_-scaled.jpg?resize=1536%2C864&amp;ssl=1 1536w, https:\/\/i0.wp.com\/lannelle.com\/wp-content\/uploads\/2022\/12\/PXL_20230619_190840808.MP_-scaled.jpg?resize=2048%2C1152&amp;ssl=1 2048w, https:\/\/i0.wp.com\/lannelle.com\/wp-content\/uploads\/2022\/12\/PXL_20230619_190840808.MP_-scaled.jpg?resize=18%2C10&amp;ssl=1 18w, https:\/\/i0.wp.com\/lannelle.com\/wp-content\/uploads\/2022\/12\/PXL_20230619_190840808.MP_-scaled.jpg?resize=1320%2C743&amp;ssl=1 1320w, https:\/\/i0.wp.com\/lannelle.com\/wp-content\/uploads\/2022\/12\/PXL_20230619_190840808.MP_-scaled.jpg?resize=600%2C338&amp;ssl=1 600w\" sizes=\"auto, (max-width: 1020px) 100vw, 1020px\" \/><\/a><\/figure><\/div>\n\n\n\n<div class=\"wp-block-column is-layout-flow wp-block-column-is-layout-flow\" style=\"flex-basis:33.33%\"><h2 class=\"wp-block-post-title\"><a href=\"https:\/\/lannelle.com\/ro\/made-to-order\/\" target=\"_self\" >Confectionat la comanda<\/a><\/h2>\n\n<div class=\"wp-block-post-excerpt\"><p class=\"wp-block-post-excerpt__excerpt\">O particulariate a brand-ului 'lannelle' este ca fiecare produs este confectionat la comanda.\nIn momentul in care comanzi unul din articolele 'lannelle' ai posibilitatea de a alege fie una din dimensiunile standard, fie poti opta pentru marime personalizata, dupa dimensiunile corpului tau.. <\/p><\/div><\/div>\n<\/div>\n\n<\/li><\/ul><\/div>","protected":false},"excerpt":{"rendered":"","protected":false},"author":1,"featured_media":0,"parent":0,"menu_order":0,"comment_status":"closed","ping_status":"closed","template":"","meta":{"nf_dc_page":"","footnotes":""},"class_list":["post-1491","page","type-page","status-publish","hentry"],"yoast_head":"<!-- This site is optimized with the Yoast SEO plugin v27.5 - https:\/\/yoast.com\/product\/yoast-seo-wordpress\/ -->\n<title>BLOG - lannelle<\/title>\n<meta name=\"robots\" content=\"index, follow, max-snippet:-1, max-image-preview:large, max-video-preview:-1\" \/>\n<link rel=\"canonical\" href=\"https:\/\/lannelle.com\/ro\/blog\/\" \/>\n<meta property=\"og:locale\" content=\"ro_RO\" \/>\n<meta property=\"og:type\" content=\"article\" \/>\n<meta property=\"og:title\" content=\"BLOG - lannelle\" \/>\n<meta property=\"og:url\" content=\"https:\/\/lannelle.com\/ro\/blog\/\" \/>\n<meta property=\"og:site_name\" content=\"lannelle\" \/>\n<meta property=\"article:modified_time\" content=\"2025-01-07T08:59:27+00:00\" \/>\n<meta name=\"twitter:card\" content=\"summary_large_image\" \/>\n<script type=\"application\/ld+json\" class=\"yoast-schema-graph\">{\"@context\":\"https:\\\/\\\/schema.org\",\"@graph\":[{\"@type\":\"WebPage\",\"@id\":\"https:\\\/\\\/lannelle.com\\\/blog\\\/\",\"url\":\"https:\\\/\\\/lannelle.com\\\/blog\\\/\",\"name\":\"BLOG - lannelle\",\"isPartOf\":{\"@id\":\"https:\\\/\\\/lannelle.com\\\/#website\"},\"datePublished\":\"2025-01-06T19:05:25+00:00\",\"dateModified\":\"2025-01-07T08:59:27+00:00\",\"breadcrumb\":{\"@id\":\"https:\\\/\\\/lannelle.com\\\/blog\\\/#breadcrumb\"},\"inLanguage\":\"ro-RO\",\"potentialAction\":[{\"@type\":\"ReadAction\",\"target\":[\"https:\\\/\\\/lannelle.com\\\/blog\\\/\"]}]},{\"@type\":\"BreadcrumbList\",\"@id\":\"https:\\\/\\\/lannelle.com\\\/blog\\\/#breadcrumb\",\"itemListElement\":[{\"@type\":\"ListItem\",\"position\":1,\"name\":\"Home\",\"item\":\"https:\\\/\\\/lannelle.com\\\/\"},{\"@type\":\"ListItem\",\"position\":2,\"name\":\"BLOG\"}]},{\"@type\":\"WebSite\",\"@id\":\"https:\\\/\\\/lannelle.com\\\/#website\",\"url\":\"https:\\\/\\\/lannelle.com\\\/\",\"name\":\"lannelle\",\"description\":\"FOR YOUR PRECIOUS MOMENTS\",\"publisher\":{\"@id\":\"https:\\\/\\\/lannelle.com\\\/#organization\"},\"potentialAction\":[{\"@type\":\"SearchAction\",\"target\":{\"@type\":\"EntryPoint\",\"urlTemplate\":\"https:\\\/\\\/lannelle.com\\\/?s={search_term_string}\"},\"query-input\":{\"@type\":\"PropertyValueSpecification\",\"valueRequired\":true,\"valueName\":\"search_term_string\"}}],\"inLanguage\":\"ro-RO\"},{\"@type\":\"Organization\",\"@id\":\"https:\\\/\\\/lannelle.com\\\/#organization\",\"name\":\"lannelle\",\"url\":\"https:\\\/\\\/lannelle.com\\\/\",\"logo\":{\"@type\":\"ImageObject\",\"inLanguage\":\"ro-RO\",\"@id\":\"https:\\\/\\\/lannelle.com\\\/#\\\/schema\\\/logo\\\/image\\\/\",\"url\":\"https:\\\/\\\/i0.wp.com\\\/lannelle.com\\\/wp-content\\\/uploads\\\/2026\\\/01\\\/cropped-lannelle-wide-resized-50-1.png?fit=296%2C94&ssl=1\",\"contentUrl\":\"https:\\\/\\\/i0.wp.com\\\/lannelle.com\\\/wp-content\\\/uploads\\\/2026\\\/01\\\/cropped-lannelle-wide-resized-50-1.png?fit=296%2C94&ssl=1\",\"width\":296,\"height\":94,\"caption\":\"lannelle\"},\"image\":{\"@id\":\"https:\\\/\\\/lannelle.com\\\/#\\\/schema\\\/logo\\\/image\\\/\"}}]}<\/script>\n<!-- \/ Yoast SEO plugin. -->","yoast_head_json":{"title":"BLOG - lannelle","robots":{"index":"index","follow":"follow","max-snippet":"max-snippet:-1","max-image-preview":"max-image-preview:large","max-video-preview":"max-video-preview:-1"},"canonical":"https:\/\/lannelle.com\/ro\/blog\/","og_locale":"ro_RO","og_type":"article","og_title":"BLOG - lannelle","og_url":"https:\/\/lannelle.com\/ro\/blog\/","og_site_name":"lannelle","article_modified_time":"2025-01-07T08:59:27+00:00","twitter_card":"summary_large_image","schema":{"@context":"https:\/\/schema.org","@graph":[{"@type":"WebPage","@id":"https:\/\/lannelle.com\/blog\/","url":"https:\/\/lannelle.com\/blog\/","name":"BLOG - lannelle","isPartOf":{"@id":"https:\/\/lannelle.com\/#website"},"datePublished":"2025-01-06T19:05:25+00:00","dateModified":"2025-01-07T08:59:27+00:00","breadcrumb":{"@id":"https:\/\/lannelle.com\/blog\/#breadcrumb"},"inLanguage":"ro-RO","potentialAction":[{"@type":"ReadAction","target":["https:\/\/lannelle.com\/blog\/"]}]},{"@type":"BreadcrumbList","@id":"https:\/\/lannelle.com\/blog\/#breadcrumb","itemListElement":[{"@type":"ListItem","position":1,"name":"Home","item":"https:\/\/lannelle.com\/"},{"@type":"ListItem","position":2,"name":"BLOG"}]},{"@type":"WebSite","@id":"https:\/\/lannelle.com\/#website","url":"https:\/\/lannelle.com\/","name":"lannelle","description":"FOR YOUR PRECIOUS MOMENTS","publisher":{"@id":"https:\/\/lannelle.com\/#organization"},"potentialAction":[{"@type":"SearchAction","target":{"@type":"EntryPoint","urlTemplate":"https:\/\/lannelle.com\/?s={search_term_string}"},"query-input":{"@type":"PropertyValueSpecification","valueRequired":true,"valueName":"search_term_string"}}],"inLanguage":"ro-RO"},{"@type":"Organization","@id":"https:\/\/lannelle.com\/#organization","name":"lannelle","url":"https:\/\/lannelle.com\/","logo":{"@type":"ImageObject","inLanguage":"ro-RO","@id":"https:\/\/lannelle.com\/#\/schema\/logo\/image\/","url":"https:\/\/i0.wp.com\/lannelle.com\/wp-content\/uploads\/2026\/01\/cropped-lannelle-wide-resized-50-1.png?fit=296%2C94&ssl=1","contentUrl":"https:\/\/i0.wp.com\/lannelle.com\/wp-content\/uploads\/2026\/01\/cropped-lannelle-wide-resized-50-1.png?fit=296%2C94&ssl=1","width":296,"height":94,"caption":"lannelle"},"image":{"@id":"https:\/\/lannelle.com\/#\/schema\/logo\/image\/"}}]}},"jetpack_sharing_enabled":true,"_links":{"self":[{"href":"https:\/\/lannelle.com\/ro\/wp-json\/wp\/v2\/pages\/1491","targetHints":{"allow":["GET"]}}],"collection":[{"href":"https:\/\/lannelle.com\/ro\/wp-json\/wp\/v2\/pages"}],"about":[{"href":"https:\/\/lannelle.com\/ro\/wp-json\/wp\/v2\/types\/page"}],"author":[{"embeddable":true,"href":"https:\/\/lannelle.com\/ro\/wp-json\/wp\/v2\/users\/1"}],"replies":[{"embeddable":true,"href":"https:\/\/lannelle.com\/ro\/wp-json\/wp\/v2\/comments?post=1491"}],"version-history":[{"count":6,"href":"https:\/\/lannelle.com\/ro\/wp-json\/wp\/v2\/pages\/1491\/revisions"}],"predecessor-version":[{"id":1505,"href":"https:\/\/lannelle.com\/ro\/wp-json\/wp\/v2\/pages\/1491\/revisions\/1505"}],"wp:attachment":[{"href":"https:\/\/lannelle.com\/ro\/wp-json\/wp\/v2\/media?parent=1491"}],"curies":[{"name":"wp","href":"https:\/\/api.w.org\/{rel}","templated":true}]}}