{"id":34,"date":"2022-10-11T07:05:41","date_gmt":"2022-10-11T07:05:41","guid":{"rendered":"https:\/\/pna.gkq.mybluehost.me\/?page_id=34"},"modified":"2026-01-04T19:32:03","modified_gmt":"2026-01-04T19:32:03","slug":"about","status":"publish","type":"page","link":"https:\/\/lannelle.com\/ro\/about\/","title":{"rendered":"DESPRE lannelle"},"content":{"rendered":"<p class=\"translation-block\"><strong>Lannelle este un brand de lenjerie intim\u0103 luxury, realizat\u0103 la comand\u0103, creat\u0103 pentru a celebra feminitatea in forma ei cea mai autentica.<\/strong><br> Conceput pentru femeile care apreciaz\u0103 rafinamentul \u0219i frumuse\u021bea atemporal\u0103, Lannelle ofer\u0103 lenjerie intim\u0103 lucrat\u0103 manual, kimono-uri din m\u0103tase \u0219i piese feminine care transform\u0103 at\u00e2t momentele intime, c\u00e2t \u0219i pe cele de zi cu zi.<\/p>\n\n\n\n<p class=\"\">Fiecare pies\u0103 este realizat\u0103 individual, din materiale premium precum dantel\u0103 fin\u0103, tulle delicat, satin \u0219i m\u0103tase natural\u0103. Designul atent \u0219i execu\u021bia precis\u0103 asigur\u0103 confort, o potrivire armonioas\u0103 \u0219i o senza\u021bie subtil\u0103 de senzualitate pe corp.<\/p>\n\n\n\n<p class=\"translation-block\">Numele <strong>Lannelle<\/strong> reflect\u0103 esen\u021ba brandului \u2014 feminitate, rafinament \u0219i gra\u021bie. Este inspirat din semnifica\u021bia prenumelor \u201elanelle\u201d (care simbolizeaz\u0103 pre\u021bios) \u0219i \u201eanne\u201d (asociat cu elegan\u021ba \u0219i delicate\u021bea), completat de pronumele feminin \"elle\".<\/p>\n\n\n\n<div class=\"wp-block-media-text is-stacked-on-mobile\" style=\"grid-template-columns:15% auto\"><figure class=\"wp-block-media-text__media\"><img data-recalc-dims=\"1\" loading=\"lazy\" decoding=\"async\" width=\"576\" height=\"1024\" src=\"https:\/\/i0.wp.com\/lannelle.com\/wp-content\/uploads\/2025\/01\/PXL_20240905_131842823.PORTRAIT.jpg?resize=576%2C1024&#038;ssl=1\" alt=\"\" class=\"wp-image-1463 size-full\" srcset=\"https:\/\/i0.wp.com\/lannelle.com\/wp-content\/uploads\/2025\/01\/PXL_20240905_131842823.PORTRAIT-scaled.jpg?resize=576%2C1024&amp;ssl=1 576w, https:\/\/i0.wp.com\/lannelle.com\/wp-content\/uploads\/2025\/01\/PXL_20240905_131842823.PORTRAIT-scaled.jpg?resize=169%2C300&amp;ssl=1 169w, https:\/\/i0.wp.com\/lannelle.com\/wp-content\/uploads\/2025\/01\/PXL_20240905_131842823.PORTRAIT-scaled.jpg?resize=768%2C1365&amp;ssl=1 768w, https:\/\/i0.wp.com\/lannelle.com\/wp-content\/uploads\/2025\/01\/PXL_20240905_131842823.PORTRAIT-scaled.jpg?resize=864%2C1536&amp;ssl=1 864w, https:\/\/i0.wp.com\/lannelle.com\/wp-content\/uploads\/2025\/01\/PXL_20240905_131842823.PORTRAIT-scaled.jpg?w=1440&amp;ssl=1 1440w\" sizes=\"auto, (max-width: 576px) 100vw, 576px\" \/><\/figure><div class=\"wp-block-media-text__content\">\n<p class=\"translation-block\"><em>\u2018\u00centotdeauna m-a fascinat delicate\u021bea lenjeriei intime \u0219i \u00eencrederea pe care mi-o ofer\u0103. Lenjeria a fost primul element care m-a ajutat s\u0103 \u00eemi \u00eembr\u0103\u021bi\u0219ez feminitatea \u0219i s\u0103 \u00eemi descop\u0103r frumuse\u021bea. Este o stare profund personal\u0103 \u0219i pre\u021bioas\u0103 \u2014 una pe care \u00eemi doresc ca fiecare femeie s\u0103 o tr\u0103iasc\u0103 purt\u00e2nd Lannelle.\u2019 <\/em>(Larisa Grosu, Founder &amp; Designer Lannelle)<\/p>\n<\/div><\/div>\n\n\n\n<p class=\"translation-block\">La Lannelle, fiecare crea\u021bie este realizat\u0103 la <\/strong>comand\u0103<\/strong>, adaptat\u0103 m\u0103surilor \u0219i dorin\u021belor clientei, pentru a oferi o experien\u021b\u0103 intim\u0103 \u0219i personalizat\u0103. Acest proces permite fiec\u0103rei femei s\u0103 se simt\u0103 v\u0103zut\u0103, \u00eencrez\u0103toare \u0219i autentic\u0103.<\/p>\n\n\n\n<p class=\"translation-block\">Dedicat modei sustenabile, Lannelle produce exclusiv la comand\u0103 \u0219i \u00een serii limitate, reduc\u00e2nd risipa \u0219i pun\u00e2nd accent pe calitate \u0219i aten\u021bie la detalii.<\/p>\n\n\n\n<p class=\"\">Lannelle nu este doar un brand de lenjerie intim\u0103 \u2014 este o invita\u021bie de a tr\u0103i feminitatea cu elegan\u021b\u0103, delicate\u021be \u0219i \u00eencredere.<\/p>\n\n\n\n<p class=\"\"><a href=\"https:\/\/lannelle.com\/ro\/shop\/\">Descopera colectiile <\/a><\/p>\n\n\n\n<figure class=\"wp-block-gallery has-nested-images columns-default is-cropped wp-block-gallery-1 is-layout-flex wp-block-gallery-is-layout-flex\">\n<figure class=\"wp-block-image size-large\"><img data-recalc-dims=\"1\" loading=\"lazy\" decoding=\"async\" width=\"683\" height=\"1024\" data-id=\"1702\" src=\"https:\/\/i0.wp.com\/lannelle.com\/wp-content\/uploads\/2025\/11\/SMH_f1178.jpg?resize=683%2C1024&#038;ssl=1\" alt=\"\" class=\"wp-image-1702\" srcset=\"https:\/\/i0.wp.com\/lannelle.com\/wp-content\/uploads\/2025\/11\/SMH_f1178-scaled.jpg?resize=683%2C1024&amp;ssl=1 683w, https:\/\/i0.wp.com\/lannelle.com\/wp-content\/uploads\/2025\/11\/SMH_f1178-scaled.jpg?resize=200%2C300&amp;ssl=1 200w, https:\/\/i0.wp.com\/lannelle.com\/wp-content\/uploads\/2025\/11\/SMH_f1178-scaled.jpg?resize=768%2C1152&amp;ssl=1 768w, https:\/\/i0.wp.com\/lannelle.com\/wp-content\/uploads\/2025\/11\/SMH_f1178-scaled.jpg?resize=1024%2C1536&amp;ssl=1 1024w, https:\/\/i0.wp.com\/lannelle.com\/wp-content\/uploads\/2025\/11\/SMH_f1178-scaled.jpg?resize=1365%2C2048&amp;ssl=1 1365w, https:\/\/i0.wp.com\/lannelle.com\/wp-content\/uploads\/2025\/11\/SMH_f1178-scaled.jpg?resize=8%2C12&amp;ssl=1 8w, https:\/\/i0.wp.com\/lannelle.com\/wp-content\/uploads\/2025\/11\/SMH_f1178-scaled.jpg?resize=1320%2C1980&amp;ssl=1 1320w, https:\/\/i0.wp.com\/lannelle.com\/wp-content\/uploads\/2025\/11\/SMH_f1178-scaled.jpg?resize=300%2C450&amp;ssl=1 300w, https:\/\/i0.wp.com\/lannelle.com\/wp-content\/uploads\/2025\/11\/SMH_f1178-scaled.jpg?resize=600%2C900&amp;ssl=1 600w, https:\/\/i0.wp.com\/lannelle.com\/wp-content\/uploads\/2025\/11\/SMH_f1178-scaled.jpg?w=1707&amp;ssl=1 1707w\" sizes=\"auto, (max-width: 683px) 100vw, 683px\" \/><\/figure>\n\n\n\n<figure class=\"wp-block-image size-large\"><img data-recalc-dims=\"1\" loading=\"lazy\" decoding=\"async\" width=\"683\" height=\"1024\" data-id=\"1701\" src=\"https:\/\/i0.wp.com\/lannelle.com\/wp-content\/uploads\/2025\/11\/SMH_f1173.jpg?resize=683%2C1024&#038;ssl=1\" alt=\"\" class=\"wp-image-1701\" srcset=\"https:\/\/i0.wp.com\/lannelle.com\/wp-content\/uploads\/2025\/11\/SMH_f1173-scaled.jpg?resize=683%2C1024&amp;ssl=1 683w, https:\/\/i0.wp.com\/lannelle.com\/wp-content\/uploads\/2025\/11\/SMH_f1173-scaled.jpg?resize=200%2C300&amp;ssl=1 200w, https:\/\/i0.wp.com\/lannelle.com\/wp-content\/uploads\/2025\/11\/SMH_f1173-scaled.jpg?resize=768%2C1152&amp;ssl=1 768w, https:\/\/i0.wp.com\/lannelle.com\/wp-content\/uploads\/2025\/11\/SMH_f1173-scaled.jpg?resize=1024%2C1536&amp;ssl=1 1024w, https:\/\/i0.wp.com\/lannelle.com\/wp-content\/uploads\/2025\/11\/SMH_f1173-scaled.jpg?resize=1365%2C2048&amp;ssl=1 1365w, https:\/\/i0.wp.com\/lannelle.com\/wp-content\/uploads\/2025\/11\/SMH_f1173-scaled.jpg?resize=8%2C12&amp;ssl=1 8w, https:\/\/i0.wp.com\/lannelle.com\/wp-content\/uploads\/2025\/11\/SMH_f1173-scaled.jpg?resize=1320%2C1980&amp;ssl=1 1320w, https:\/\/i0.wp.com\/lannelle.com\/wp-content\/uploads\/2025\/11\/SMH_f1173-scaled.jpg?resize=300%2C450&amp;ssl=1 300w, https:\/\/i0.wp.com\/lannelle.com\/wp-content\/uploads\/2025\/11\/SMH_f1173-scaled.jpg?resize=600%2C900&amp;ssl=1 600w, https:\/\/i0.wp.com\/lannelle.com\/wp-content\/uploads\/2025\/11\/SMH_f1173-scaled.jpg?w=1707&amp;ssl=1 1707w\" sizes=\"auto, (max-width: 683px) 100vw, 683px\" \/><\/figure>\n\n\n\n<figure class=\"wp-block-image size-large\"><img data-recalc-dims=\"1\" loading=\"lazy\" decoding=\"async\" width=\"683\" height=\"1024\" data-id=\"1687\" src=\"https:\/\/i0.wp.com\/lannelle.com\/wp-content\/uploads\/2025\/11\/SMH_1070.jpg?resize=683%2C1024&#038;ssl=1\" alt=\"\" class=\"wp-image-1687\" srcset=\"https:\/\/i0.wp.com\/lannelle.com\/wp-content\/uploads\/2025\/11\/SMH_1070-scaled.jpg?resize=683%2C1024&amp;ssl=1 683w, https:\/\/i0.wp.com\/lannelle.com\/wp-content\/uploads\/2025\/11\/SMH_1070-scaled.jpg?resize=200%2C300&amp;ssl=1 200w, https:\/\/i0.wp.com\/lannelle.com\/wp-content\/uploads\/2025\/11\/SMH_1070-scaled.jpg?resize=768%2C1152&amp;ssl=1 768w, https:\/\/i0.wp.com\/lannelle.com\/wp-content\/uploads\/2025\/11\/SMH_1070-scaled.jpg?resize=1024%2C1536&amp;ssl=1 1024w, https:\/\/i0.wp.com\/lannelle.com\/wp-content\/uploads\/2025\/11\/SMH_1070-scaled.jpg?resize=1365%2C2048&amp;ssl=1 1365w, https:\/\/i0.wp.com\/lannelle.com\/wp-content\/uploads\/2025\/11\/SMH_1070-scaled.jpg?resize=8%2C12&amp;ssl=1 8w, https:\/\/i0.wp.com\/lannelle.com\/wp-content\/uploads\/2025\/11\/SMH_1070-scaled.jpg?resize=1320%2C1980&amp;ssl=1 1320w, https:\/\/i0.wp.com\/lannelle.com\/wp-content\/uploads\/2025\/11\/SMH_1070-scaled.jpg?resize=300%2C450&amp;ssl=1 300w, https:\/\/i0.wp.com\/lannelle.com\/wp-content\/uploads\/2025\/11\/SMH_1070-scaled.jpg?resize=600%2C900&amp;ssl=1 600w, https:\/\/i0.wp.com\/lannelle.com\/wp-content\/uploads\/2025\/11\/SMH_1070-scaled.jpg?w=1707&amp;ssl=1 1707w\" sizes=\"auto, (max-width: 683px) 100vw, 683px\" \/><\/figure>\n<\/figure>","protected":false},"excerpt":{"rendered":"<p>Lannelle is a luxury made-to-order lingerie and delicate wear brand, created to celebrate femininity, elegance, and confidence.Designed for women who appreciate refined aesthetics and timeless beauty, Lannelle offers handcrafted lingerie, silk kimonos, and feminine garments that elevate both intimate and everyday moments. Each piece is individually crafted using premium fabrics such as fine lace, soft &hellip; <\/p>","protected":false},"author":1,"featured_media":0,"parent":0,"menu_order":0,"comment_status":"closed","ping_status":"closed","template":"","meta":{"nf_dc_page":"","footnotes":""},"class_list":["post-34","page","type-page","status-publish","hentry"],"yoast_head":"<!-- This site is optimized with the Yoast SEO plugin v27.5 - https:\/\/yoast.com\/product\/yoast-seo-wordpress\/ -->\n<title>ABOUT lannelle - lannelle<\/title>\n<meta name=\"robots\" content=\"index, follow, max-snippet:-1, max-image-preview:large, max-video-preview:-1\" \/>\n<link rel=\"canonical\" href=\"https:\/\/lannelle.com\/ro\/about\/\" \/>\n<meta property=\"og:locale\" content=\"ro_RO\" \/>\n<meta property=\"og:type\" content=\"article\" \/>\n<meta property=\"og:title\" content=\"ABOUT lannelle - lannelle\" \/>\n<meta property=\"og:description\" content=\"Lannelle is a luxury made-to-order lingerie and delicate wear brand, created to celebrate femininity, elegance, and confidence.Designed for women who appreciate refined aesthetics and timeless beauty, Lannelle offers handcrafted lingerie, silk kimonos, and feminine garments that elevate both intimate and everyday moments. Each piece is individually crafted using premium fabrics such as fine lace, soft &hellip;\" \/>\n<meta property=\"og:url\" content=\"https:\/\/lannelle.com\/ro\/about\/\" \/>\n<meta property=\"og:site_name\" content=\"lannelle\" \/>\n<meta property=\"article:modified_time\" content=\"2026-01-04T19:32:03+00:00\" \/>\n<meta property=\"og:image\" content=\"https:\/\/lannelle.com\/wp-content\/uploads\/2025\/01\/PXL_20240905_131842823.PORTRAIT-576x1024.jpg\" \/>\n<meta name=\"twitter:card\" content=\"summary_large_image\" \/>\n<meta name=\"twitter:label1\" content=\"Timp estimat pentru citire\" \/>\n\t<meta name=\"twitter:data1\" content=\"2 minute\" \/>\n<script type=\"application\/ld+json\" class=\"yoast-schema-graph\">{\"@context\":\"https:\\\/\\\/schema.org\",\"@graph\":[{\"@type\":\"WebPage\",\"@id\":\"https:\\\/\\\/lannelle.com\\\/about\\\/\",\"url\":\"https:\\\/\\\/lannelle.com\\\/about\\\/\",\"name\":\"ABOUT lannelle - lannelle\",\"isPartOf\":{\"@id\":\"https:\\\/\\\/lannelle.com\\\/#website\"},\"primaryImageOfPage\":{\"@id\":\"https:\\\/\\\/lannelle.com\\\/about\\\/#primaryimage\"},\"image\":{\"@id\":\"https:\\\/\\\/lannelle.com\\\/about\\\/#primaryimage\"},\"thumbnailUrl\":\"https:\\\/\\\/lannelle.com\\\/wp-content\\\/uploads\\\/2025\\\/01\\\/PXL_20240905_131842823.PORTRAIT-576x1024.jpg\",\"datePublished\":\"2022-10-11T07:05:41+00:00\",\"dateModified\":\"2026-01-04T19:32:03+00:00\",\"breadcrumb\":{\"@id\":\"https:\\\/\\\/lannelle.com\\\/about\\\/#breadcrumb\"},\"inLanguage\":\"ro-RO\",\"potentialAction\":[{\"@type\":\"ReadAction\",\"target\":[\"https:\\\/\\\/lannelle.com\\\/about\\\/\"]}]},{\"@type\":\"ImageObject\",\"inLanguage\":\"ro-RO\",\"@id\":\"https:\\\/\\\/lannelle.com\\\/about\\\/#primaryimage\",\"url\":\"https:\\\/\\\/lannelle.com\\\/wp-content\\\/uploads\\\/2025\\\/01\\\/PXL_20240905_131842823.PORTRAIT-576x1024.jpg\",\"contentUrl\":\"https:\\\/\\\/lannelle.com\\\/wp-content\\\/uploads\\\/2025\\\/01\\\/PXL_20240905_131842823.PORTRAIT-576x1024.jpg\"},{\"@type\":\"BreadcrumbList\",\"@id\":\"https:\\\/\\\/lannelle.com\\\/about\\\/#breadcrumb\",\"itemListElement\":[{\"@type\":\"ListItem\",\"position\":1,\"name\":\"Home\",\"item\":\"https:\\\/\\\/lannelle.com\\\/\"},{\"@type\":\"ListItem\",\"position\":2,\"name\":\"ABOUT lannelle\"}]},{\"@type\":\"WebSite\",\"@id\":\"https:\\\/\\\/lannelle.com\\\/#website\",\"url\":\"https:\\\/\\\/lannelle.com\\\/\",\"name\":\"lannelle\",\"description\":\"FOR YOUR PRECIOUS MOMENTS\",\"publisher\":{\"@id\":\"https:\\\/\\\/lannelle.com\\\/#organization\"},\"potentialAction\":[{\"@type\":\"SearchAction\",\"target\":{\"@type\":\"EntryPoint\",\"urlTemplate\":\"https:\\\/\\\/lannelle.com\\\/?s={search_term_string}\"},\"query-input\":{\"@type\":\"PropertyValueSpecification\",\"valueRequired\":true,\"valueName\":\"search_term_string\"}}],\"inLanguage\":\"ro-RO\"},{\"@type\":\"Organization\",\"@id\":\"https:\\\/\\\/lannelle.com\\\/#organization\",\"name\":\"lannelle\",\"url\":\"https:\\\/\\\/lannelle.com\\\/\",\"logo\":{\"@type\":\"ImageObject\",\"inLanguage\":\"ro-RO\",\"@id\":\"https:\\\/\\\/lannelle.com\\\/#\\\/schema\\\/logo\\\/image\\\/\",\"url\":\"https:\\\/\\\/i0.wp.com\\\/lannelle.com\\\/wp-content\\\/uploads\\\/2026\\\/01\\\/cropped-lannelle-wide-resized-50-1.png?fit=296%2C94&ssl=1\",\"contentUrl\":\"https:\\\/\\\/i0.wp.com\\\/lannelle.com\\\/wp-content\\\/uploads\\\/2026\\\/01\\\/cropped-lannelle-wide-resized-50-1.png?fit=296%2C94&ssl=1\",\"width\":296,\"height\":94,\"caption\":\"lannelle\"},\"image\":{\"@id\":\"https:\\\/\\\/lannelle.com\\\/#\\\/schema\\\/logo\\\/image\\\/\"}}]}<\/script>\n<!-- \/ Yoast SEO plugin. -->","yoast_head_json":{"title":"ABOUT lannelle - lannelle","robots":{"index":"index","follow":"follow","max-snippet":"max-snippet:-1","max-image-preview":"max-image-preview:large","max-video-preview":"max-video-preview:-1"},"canonical":"https:\/\/lannelle.com\/ro\/about\/","og_locale":"ro_RO","og_type":"article","og_title":"ABOUT lannelle - lannelle","og_description":"Lannelle is a luxury made-to-order lingerie and delicate wear brand, created to celebrate femininity, elegance, and confidence.Designed for women who appreciate refined aesthetics and timeless beauty, Lannelle offers handcrafted lingerie, silk kimonos, and feminine garments that elevate both intimate and everyday moments. Each piece is individually crafted using premium fabrics such as fine lace, soft &hellip;","og_url":"https:\/\/lannelle.com\/ro\/about\/","og_site_name":"lannelle","article_modified_time":"2026-01-04T19:32:03+00:00","og_image":[{"url":"https:\/\/lannelle.com\/wp-content\/uploads\/2025\/01\/PXL_20240905_131842823.PORTRAIT-576x1024.jpg","type":"","width":"","height":""}],"twitter_card":"summary_large_image","twitter_misc":{"Timp estimat pentru citire":"2 minute"},"schema":{"@context":"https:\/\/schema.org","@graph":[{"@type":"WebPage","@id":"https:\/\/lannelle.com\/about\/","url":"https:\/\/lannelle.com\/about\/","name":"ABOUT lannelle - lannelle","isPartOf":{"@id":"https:\/\/lannelle.com\/#website"},"primaryImageOfPage":{"@id":"https:\/\/lannelle.com\/about\/#primaryimage"},"image":{"@id":"https:\/\/lannelle.com\/about\/#primaryimage"},"thumbnailUrl":"https:\/\/lannelle.com\/wp-content\/uploads\/2025\/01\/PXL_20240905_131842823.PORTRAIT-576x1024.jpg","datePublished":"2022-10-11T07:05:41+00:00","dateModified":"2026-01-04T19:32:03+00:00","breadcrumb":{"@id":"https:\/\/lannelle.com\/about\/#breadcrumb"},"inLanguage":"ro-RO","potentialAction":[{"@type":"ReadAction","target":["https:\/\/lannelle.com\/about\/"]}]},{"@type":"ImageObject","inLanguage":"ro-RO","@id":"https:\/\/lannelle.com\/about\/#primaryimage","url":"https:\/\/lannelle.com\/wp-content\/uploads\/2025\/01\/PXL_20240905_131842823.PORTRAIT-576x1024.jpg","contentUrl":"https:\/\/lannelle.com\/wp-content\/uploads\/2025\/01\/PXL_20240905_131842823.PORTRAIT-576x1024.jpg"},{"@type":"BreadcrumbList","@id":"https:\/\/lannelle.com\/about\/#breadcrumb","itemListElement":[{"@type":"ListItem","position":1,"name":"Home","item":"https:\/\/lannelle.com\/"},{"@type":"ListItem","position":2,"name":"ABOUT lannelle"}]},{"@type":"WebSite","@id":"https:\/\/lannelle.com\/#website","url":"https:\/\/lannelle.com\/","name":"lannelle","description":"FOR YOUR PRECIOUS MOMENTS","publisher":{"@id":"https:\/\/lannelle.com\/#organization"},"potentialAction":[{"@type":"SearchAction","target":{"@type":"EntryPoint","urlTemplate":"https:\/\/lannelle.com\/?s={search_term_string}"},"query-input":{"@type":"PropertyValueSpecification","valueRequired":true,"valueName":"search_term_string"}}],"inLanguage":"ro-RO"},{"@type":"Organization","@id":"https:\/\/lannelle.com\/#organization","name":"lannelle","url":"https:\/\/lannelle.com\/","logo":{"@type":"ImageObject","inLanguage":"ro-RO","@id":"https:\/\/lannelle.com\/#\/schema\/logo\/image\/","url":"https:\/\/i0.wp.com\/lannelle.com\/wp-content\/uploads\/2026\/01\/cropped-lannelle-wide-resized-50-1.png?fit=296%2C94&ssl=1","contentUrl":"https:\/\/i0.wp.com\/lannelle.com\/wp-content\/uploads\/2026\/01\/cropped-lannelle-wide-resized-50-1.png?fit=296%2C94&ssl=1","width":296,"height":94,"caption":"lannelle"},"image":{"@id":"https:\/\/lannelle.com\/#\/schema\/logo\/image\/"}}]}},"jetpack_sharing_enabled":true,"_links":{"self":[{"href":"https:\/\/lannelle.com\/ro\/wp-json\/wp\/v2\/pages\/34","targetHints":{"allow":["GET"]}}],"collection":[{"href":"https:\/\/lannelle.com\/ro\/wp-json\/wp\/v2\/pages"}],"about":[{"href":"https:\/\/lannelle.com\/ro\/wp-json\/wp\/v2\/types\/page"}],"author":[{"embeddable":true,"href":"https:\/\/lannelle.com\/ro\/wp-json\/wp\/v2\/users\/1"}],"replies":[{"embeddable":true,"href":"https:\/\/lannelle.com\/ro\/wp-json\/wp\/v2\/comments?post=34"}],"version-history":[{"count":19,"href":"https:\/\/lannelle.com\/ro\/wp-json\/wp\/v2\/pages\/34\/revisions"}],"predecessor-version":[{"id":1807,"href":"https:\/\/lannelle.com\/ro\/wp-json\/wp\/v2\/pages\/34\/revisions\/1807"}],"wp:attachment":[{"href":"https:\/\/lannelle.com\/ro\/wp-json\/wp\/v2\/media?parent=34"}],"curies":[{"name":"wp","href":"https:\/\/api.w.org\/{rel}","templated":true}]}}