{"id":446,"date":"2022-12-12T18:36:41","date_gmt":"2022-12-12T18:36:41","guid":{"rendered":"https:\/\/lannelle.com\/?page_id=446"},"modified":"2025-06-08T18:21:14","modified_gmt":"2025-06-08T18:21:14","slug":"payment-methods","status":"publish","type":"page","link":"https:\/\/lannelle.com\/ro\/payment-methods\/","title":{"rendered":"Metode de plata"},"content":{"rendered":"<p class=\"\"><strong>Plata online<\/strong><br>In cazul in care optati pentru plata online, aceasta poate fi efectuata cu cardul personal sau cardul firmei dumneavoastra, in conditii de siguranta deplina. <\/p>\n\n\n\n<p class=\"\">Magazinul online lannelle.com foloseste pentru tranzactiile online serviciile Plationline.ro.<\/p>\n\n\n\n<p class=\"\">Siguranta informatiilor dumneavoastr\u0103 este garantata de faptul ca PlatiOnline nu stocheaza datele confidentiale ale cardului dvs, ci le trimite criptat pe o conexiune securizata catre banca procesatoare. In acest fel informatiile dumneavoastr\u0103 sunt in siguranta.<\/p>\n\n\n\n<p class=\"\">Cardurile acceptate la plata sunt cele emise sub siglele VISA (Classic si Electron) si MASTERCARD (inclusiv Maestro, daca au cod CVV2\/CVC2 ). <\/p>\n\n\n\n<p class=\"\">Nu este perceput niciun comision suplimentar pentru tranzactii.<\/p>\n\n\n\n<p class=\"\">Indiferent de valuta pe care o aveti in cont, tranzactiile se fac in lei, la cursul de schimb al bancii dumneavoastra.<\/p>\n\n\n\n<p class=\"\">Pentru platile cu card bancar, tranzactia va aparea pe extrasul de cont al clientului platitor ca LANNELLE MOMENT SRL.<\/p>\n\n\n\n<p class=\"\">\u00cen cazul \u00een care dori\u021bi s\u0103 anula\u021bi comanda sau s\u0103 returna\u021bi un produs conform politicii de retur, contravaloarea acestuia va fi rambursat\u0103 \u00een contul din care a fost efectuat\u0103 plata, \u00een maximum 14 zile de la recep\u021bionarea returului.<\/p>\n\n\n\n<p class=\"\"><strong>Transfer direct in cont<\/strong><\/p>\n\n\n\n<p class=\"\">Detaliile contului bancar in care se pot transfera banii pentru produsele comandate:<\/p>\n\n\n\n<p class=\"\">Titular: LANNELLE MOMENT SRL<br>IBAN: RO93BTRLRONCRT0664272801<br>Moned\u0103: RON<br>Cod Swift: BTRLRO22<br>CUI: 47182260<\/p>","protected":false},"excerpt":{"rendered":"<p>Plata onlineIn cazul in care optati pentru plata online, aceasta poate fi efectuata cu cardul personal sau cardul firmei dumneavoastra, in conditii de siguranta deplina. Magazinul online lannelle.com foloseste pentru tranzactiile online serviciile Plationline.ro. Siguranta informatiilor dumneavoastr\u0103 este garantata de faptul ca PlatiOnline nu stocheaza datele confidentiale ale cardului dvs, ci le trimite criptat pe &hellip; <\/p>","protected":false},"author":1,"featured_media":0,"parent":0,"menu_order":0,"comment_status":"closed","ping_status":"closed","template":"","meta":{"nf_dc_page":"","footnotes":""},"class_list":["post-446","page","type-page","status-publish","hentry"],"yoast_head":"<!-- This site is optimized with the Yoast SEO plugin v27.5 - https:\/\/yoast.com\/product\/yoast-seo-wordpress\/ -->\n<title>Payment methods - lannelle<\/title>\n<meta name=\"robots\" content=\"index, follow, max-snippet:-1, max-image-preview:large, max-video-preview:-1\" \/>\n<link rel=\"canonical\" href=\"https:\/\/lannelle.com\/ro\/payment-methods\/\" \/>\n<meta property=\"og:locale\" content=\"ro_RO\" \/>\n<meta property=\"og:type\" content=\"article\" \/>\n<meta property=\"og:title\" content=\"Payment methods - lannelle\" \/>\n<meta property=\"og:description\" content=\"Plata onlineIn cazul in care optati pentru plata online, aceasta poate fi efectuata cu cardul personal sau cardul firmei dumneavoastra, in conditii de siguranta deplina. Magazinul online lannelle.com foloseste pentru tranzactiile online serviciile Plationline.ro. Siguranta informatiilor dumneavoastr\u0103 este garantata de faptul ca PlatiOnline nu stocheaza datele confidentiale ale cardului dvs, ci le trimite criptat pe &hellip;\" \/>\n<meta property=\"og:url\" content=\"https:\/\/lannelle.com\/ro\/payment-methods\/\" \/>\n<meta property=\"og:site_name\" content=\"lannelle\" \/>\n<meta property=\"article:modified_time\" content=\"2025-06-08T18:21:14+00:00\" \/>\n<meta name=\"twitter:card\" content=\"summary_large_image\" \/>\n<meta name=\"twitter:label1\" content=\"Timp estimat pentru citire\" \/>\n\t<meta name=\"twitter:data1\" content=\"1 minut\" \/>\n<script type=\"application\/ld+json\" class=\"yoast-schema-graph\">{\"@context\":\"https:\\\/\\\/schema.org\",\"@graph\":[{\"@type\":\"WebPage\",\"@id\":\"https:\\\/\\\/lannelle.com\\\/payment-methods\\\/\",\"url\":\"https:\\\/\\\/lannelle.com\\\/payment-methods\\\/\",\"name\":\"Payment methods - lannelle\",\"isPartOf\":{\"@id\":\"https:\\\/\\\/lannelle.com\\\/#website\"},\"datePublished\":\"2022-12-12T18:36:41+00:00\",\"dateModified\":\"2025-06-08T18:21:14+00:00\",\"breadcrumb\":{\"@id\":\"https:\\\/\\\/lannelle.com\\\/payment-methods\\\/#breadcrumb\"},\"inLanguage\":\"ro-RO\",\"potentialAction\":[{\"@type\":\"ReadAction\",\"target\":[\"https:\\\/\\\/lannelle.com\\\/payment-methods\\\/\"]}]},{\"@type\":\"BreadcrumbList\",\"@id\":\"https:\\\/\\\/lannelle.com\\\/payment-methods\\\/#breadcrumb\",\"itemListElement\":[{\"@type\":\"ListItem\",\"position\":1,\"name\":\"Home\",\"item\":\"https:\\\/\\\/lannelle.com\\\/\"},{\"@type\":\"ListItem\",\"position\":2,\"name\":\"Payment methods\"}]},{\"@type\":\"WebSite\",\"@id\":\"https:\\\/\\\/lannelle.com\\\/#website\",\"url\":\"https:\\\/\\\/lannelle.com\\\/\",\"name\":\"lannelle\",\"description\":\"FOR YOUR PRECIOUS MOMENTS\",\"publisher\":{\"@id\":\"https:\\\/\\\/lannelle.com\\\/#organization\"},\"potentialAction\":[{\"@type\":\"SearchAction\",\"target\":{\"@type\":\"EntryPoint\",\"urlTemplate\":\"https:\\\/\\\/lannelle.com\\\/?s={search_term_string}\"},\"query-input\":{\"@type\":\"PropertyValueSpecification\",\"valueRequired\":true,\"valueName\":\"search_term_string\"}}],\"inLanguage\":\"ro-RO\"},{\"@type\":\"Organization\",\"@id\":\"https:\\\/\\\/lannelle.com\\\/#organization\",\"name\":\"lannelle\",\"url\":\"https:\\\/\\\/lannelle.com\\\/\",\"logo\":{\"@type\":\"ImageObject\",\"inLanguage\":\"ro-RO\",\"@id\":\"https:\\\/\\\/lannelle.com\\\/#\\\/schema\\\/logo\\\/image\\\/\",\"url\":\"https:\\\/\\\/i0.wp.com\\\/lannelle.com\\\/wp-content\\\/uploads\\\/2026\\\/01\\\/cropped-lannelle-wide-resized-50-1.png?fit=296%2C94&ssl=1\",\"contentUrl\":\"https:\\\/\\\/i0.wp.com\\\/lannelle.com\\\/wp-content\\\/uploads\\\/2026\\\/01\\\/cropped-lannelle-wide-resized-50-1.png?fit=296%2C94&ssl=1\",\"width\":296,\"height\":94,\"caption\":\"lannelle\"},\"image\":{\"@id\":\"https:\\\/\\\/lannelle.com\\\/#\\\/schema\\\/logo\\\/image\\\/\"}}]}<\/script>\n<!-- \/ Yoast SEO plugin. -->","yoast_head_json":{"title":"Payment methods - lannelle","robots":{"index":"index","follow":"follow","max-snippet":"max-snippet:-1","max-image-preview":"max-image-preview:large","max-video-preview":"max-video-preview:-1"},"canonical":"https:\/\/lannelle.com\/ro\/payment-methods\/","og_locale":"ro_RO","og_type":"article","og_title":"Payment methods - lannelle","og_description":"Plata onlineIn cazul in care optati pentru plata online, aceasta poate fi efectuata cu cardul personal sau cardul firmei dumneavoastra, in conditii de siguranta deplina. Magazinul online lannelle.com foloseste pentru tranzactiile online serviciile Plationline.ro. Siguranta informatiilor dumneavoastr\u0103 este garantata de faptul ca PlatiOnline nu stocheaza datele confidentiale ale cardului dvs, ci le trimite criptat pe &hellip;","og_url":"https:\/\/lannelle.com\/ro\/payment-methods\/","og_site_name":"lannelle","article_modified_time":"2025-06-08T18:21:14+00:00","twitter_card":"summary_large_image","twitter_misc":{"Timp estimat pentru citire":"1 minut"},"schema":{"@context":"https:\/\/schema.org","@graph":[{"@type":"WebPage","@id":"https:\/\/lannelle.com\/payment-methods\/","url":"https:\/\/lannelle.com\/payment-methods\/","name":"Payment methods - lannelle","isPartOf":{"@id":"https:\/\/lannelle.com\/#website"},"datePublished":"2022-12-12T18:36:41+00:00","dateModified":"2025-06-08T18:21:14+00:00","breadcrumb":{"@id":"https:\/\/lannelle.com\/payment-methods\/#breadcrumb"},"inLanguage":"ro-RO","potentialAction":[{"@type":"ReadAction","target":["https:\/\/lannelle.com\/payment-methods\/"]}]},{"@type":"BreadcrumbList","@id":"https:\/\/lannelle.com\/payment-methods\/#breadcrumb","itemListElement":[{"@type":"ListItem","position":1,"name":"Home","item":"https:\/\/lannelle.com\/"},{"@type":"ListItem","position":2,"name":"Payment methods"}]},{"@type":"WebSite","@id":"https:\/\/lannelle.com\/#website","url":"https:\/\/lannelle.com\/","name":"lannelle","description":"FOR YOUR PRECIOUS MOMENTS","publisher":{"@id":"https:\/\/lannelle.com\/#organization"},"potentialAction":[{"@type":"SearchAction","target":{"@type":"EntryPoint","urlTemplate":"https:\/\/lannelle.com\/?s={search_term_string}"},"query-input":{"@type":"PropertyValueSpecification","valueRequired":true,"valueName":"search_term_string"}}],"inLanguage":"ro-RO"},{"@type":"Organization","@id":"https:\/\/lannelle.com\/#organization","name":"lannelle","url":"https:\/\/lannelle.com\/","logo":{"@type":"ImageObject","inLanguage":"ro-RO","@id":"https:\/\/lannelle.com\/#\/schema\/logo\/image\/","url":"https:\/\/i0.wp.com\/lannelle.com\/wp-content\/uploads\/2026\/01\/cropped-lannelle-wide-resized-50-1.png?fit=296%2C94&ssl=1","contentUrl":"https:\/\/i0.wp.com\/lannelle.com\/wp-content\/uploads\/2026\/01\/cropped-lannelle-wide-resized-50-1.png?fit=296%2C94&ssl=1","width":296,"height":94,"caption":"lannelle"},"image":{"@id":"https:\/\/lannelle.com\/#\/schema\/logo\/image\/"}}]}},"jetpack_sharing_enabled":true,"_links":{"self":[{"href":"https:\/\/lannelle.com\/ro\/wp-json\/wp\/v2\/pages\/446","targetHints":{"allow":["GET"]}}],"collection":[{"href":"https:\/\/lannelle.com\/ro\/wp-json\/wp\/v2\/pages"}],"about":[{"href":"https:\/\/lannelle.com\/ro\/wp-json\/wp\/v2\/types\/page"}],"author":[{"embeddable":true,"href":"https:\/\/lannelle.com\/ro\/wp-json\/wp\/v2\/users\/1"}],"replies":[{"embeddable":true,"href":"https:\/\/lannelle.com\/ro\/wp-json\/wp\/v2\/comments?post=446"}],"version-history":[{"count":5,"href":"https:\/\/lannelle.com\/ro\/wp-json\/wp\/v2\/pages\/446\/revisions"}],"predecessor-version":[{"id":1617,"href":"https:\/\/lannelle.com\/ro\/wp-json\/wp\/v2\/pages\/446\/revisions\/1617"}],"wp:attachment":[{"href":"https:\/\/lannelle.com\/ro\/wp-json\/wp\/v2\/media?parent=446"}],"curies":[{"name":"wp","href":"https:\/\/api.w.org\/{rel}","templated":true}]}}