{"id":1257,"date":"2024-07-24T18:33:10","date_gmt":"2024-07-24T18:33:10","guid":{"rendered":"https:\/\/lannelle.com\/?post_type=product&#038;p=1257"},"modified":"2026-01-20T13:35:04","modified_gmt":"2026-01-20T13:35:04","slug":"sensual-serenade-bra","status":"publish","type":"product","link":"https:\/\/lannelle.com\/ro\/produs\/sensual-serenade-bra\/","title":{"rendered":"Sutien \u2018Sensual Serenade\u2019"},"content":{"rendered":"<p class=\"translation-block\"><strong>Scrie un poem senzual pe corpul tau <\/strong>cu sutienul \u2018Sensual Serenade\u2019. Acest sutien este confectionat din dantela premium brodata si tulle moale, cu accesorii aurii si armatura.<\/p>\n<p><strong>Impachetarea lenjeriei:<\/strong><\/p>\n<p>Acest sutien se livreaza impachetat deosebit si este oportunitatea perfecta pentru a oferi un cadou tie sau unei persoane dragi.<\/p>\n<p><strong>Set:<\/strong><\/p>\n<p class=\"translation-block\">Creeaza un look complet si asorteaza sutienul cu <a href=\"https:\/\/lannelle.com\/ro\/produs\/sensual-serenade-garter-belt\/\" target=\"_self\">portjartierul<\/a> si <a href=\"https:\/\/lannelle.com\/ro\/produs\/sensual-serenade-thong\/\" target=\"_self\"> chilotii \u2018Sensual serenade\u2019<\/a>.<\/p>\n<h4>Confectionarea produsului:<\/h4>\n<p>Acest sutien este creat individual in functie de cerintele clientului si necesita lucru manual. Confectionarea produsului dureaze intre 1-2 zile.<\/p>\n<h4>Mod intretinere:<\/h4>\n<p>Pentru a te bucura de str\u0103lucirea sutienului o perioada \u00eendelungat\u0103, se recomanda sp\u0103larea produsului manual, la temperatura de maxim 30\u00b0C, separat de alte haine, folosind detergent lichid si nu se usuc\u0103 prin centrifugare.<\/p>\n<h4>Compozitia materialului:<\/h4>\n<p>70% Poliamida, 30% Elastan<\/p>\n<h4>Ghid marimi:<\/h4>\n<p class=\"translation-block\">Gaseste-ti marimea  <a href=\"https:\/\/lannelle.com\/ro\/sizing\/\" target=\"_self\">aici si alege dintre marimile predefinite.<\/a><\/p>\n<p>Sau introdu marimile tale in casuta 'Marime personalizata' de mai sus<\/p>\n<p>Pentru Rochiile lungi, kimono-uri sau panataloni, este recomandat sa introduceti si intatimea dumneavoastra<\/p>","protected":false},"excerpt":{"rendered":"<p>Write your sensual poem on your body with &#8216;Sensual Serenade&#8217; Bra. This is a balconette bra made by embroidered red lace and soft tulle, with golden accessories. The bra is provided with wires for a better support. Packing: This bra comes specially packaged and is the perfect opportunity to give a gift to yourself or &hellip; <\/p>","protected":false},"featured_media":1234,"comment_status":"open","ping_status":"closed","template":"","meta":{"nf_dc_page":""},"product_brand":[],"product_cat":[82,39,52],"product_tag":[],"class_list":{"0":"post-1257","1":"product","2":"type-product","3":"status-publish","4":"has-post-thumbnail","6":"product_cat-bras","7":"product_cat-lingerie","8":"product_cat-sale","10":"first","11":"instock","12":"sale","13":"shipping-taxable","14":"purchasable","15":"product-type-variable"},"yoast_head":"<!-- This site is optimized with the Yoast SEO plugin v27.5 - https:\/\/yoast.com\/product\/yoast-seo-wordpress\/ -->\n<title>&#039;Sensual Serenade&#039; Bra - lannelle<\/title>\n<meta name=\"description\" content=\"Sutien ce combina armonios dantela elastica cu model floral intr-un design senzual si confortabil. Sutien bralette din dantela.\" \/>\n<meta name=\"robots\" content=\"index, follow, max-snippet:-1, max-image-preview:large, max-video-preview:-1\" \/>\n<link rel=\"canonical\" href=\"https:\/\/lannelle.com\/ro\/produs\/sensual-serenade-bra\/\" \/>\n<meta property=\"og:locale\" content=\"ro_RO\" \/>\n<meta property=\"og:type\" content=\"article\" \/>\n<meta property=\"og:title\" content=\"&#039;Sensual Serenade&#039; Bra - lannelle\" \/>\n<meta property=\"og:description\" content=\"Sutien ce combina armonios dantela elastica cu model floral intr-un design senzual si confortabil. Sutien bralette din dantela.\" \/>\n<meta property=\"og:url\" content=\"https:\/\/lannelle.com\/ro\/produs\/sensual-serenade-bra\/\" \/>\n<meta property=\"og:site_name\" content=\"lannelle\" \/>\n<meta property=\"article:modified_time\" content=\"2026-01-20T13:35:04+00:00\" \/>\n<meta property=\"og:image\" content=\"https:\/\/lannelle.com\/wp-content\/uploads\/2024\/07\/DSC_2289-scaled.jpg\" \/>\n\t<meta property=\"og:image:width\" content=\"1709\" \/>\n\t<meta property=\"og:image:height\" content=\"2560\" \/>\n\t<meta property=\"og:image:type\" content=\"image\/jpeg\" \/>\n<meta name=\"twitter:card\" content=\"summary_large_image\" \/>\n<meta name=\"twitter:label1\" content=\"Timp estimat pentru citire\" \/>\n\t<meta name=\"twitter:data1\" content=\"1 minut\" \/>\n<script type=\"application\/ld+json\" class=\"yoast-schema-graph\">{\"@context\":\"https:\\\/\\\/schema.org\",\"@graph\":[{\"@type\":\"WebPage\",\"@id\":\"https:\\\/\\\/lannelle.com\\\/product\\\/sensual-serenade-bra\\\/\",\"url\":\"https:\\\/\\\/lannelle.com\\\/product\\\/sensual-serenade-bra\\\/\",\"name\":\"'Sensual Serenade' Bra - lannelle\",\"isPartOf\":{\"@id\":\"https:\\\/\\\/lannelle.com\\\/#website\"},\"primaryImageOfPage\":{\"@id\":\"https:\\\/\\\/lannelle.com\\\/product\\\/sensual-serenade-bra\\\/#primaryimage\"},\"image\":{\"@id\":\"https:\\\/\\\/lannelle.com\\\/product\\\/sensual-serenade-bra\\\/#primaryimage\"},\"thumbnailUrl\":\"https:\\\/\\\/i0.wp.com\\\/lannelle.com\\\/wp-content\\\/uploads\\\/2024\\\/07\\\/DSC_2289-scaled.jpg?fit=1709%2C2560&ssl=1\",\"datePublished\":\"2024-07-24T18:33:10+00:00\",\"dateModified\":\"2026-01-20T13:35:04+00:00\",\"description\":\"Sutien ce combina armonios dantela elastica cu model floral intr-un design senzual si confortabil. Sutien bralette din dantela.\",\"breadcrumb\":{\"@id\":\"https:\\\/\\\/lannelle.com\\\/product\\\/sensual-serenade-bra\\\/#breadcrumb\"},\"inLanguage\":\"ro-RO\",\"potentialAction\":[{\"@type\":\"ReadAction\",\"target\":[\"https:\\\/\\\/lannelle.com\\\/product\\\/sensual-serenade-bra\\\/\"]}]},{\"@type\":\"ImageObject\",\"inLanguage\":\"ro-RO\",\"@id\":\"https:\\\/\\\/lannelle.com\\\/product\\\/sensual-serenade-bra\\\/#primaryimage\",\"url\":\"https:\\\/\\\/i0.wp.com\\\/lannelle.com\\\/wp-content\\\/uploads\\\/2024\\\/07\\\/DSC_2289-scaled.jpg?fit=1709%2C2560&ssl=1\",\"contentUrl\":\"https:\\\/\\\/i0.wp.com\\\/lannelle.com\\\/wp-content\\\/uploads\\\/2024\\\/07\\\/DSC_2289-scaled.jpg?fit=1709%2C2560&ssl=1\",\"width\":1709,\"height\":2560},{\"@type\":\"BreadcrumbList\",\"@id\":\"https:\\\/\\\/lannelle.com\\\/product\\\/sensual-serenade-bra\\\/#breadcrumb\",\"itemListElement\":[{\"@type\":\"ListItem\",\"position\":1,\"name\":\"Home\",\"item\":\"https:\\\/\\\/lannelle.com\\\/\"},{\"@type\":\"ListItem\",\"position\":2,\"name\":\"SHOP\",\"item\":\"https:\\\/\\\/lannelle.com\\\/shop\\\/\"},{\"@type\":\"ListItem\",\"position\":3,\"name\":\"&#8216;Sensual Serenade&#8217; Bra\"}]},{\"@type\":\"WebSite\",\"@id\":\"https:\\\/\\\/lannelle.com\\\/#website\",\"url\":\"https:\\\/\\\/lannelle.com\\\/\",\"name\":\"lannelle\",\"description\":\"FOR YOUR PRECIOUS MOMENTS\",\"publisher\":{\"@id\":\"https:\\\/\\\/lannelle.com\\\/#organization\"},\"potentialAction\":[{\"@type\":\"SearchAction\",\"target\":{\"@type\":\"EntryPoint\",\"urlTemplate\":\"https:\\\/\\\/lannelle.com\\\/?s={search_term_string}\"},\"query-input\":{\"@type\":\"PropertyValueSpecification\",\"valueRequired\":true,\"valueName\":\"search_term_string\"}}],\"inLanguage\":\"ro-RO\"},{\"@type\":\"Organization\",\"@id\":\"https:\\\/\\\/lannelle.com\\\/#organization\",\"name\":\"lannelle\",\"url\":\"https:\\\/\\\/lannelle.com\\\/\",\"logo\":{\"@type\":\"ImageObject\",\"inLanguage\":\"ro-RO\",\"@id\":\"https:\\\/\\\/lannelle.com\\\/#\\\/schema\\\/logo\\\/image\\\/\",\"url\":\"https:\\\/\\\/i0.wp.com\\\/lannelle.com\\\/wp-content\\\/uploads\\\/2026\\\/01\\\/cropped-lannelle-wide-resized-50-1.png?fit=296%2C94&ssl=1\",\"contentUrl\":\"https:\\\/\\\/i0.wp.com\\\/lannelle.com\\\/wp-content\\\/uploads\\\/2026\\\/01\\\/cropped-lannelle-wide-resized-50-1.png?fit=296%2C94&ssl=1\",\"width\":296,\"height\":94,\"caption\":\"lannelle\"},\"image\":{\"@id\":\"https:\\\/\\\/lannelle.com\\\/#\\\/schema\\\/logo\\\/image\\\/\"}}]}<\/script>\n<!-- \/ Yoast SEO plugin. -->","yoast_head_json":{"title":"'Sensual Serenade' Bra - lannelle","description":"Sutien ce combina armonios dantela elastica cu model floral intr-un design senzual si confortabil. Sutien bralette din dantela.","robots":{"index":"index","follow":"follow","max-snippet":"max-snippet:-1","max-image-preview":"max-image-preview:large","max-video-preview":"max-video-preview:-1"},"canonical":"https:\/\/lannelle.com\/ro\/produs\/sensual-serenade-bra\/","og_locale":"ro_RO","og_type":"article","og_title":"'Sensual Serenade' Bra - lannelle","og_description":"Sutien ce combina armonios dantela elastica cu model floral intr-un design senzual si confortabil. Sutien bralette din dantela.","og_url":"https:\/\/lannelle.com\/ro\/produs\/sensual-serenade-bra\/","og_site_name":"lannelle","article_modified_time":"2026-01-20T13:35:04+00:00","og_image":[{"width":1709,"height":2560,"url":"https:\/\/lannelle.com\/wp-content\/uploads\/2024\/07\/DSC_2289-scaled.jpg","type":"image\/jpeg"}],"twitter_card":"summary_large_image","twitter_misc":{"Timp estimat pentru citire":"1 minut"},"schema":{"@context":"https:\/\/schema.org","@graph":[{"@type":"WebPage","@id":"https:\/\/lannelle.com\/product\/sensual-serenade-bra\/","url":"https:\/\/lannelle.com\/product\/sensual-serenade-bra\/","name":"'Sensual Serenade' Bra - lannelle","isPartOf":{"@id":"https:\/\/lannelle.com\/#website"},"primaryImageOfPage":{"@id":"https:\/\/lannelle.com\/product\/sensual-serenade-bra\/#primaryimage"},"image":{"@id":"https:\/\/lannelle.com\/product\/sensual-serenade-bra\/#primaryimage"},"thumbnailUrl":"https:\/\/i0.wp.com\/lannelle.com\/wp-content\/uploads\/2024\/07\/DSC_2289-scaled.jpg?fit=1709%2C2560&ssl=1","datePublished":"2024-07-24T18:33:10+00:00","dateModified":"2026-01-20T13:35:04+00:00","description":"Sutien ce combina armonios dantela elastica cu model floral intr-un design senzual si confortabil. Sutien bralette din dantela.","breadcrumb":{"@id":"https:\/\/lannelle.com\/product\/sensual-serenade-bra\/#breadcrumb"},"inLanguage":"ro-RO","potentialAction":[{"@type":"ReadAction","target":["https:\/\/lannelle.com\/product\/sensual-serenade-bra\/"]}]},{"@type":"ImageObject","inLanguage":"ro-RO","@id":"https:\/\/lannelle.com\/product\/sensual-serenade-bra\/#primaryimage","url":"https:\/\/i0.wp.com\/lannelle.com\/wp-content\/uploads\/2024\/07\/DSC_2289-scaled.jpg?fit=1709%2C2560&ssl=1","contentUrl":"https:\/\/i0.wp.com\/lannelle.com\/wp-content\/uploads\/2024\/07\/DSC_2289-scaled.jpg?fit=1709%2C2560&ssl=1","width":1709,"height":2560},{"@type":"BreadcrumbList","@id":"https:\/\/lannelle.com\/product\/sensual-serenade-bra\/#breadcrumb","itemListElement":[{"@type":"ListItem","position":1,"name":"Home","item":"https:\/\/lannelle.com\/"},{"@type":"ListItem","position":2,"name":"SHOP","item":"https:\/\/lannelle.com\/shop\/"},{"@type":"ListItem","position":3,"name":"&#8216;Sensual Serenade&#8217; Bra"}]},{"@type":"WebSite","@id":"https:\/\/lannelle.com\/#website","url":"https:\/\/lannelle.com\/","name":"lannelle","description":"FOR YOUR PRECIOUS MOMENTS","publisher":{"@id":"https:\/\/lannelle.com\/#organization"},"potentialAction":[{"@type":"SearchAction","target":{"@type":"EntryPoint","urlTemplate":"https:\/\/lannelle.com\/?s={search_term_string}"},"query-input":{"@type":"PropertyValueSpecification","valueRequired":true,"valueName":"search_term_string"}}],"inLanguage":"ro-RO"},{"@type":"Organization","@id":"https:\/\/lannelle.com\/#organization","name":"lannelle","url":"https:\/\/lannelle.com\/","logo":{"@type":"ImageObject","inLanguage":"ro-RO","@id":"https:\/\/lannelle.com\/#\/schema\/logo\/image\/","url":"https:\/\/i0.wp.com\/lannelle.com\/wp-content\/uploads\/2026\/01\/cropped-lannelle-wide-resized-50-1.png?fit=296%2C94&ssl=1","contentUrl":"https:\/\/i0.wp.com\/lannelle.com\/wp-content\/uploads\/2026\/01\/cropped-lannelle-wide-resized-50-1.png?fit=296%2C94&ssl=1","width":296,"height":94,"caption":"lannelle"},"image":{"@id":"https:\/\/lannelle.com\/#\/schema\/logo\/image\/"}}]}},"jetpack_sharing_enabled":true,"_links":{"self":[{"href":"https:\/\/lannelle.com\/ro\/wp-json\/wp\/v2\/product\/1257","targetHints":{"allow":["GET"]}}],"collection":[{"href":"https:\/\/lannelle.com\/ro\/wp-json\/wp\/v2\/product"}],"about":[{"href":"https:\/\/lannelle.com\/ro\/wp-json\/wp\/v2\/types\/product"}],"replies":[{"embeddable":true,"href":"https:\/\/lannelle.com\/ro\/wp-json\/wp\/v2\/comments?post=1257"}],"wp:featuredmedia":[{"embeddable":true,"href":"https:\/\/lannelle.com\/ro\/wp-json\/wp\/v2\/media\/1234"}],"wp:attachment":[{"href":"https:\/\/lannelle.com\/ro\/wp-json\/wp\/v2\/media?parent=1257"}],"wp:term":[{"taxonomy":"product_brand","embeddable":true,"href":"https:\/\/lannelle.com\/ro\/wp-json\/wp\/v2\/product_brand?post=1257"},{"taxonomy":"product_cat","embeddable":true,"href":"https:\/\/lannelle.com\/ro\/wp-json\/wp\/v2\/product_cat?post=1257"},{"taxonomy":"product_tag","embeddable":true,"href":"https:\/\/lannelle.com\/ro\/wp-json\/wp\/v2\/product_tag?post=1257"}],"curies":[{"name":"wp","href":"https:\/\/api.w.org\/{rel}","templated":true}]}}