{"id":1315,"date":"2024-07-24T20:00:43","date_gmt":"2024-07-24T20:00:43","guid":{"rendered":"https:\/\/lannelle.com\/?post_type=product&#038;p=1315"},"modified":"2026-01-14T20:57:07","modified_gmt":"2026-01-14T20:57:07","slug":"soft-whispers-panty","status":"publish","type":"product","link":"https:\/\/lannelle.com\/ro\/produs\/soft-whispers-panty\/","title":{"rendered":"Chilot \u2018Soft whispers\u2019"},"content":{"rendered":"<p class=\"translation-block\"><strong>Scrie un poem senzual pe corpul tau <\/strong>cu ajutorul chilotilor \u2018Soft whispers', confectionat din dantela premium si tulle moale. Culoarea dantelei este un amestec perfect intre ivory si petele de roz deschis.<\/p>\n<p><strong>Impachetarea lenjeriei:<\/strong><\/p>\n<p>Acesti chiloti se livreaza impachetati deosebit si este oportunitatea perfecta pentru a oferi un cadou tie sau unei persoane dragi.<\/p>\n<p><strong>Set:<\/strong><\/p>\n<p class=\"translation-block\">Creeaza un look complet si asorteaza chilotii cu <a href=\"https:\/\/lannelle.com\/ro\/product\/soft-whispers-bra\/\" target=\"_self\">sutienul 'Soft whispers'<\/a><\/p>\n<h4>Confectionarea produsului:<\/h4>\n<p class=\"translation-block\">Acest chilot este <strong>creat la comanda <\/strong>dupa cerintele clientei si necesita <strong>lucru manual<\/strong>. Confectionarea produsului dureaze intre 1-2 zile.<\/p>\n<h4>Mod intretinere:<\/h4>\n<p>Pentru a te bucura de str\u0103lucirea chilotului o perioada \u00eendelungat\u0103, se recomanda sp\u0103larea produsului manual, la temperatura de maxim 30\u00b0C, separat de alte haine, folosind detergent lichid si nu se usuc\u0103 prin centrifugare.<\/p>\n<h4>Compozitia materialului:<\/h4>\n<p>95% Polyamide, 5% Elastane<\/p>\n<h4>Ghid marimi:<\/h4>\n<p class=\"translation-block\">Gaseste-ti marimea  <a href=\"https:\/\/lannelle.com\/ro\/sizing\/\" target=\"_self\">aici si alege dintre marimile predefinite.<\/a><\/p>\n<p>Sau introdu marimile tale in casuta 'Marime personalizata' de mai sus<\/p>\n<p>Pentru Rochiile lungi, kimono-uri sau panataloni, este recomandat sa introduceti si intatimea dumneavoastra<\/p>","protected":false},"excerpt":{"rendered":"<p>Write your sensual poem on your body with &#8216;Soft whispers&#8217; Panty- a pair of low waisted panty made by premium lace. The color of the lace is a perfect blend between ivory and blush pink spots. Packing: This panty comes specially packaged and is the perfect opportunity to give a gift to yourself or a &hellip; <\/p>","protected":false},"featured_media":1252,"comment_status":"open","ping_status":"closed","template":"","meta":{"nf_dc_page":""},"product_brand":[],"product_cat":[84,39],"product_tag":[],"class_list":{"0":"post-1315","1":"product","2":"type-product","3":"status-publish","4":"has-post-thumbnail","6":"product_cat-bottoms","7":"product_cat-lingerie","8":"pa_size-lingerie-l","9":"pa_size-lingerie-m","10":"pa_size-lingerie-s","11":"pa_size-lingerie-xl","12":"pa_size-lingerie-xs","14":"first","15":"instock","16":"shipping-taxable","17":"purchasable","18":"product-type-variable"},"yoast_head":"<!-- This site is optimized with the Yoast SEO plugin v27.5 - https:\/\/yoast.com\/product\/yoast-seo-wordpress\/ -->\n<title>&#039;Soft whispers&#039; Panty - lannelle<\/title>\n<meta name=\"description\" content=\"Chilot confectionat din danela cu model floral si elastic brodat. Partile laterale sunt ajustabile si se inchid cu doua inele metalice\" \/>\n<meta name=\"robots\" content=\"index, follow, max-snippet:-1, max-image-preview:large, max-video-preview:-1\" \/>\n<link rel=\"canonical\" href=\"https:\/\/lannelle.com\/ro\/produs\/soft-whispers-panty\/\" \/>\n<meta property=\"og:locale\" content=\"ro_RO\" \/>\n<meta property=\"og:type\" content=\"article\" \/>\n<meta property=\"og:title\" content=\"&#039;Soft whispers&#039; Panty - lannelle\" \/>\n<meta property=\"og:description\" content=\"Chilot confectionat din danela cu model floral si elastic brodat. Partile laterale sunt ajustabile si se inchid cu doua inele metalice\" \/>\n<meta property=\"og:url\" content=\"https:\/\/lannelle.com\/ro\/produs\/soft-whispers-panty\/\" \/>\n<meta property=\"og:site_name\" content=\"lannelle\" \/>\n<meta property=\"article:modified_time\" content=\"2026-01-14T20:57:07+00:00\" \/>\n<meta property=\"og:image\" content=\"https:\/\/lannelle.com\/wp-content\/uploads\/2024\/07\/DSC_2459-scaled.jpg\" \/>\n\t<meta property=\"og:image:width\" content=\"1709\" \/>\n\t<meta property=\"og:image:height\" content=\"2560\" \/>\n\t<meta property=\"og:image:type\" content=\"image\/jpeg\" \/>\n<meta name=\"twitter:card\" content=\"summary_large_image\" \/>\n<meta name=\"twitter:label1\" content=\"Timp estimat pentru citire\" \/>\n\t<meta name=\"twitter:data1\" content=\"2 minute\" \/>\n<script type=\"application\/ld+json\" class=\"yoast-schema-graph\">{\"@context\":\"https:\\\/\\\/schema.org\",\"@graph\":[{\"@type\":\"WebPage\",\"@id\":\"https:\\\/\\\/lannelle.com\\\/product\\\/soft-whispers-panty\\\/\",\"url\":\"https:\\\/\\\/lannelle.com\\\/product\\\/soft-whispers-panty\\\/\",\"name\":\"'Soft whispers' Panty - lannelle\",\"isPartOf\":{\"@id\":\"https:\\\/\\\/lannelle.com\\\/#website\"},\"primaryImageOfPage\":{\"@id\":\"https:\\\/\\\/lannelle.com\\\/product\\\/soft-whispers-panty\\\/#primaryimage\"},\"image\":{\"@id\":\"https:\\\/\\\/lannelle.com\\\/product\\\/soft-whispers-panty\\\/#primaryimage\"},\"thumbnailUrl\":\"https:\\\/\\\/i0.wp.com\\\/lannelle.com\\\/wp-content\\\/uploads\\\/2024\\\/07\\\/DSC_2459-scaled.jpg?fit=1709%2C2560&ssl=1\",\"datePublished\":\"2024-07-24T20:00:43+00:00\",\"dateModified\":\"2026-01-14T20:57:07+00:00\",\"description\":\"Chilot confectionat din danela cu model floral si elastic brodat. Partile laterale sunt ajustabile si se inchid cu doua inele metalice\",\"breadcrumb\":{\"@id\":\"https:\\\/\\\/lannelle.com\\\/product\\\/soft-whispers-panty\\\/#breadcrumb\"},\"inLanguage\":\"ro-RO\",\"potentialAction\":[{\"@type\":\"ReadAction\",\"target\":[\"https:\\\/\\\/lannelle.com\\\/product\\\/soft-whispers-panty\\\/\"]}]},{\"@type\":\"ImageObject\",\"inLanguage\":\"ro-RO\",\"@id\":\"https:\\\/\\\/lannelle.com\\\/product\\\/soft-whispers-panty\\\/#primaryimage\",\"url\":\"https:\\\/\\\/i0.wp.com\\\/lannelle.com\\\/wp-content\\\/uploads\\\/2024\\\/07\\\/DSC_2459-scaled.jpg?fit=1709%2C2560&ssl=1\",\"contentUrl\":\"https:\\\/\\\/i0.wp.com\\\/lannelle.com\\\/wp-content\\\/uploads\\\/2024\\\/07\\\/DSC_2459-scaled.jpg?fit=1709%2C2560&ssl=1\",\"width\":1709,\"height\":2560},{\"@type\":\"BreadcrumbList\",\"@id\":\"https:\\\/\\\/lannelle.com\\\/product\\\/soft-whispers-panty\\\/#breadcrumb\",\"itemListElement\":[{\"@type\":\"ListItem\",\"position\":1,\"name\":\"Home\",\"item\":\"https:\\\/\\\/lannelle.com\\\/\"},{\"@type\":\"ListItem\",\"position\":2,\"name\":\"SHOP\",\"item\":\"https:\\\/\\\/lannelle.com\\\/shop\\\/\"},{\"@type\":\"ListItem\",\"position\":3,\"name\":\"&#8216;Soft whispers&#8217; Panty\"}]},{\"@type\":\"WebSite\",\"@id\":\"https:\\\/\\\/lannelle.com\\\/#website\",\"url\":\"https:\\\/\\\/lannelle.com\\\/\",\"name\":\"lannelle\",\"description\":\"FOR YOUR PRECIOUS MOMENTS\",\"publisher\":{\"@id\":\"https:\\\/\\\/lannelle.com\\\/#organization\"},\"potentialAction\":[{\"@type\":\"SearchAction\",\"target\":{\"@type\":\"EntryPoint\",\"urlTemplate\":\"https:\\\/\\\/lannelle.com\\\/?s={search_term_string}\"},\"query-input\":{\"@type\":\"PropertyValueSpecification\",\"valueRequired\":true,\"valueName\":\"search_term_string\"}}],\"inLanguage\":\"ro-RO\"},{\"@type\":\"Organization\",\"@id\":\"https:\\\/\\\/lannelle.com\\\/#organization\",\"name\":\"lannelle\",\"url\":\"https:\\\/\\\/lannelle.com\\\/\",\"logo\":{\"@type\":\"ImageObject\",\"inLanguage\":\"ro-RO\",\"@id\":\"https:\\\/\\\/lannelle.com\\\/#\\\/schema\\\/logo\\\/image\\\/\",\"url\":\"https:\\\/\\\/i0.wp.com\\\/lannelle.com\\\/wp-content\\\/uploads\\\/2026\\\/01\\\/cropped-lannelle-wide-resized-50-1.png?fit=296%2C94&ssl=1\",\"contentUrl\":\"https:\\\/\\\/i0.wp.com\\\/lannelle.com\\\/wp-content\\\/uploads\\\/2026\\\/01\\\/cropped-lannelle-wide-resized-50-1.png?fit=296%2C94&ssl=1\",\"width\":296,\"height\":94,\"caption\":\"lannelle\"},\"image\":{\"@id\":\"https:\\\/\\\/lannelle.com\\\/#\\\/schema\\\/logo\\\/image\\\/\"}}]}<\/script>\n<!-- \/ Yoast SEO plugin. -->","yoast_head_json":{"title":"'Soft whispers' Panty - lannelle","description":"Chilot confectionat din danela cu model floral si elastic brodat. Partile laterale sunt ajustabile si se inchid cu doua inele metalice","robots":{"index":"index","follow":"follow","max-snippet":"max-snippet:-1","max-image-preview":"max-image-preview:large","max-video-preview":"max-video-preview:-1"},"canonical":"https:\/\/lannelle.com\/ro\/produs\/soft-whispers-panty\/","og_locale":"ro_RO","og_type":"article","og_title":"'Soft whispers' Panty - lannelle","og_description":"Chilot confectionat din danela cu model floral si elastic brodat. Partile laterale sunt ajustabile si se inchid cu doua inele metalice","og_url":"https:\/\/lannelle.com\/ro\/produs\/soft-whispers-panty\/","og_site_name":"lannelle","article_modified_time":"2026-01-14T20:57:07+00:00","og_image":[{"width":1709,"height":2560,"url":"https:\/\/lannelle.com\/wp-content\/uploads\/2024\/07\/DSC_2459-scaled.jpg","type":"image\/jpeg"}],"twitter_card":"summary_large_image","twitter_misc":{"Timp estimat pentru citire":"2 minute"},"schema":{"@context":"https:\/\/schema.org","@graph":[{"@type":"WebPage","@id":"https:\/\/lannelle.com\/product\/soft-whispers-panty\/","url":"https:\/\/lannelle.com\/product\/soft-whispers-panty\/","name":"'Soft whispers' Panty - lannelle","isPartOf":{"@id":"https:\/\/lannelle.com\/#website"},"primaryImageOfPage":{"@id":"https:\/\/lannelle.com\/product\/soft-whispers-panty\/#primaryimage"},"image":{"@id":"https:\/\/lannelle.com\/product\/soft-whispers-panty\/#primaryimage"},"thumbnailUrl":"https:\/\/i0.wp.com\/lannelle.com\/wp-content\/uploads\/2024\/07\/DSC_2459-scaled.jpg?fit=1709%2C2560&ssl=1","datePublished":"2024-07-24T20:00:43+00:00","dateModified":"2026-01-14T20:57:07+00:00","description":"Chilot confectionat din danela cu model floral si elastic brodat. Partile laterale sunt ajustabile si se inchid cu doua inele metalice","breadcrumb":{"@id":"https:\/\/lannelle.com\/product\/soft-whispers-panty\/#breadcrumb"},"inLanguage":"ro-RO","potentialAction":[{"@type":"ReadAction","target":["https:\/\/lannelle.com\/product\/soft-whispers-panty\/"]}]},{"@type":"ImageObject","inLanguage":"ro-RO","@id":"https:\/\/lannelle.com\/product\/soft-whispers-panty\/#primaryimage","url":"https:\/\/i0.wp.com\/lannelle.com\/wp-content\/uploads\/2024\/07\/DSC_2459-scaled.jpg?fit=1709%2C2560&ssl=1","contentUrl":"https:\/\/i0.wp.com\/lannelle.com\/wp-content\/uploads\/2024\/07\/DSC_2459-scaled.jpg?fit=1709%2C2560&ssl=1","width":1709,"height":2560},{"@type":"BreadcrumbList","@id":"https:\/\/lannelle.com\/product\/soft-whispers-panty\/#breadcrumb","itemListElement":[{"@type":"ListItem","position":1,"name":"Home","item":"https:\/\/lannelle.com\/"},{"@type":"ListItem","position":2,"name":"SHOP","item":"https:\/\/lannelle.com\/shop\/"},{"@type":"ListItem","position":3,"name":"&#8216;Soft whispers&#8217; Panty"}]},{"@type":"WebSite","@id":"https:\/\/lannelle.com\/#website","url":"https:\/\/lannelle.com\/","name":"lannelle","description":"FOR YOUR PRECIOUS MOMENTS","publisher":{"@id":"https:\/\/lannelle.com\/#organization"},"potentialAction":[{"@type":"SearchAction","target":{"@type":"EntryPoint","urlTemplate":"https:\/\/lannelle.com\/?s={search_term_string}"},"query-input":{"@type":"PropertyValueSpecification","valueRequired":true,"valueName":"search_term_string"}}],"inLanguage":"ro-RO"},{"@type":"Organization","@id":"https:\/\/lannelle.com\/#organization","name":"lannelle","url":"https:\/\/lannelle.com\/","logo":{"@type":"ImageObject","inLanguage":"ro-RO","@id":"https:\/\/lannelle.com\/#\/schema\/logo\/image\/","url":"https:\/\/i0.wp.com\/lannelle.com\/wp-content\/uploads\/2026\/01\/cropped-lannelle-wide-resized-50-1.png?fit=296%2C94&ssl=1","contentUrl":"https:\/\/i0.wp.com\/lannelle.com\/wp-content\/uploads\/2026\/01\/cropped-lannelle-wide-resized-50-1.png?fit=296%2C94&ssl=1","width":296,"height":94,"caption":"lannelle"},"image":{"@id":"https:\/\/lannelle.com\/#\/schema\/logo\/image\/"}}]}},"jetpack_sharing_enabled":true,"_links":{"self":[{"href":"https:\/\/lannelle.com\/ro\/wp-json\/wp\/v2\/product\/1315","targetHints":{"allow":["GET"]}}],"collection":[{"href":"https:\/\/lannelle.com\/ro\/wp-json\/wp\/v2\/product"}],"about":[{"href":"https:\/\/lannelle.com\/ro\/wp-json\/wp\/v2\/types\/product"}],"replies":[{"embeddable":true,"href":"https:\/\/lannelle.com\/ro\/wp-json\/wp\/v2\/comments?post=1315"}],"wp:featuredmedia":[{"embeddable":true,"href":"https:\/\/lannelle.com\/ro\/wp-json\/wp\/v2\/media\/1252"}],"wp:attachment":[{"href":"https:\/\/lannelle.com\/ro\/wp-json\/wp\/v2\/media?parent=1315"}],"wp:term":[{"taxonomy":"product_brand","embeddable":true,"href":"https:\/\/lannelle.com\/ro\/wp-json\/wp\/v2\/product_brand?post=1315"},{"taxonomy":"product_cat","embeddable":true,"href":"https:\/\/lannelle.com\/ro\/wp-json\/wp\/v2\/product_cat?post=1315"},{"taxonomy":"product_tag","embeddable":true,"href":"https:\/\/lannelle.com\/ro\/wp-json\/wp\/v2\/product_tag?post=1315"}],"curies":[{"name":"wp","href":"https:\/\/api.w.org\/{rel}","templated":true}]}}