{"id":1538,"date":"2025-02-27T09:12:19","date_gmt":"2025-02-27T09:12:19","guid":{"rendered":"https:\/\/lannelle.com\/?post_type=product&#038;p=1538"},"modified":"2026-01-17T07:26:08","modified_gmt":"2026-01-17T07:26:08","slug":"aurora-lingerie-set","status":"publish","type":"product","link":"https:\/\/lannelle.com\/ro\/produs\/aurora-lingerie-set\/","title":{"rendered":"&#8216;Aurora Seduction&#8217; Lingerie set"},"content":{"rendered":"<p class=\"translation-block\">R\u0103sfa\u021b\u0103-te cu lux, senzualitate \u0219i elegan\u021b\u0103. Descopera setul de lenjerie Aurora, format din 4 piese si creat pentru a-\u021bi oferi \u00eencredere irezistibil\u0103. Acest set este realizat din dantel\u0103 de \u00eenalt\u0103 calitate, ce imbina armonios rafinamentul \u0219i seduc\u021bia. Setul este perfect pentru ocazii speciale sau pentru a ad\u0103uga o not\u0103 de glamour \u021binutelor tale zilnice.<\/p>\n<h3 data-start=\"488\" data-end=\"514\"><strong data-start=\"492\" data-end=\"512\">Ce include:<\/strong><\/h3>\n<p data-start=\"515\" data-end=\"877\" class=\"translation-block\">\u2714 <strong data-start=\"517\" data-end=\"534\">Sutien din Dantel\u0103<\/strong> \u2013 Design delicat, f\u0103r\u0103 s\u00e2rm\u0103, cu dantel\u0103 luxury \u0219i bretele reglabile pentru o potrivire perfect\u0103..<br data-start=\"622\" data-end=\"625\">\u2714 <strong data-start=\"627\" data-end=\"642\">Portjartier <\/strong> \u2013  O pies\u0103 statement care \u00ee\u021bi accentueaz\u0103 silueta, cu bretele ajustabile \u0219i detalii aurii elegante.<br data-start=\"738\" data-end=\"741\">\u2714 <strong data-start=\"743\" data-end=\"767\">Dou\u0103 perechi de chilo\u021bi asorta\u021bi <\/strong> \u2013  Un chilor sexy \u0219i un bikini fin din dantel\u0103, oferindu-\u021bi op\u021biuni versatile pentru orice stil.<\/p>\n<h3 data-start=\"879\" data-end=\"908\"><strong data-start=\"883\" data-end=\"906\">De ce \u00eel vei adora?<\/strong><\/h3>\n<p data-start=\"909\" data-end=\"1344\" class=\"translation-block\">\u2728 Dantel\u0103 Premium &amp; Material Fin \u2013 placut la atingere si luxury\n\u2728 Feminin &amp; Seduc\u0103tor \u2013 Detaliile fine \u0219i bretelele subtile creeaz\u0103 un look \u00eendr\u0103zne\u021b \u0219i plin de \u00eencredere.\n\u2728 Reglabil &amp; Confortabil \u2013 Bretele ajustabile pentru o potrivire perfect\u0103, indiferent de tipul de corp.\n\u2728 Ideal pentru Momente Speciale \u2013 Perfec\u021be pentru \u00eent\u00e2lniri romantice, luna de miere, anivers\u0103ri sau momente de r\u0103sf\u0103\u021b personal.<\/p>\n<h4>Impachetarea lenjeriei:<\/h4>\n<p>Acest set de lenjerie se livreaza impachetat deosebit si este oportunitatea perfecta pentru a oferi un cadou tie sau unei persoane dragi.<\/p>\n<h4>Styling:<\/h4>\n<p class=\"translation-block\">Pune-ti in voaloare senzulaitatea si imbraca eleganta suprema, purtand acest set impreuna cu <a href=\"https:\/\/lannelle.com\/ro\/produs\/flirt-black-kimono\/\" target=\"_self\"> kimonoul \u2018Flirt\u2019<\/a> sau <a href=\"https:\/\/lannelle.com\/ro\/produs\/seduce-kimono\/\" target=\"_self\">\u2018Seduce\u2019<\/a><\/p>\n<h4>Confectionarea produsului:<\/h4>\n<p>Acest seteste creat individual in functie de cerintele clientului si necesita lucru manual. Confectionarea produsului dureaze intre 7-10 zile.<\/p>\n<h4>Mod intretinere:<\/h4>\n<p>Pentru a te bucura de str\u0103lucirea setului o perioada \u00eendelungat\u0103, se recomanda sp\u0103larea produsului manual, la temperatura de maxim 30\u00b0C, separat de alte haine, folosind detergent lichid si nu se usuc\u0103 prin centrifugare.<\/p>\n<h4>Compozitia materialului:<\/h4>\n<p>90% Polyamide, 10% Elastane<\/p>\n<p>Accesorii metalice aurii<\/p>\n<h4>Ghid marimi:<\/h4>\n<p class=\"translation-block\">Gaseste-ti marimea  <a href=\"https:\/\/lannelle.com\/ro\/sizing\/\" target=\"_self\">aici si alege dintre marimile predefinite.<\/a><\/p>\n<p>Sau introdu marimile tale in casuta 'Marime personalizata' de mai sus<\/p>\n<p>Pentru Rochiile lungi, kimono-uri sau panataloni, este recomandat sa introduceti si intatimea dumneavoastra<\/p>","protected":false},"excerpt":{"rendered":"<p>Indulge in the perfect blend of luxury, sensuality, and elegance with our exquisite 4-piece lingerie set, Aurora, designed to make you feel irresistibly confident. Crafted from high-end lace, this set embodies sophistication and allure, perfect for special occasions or adding a touch of glamour to your everyday wear. What\u2019s Included: \u2714 Lace Bralette \u2013 Soft, &hellip; <\/p>","protected":false},"featured_media":1682,"comment_status":"open","ping_status":"closed","template":"","meta":{"nf_dc_page":""},"product_brand":[],"product_cat":[87,39,86,48],"product_tag":[],"class_list":{"0":"post-1538","1":"product","2":"type-product","3":"status-publish","4":"has-post-thumbnail","6":"product_cat-set-of-lingerie","7":"product_cat-lingerie","8":"product_cat-lingerie-sets","9":"product_cat-sets","10":"pa_size-lingerie-l","11":"pa_size-lingerie-m","12":"pa_size-lingerie-s","13":"pa_size-lingerie-xl","14":"pa_size-lingerie-xs","16":"first","17":"instock","18":"shipping-taxable","19":"purchasable","20":"product-type-variable"},"yoast_head":"<!-- This site is optimized with the Yoast SEO plugin v27.5 - https:\/\/yoast.com\/product\/yoast-seo-wordpress\/ -->\n<title>&#039;Aurora Seduction&#039; Lingerie set - lannelle<\/title>\n<meta name=\"description\" content=\"Lenjerie confectionata din danela premium si detalii aurii. Un set irezistibil pentru momente romantice sau rasfat personal.\" \/>\n<meta name=\"robots\" content=\"index, follow, max-snippet:-1, max-image-preview:large, max-video-preview:-1\" \/>\n<link rel=\"canonical\" href=\"https:\/\/lannelle.com\/ro\/produs\/aurora-lingerie-set\/\" \/>\n<meta property=\"og:locale\" content=\"ro_RO\" \/>\n<meta property=\"og:type\" content=\"article\" \/>\n<meta property=\"og:title\" content=\"&#039;Aurora Seduction&#039; Lingerie set - lannelle\" \/>\n<meta property=\"og:description\" content=\"Lenjerie confectionata din danela premium si detalii aurii. Un set irezistibil pentru momente romantice sau rasfat personal.\" \/>\n<meta property=\"og:url\" content=\"https:\/\/lannelle.com\/ro\/produs\/aurora-lingerie-set\/\" \/>\n<meta property=\"og:site_name\" content=\"lannelle\" \/>\n<meta property=\"article:modified_time\" content=\"2026-01-17T07:26:08+00:00\" \/>\n<meta property=\"og:image\" content=\"https:\/\/lannelle.com\/wp-content\/uploads\/2025\/11\/IMG_8976-scaled.jpg\" \/>\n\t<meta property=\"og:image:width\" content=\"1707\" \/>\n\t<meta property=\"og:image:height\" content=\"2560\" \/>\n\t<meta property=\"og:image:type\" content=\"image\/jpeg\" \/>\n<meta name=\"twitter:card\" content=\"summary_large_image\" \/>\n<meta name=\"twitter:label1\" content=\"Timp estimat pentru citire\" \/>\n\t<meta name=\"twitter:data1\" content=\"2 minute\" \/>\n<script type=\"application\/ld+json\" class=\"yoast-schema-graph\">{\"@context\":\"https:\\\/\\\/schema.org\",\"@graph\":[{\"@type\":\"WebPage\",\"@id\":\"https:\\\/\\\/lannelle.com\\\/product\\\/aurora-lingerie-set\\\/\",\"url\":\"https:\\\/\\\/lannelle.com\\\/product\\\/aurora-lingerie-set\\\/\",\"name\":\"'Aurora Seduction' Lingerie set - lannelle\",\"isPartOf\":{\"@id\":\"https:\\\/\\\/lannelle.com\\\/#website\"},\"primaryImageOfPage\":{\"@id\":\"https:\\\/\\\/lannelle.com\\\/product\\\/aurora-lingerie-set\\\/#primaryimage\"},\"image\":{\"@id\":\"https:\\\/\\\/lannelle.com\\\/product\\\/aurora-lingerie-set\\\/#primaryimage\"},\"thumbnailUrl\":\"https:\\\/\\\/i0.wp.com\\\/lannelle.com\\\/wp-content\\\/uploads\\\/2025\\\/11\\\/IMG_8976-scaled.jpg?fit=1707%2C2560&ssl=1\",\"datePublished\":\"2025-02-27T09:12:19+00:00\",\"dateModified\":\"2026-01-17T07:26:08+00:00\",\"description\":\"Lenjerie confectionata din danela premium si detalii aurii. Un set irezistibil pentru momente romantice sau rasfat personal.\",\"breadcrumb\":{\"@id\":\"https:\\\/\\\/lannelle.com\\\/product\\\/aurora-lingerie-set\\\/#breadcrumb\"},\"inLanguage\":\"ro-RO\",\"potentialAction\":[{\"@type\":\"ReadAction\",\"target\":[\"https:\\\/\\\/lannelle.com\\\/product\\\/aurora-lingerie-set\\\/\"]}]},{\"@type\":\"ImageObject\",\"inLanguage\":\"ro-RO\",\"@id\":\"https:\\\/\\\/lannelle.com\\\/product\\\/aurora-lingerie-set\\\/#primaryimage\",\"url\":\"https:\\\/\\\/i0.wp.com\\\/lannelle.com\\\/wp-content\\\/uploads\\\/2025\\\/11\\\/IMG_8976-scaled.jpg?fit=1707%2C2560&ssl=1\",\"contentUrl\":\"https:\\\/\\\/i0.wp.com\\\/lannelle.com\\\/wp-content\\\/uploads\\\/2025\\\/11\\\/IMG_8976-scaled.jpg?fit=1707%2C2560&ssl=1\",\"width\":1707,\"height\":2560},{\"@type\":\"BreadcrumbList\",\"@id\":\"https:\\\/\\\/lannelle.com\\\/product\\\/aurora-lingerie-set\\\/#breadcrumb\",\"itemListElement\":[{\"@type\":\"ListItem\",\"position\":1,\"name\":\"Home\",\"item\":\"https:\\\/\\\/lannelle.com\\\/\"},{\"@type\":\"ListItem\",\"position\":2,\"name\":\"SHOP\",\"item\":\"https:\\\/\\\/lannelle.com\\\/shop\\\/\"},{\"@type\":\"ListItem\",\"position\":3,\"name\":\"&#8216;Aurora Seduction&#8217; Lingerie set\"}]},{\"@type\":\"WebSite\",\"@id\":\"https:\\\/\\\/lannelle.com\\\/#website\",\"url\":\"https:\\\/\\\/lannelle.com\\\/\",\"name\":\"lannelle\",\"description\":\"FOR YOUR PRECIOUS MOMENTS\",\"publisher\":{\"@id\":\"https:\\\/\\\/lannelle.com\\\/#organization\"},\"potentialAction\":[{\"@type\":\"SearchAction\",\"target\":{\"@type\":\"EntryPoint\",\"urlTemplate\":\"https:\\\/\\\/lannelle.com\\\/?s={search_term_string}\"},\"query-input\":{\"@type\":\"PropertyValueSpecification\",\"valueRequired\":true,\"valueName\":\"search_term_string\"}}],\"inLanguage\":\"ro-RO\"},{\"@type\":\"Organization\",\"@id\":\"https:\\\/\\\/lannelle.com\\\/#organization\",\"name\":\"lannelle\",\"url\":\"https:\\\/\\\/lannelle.com\\\/\",\"logo\":{\"@type\":\"ImageObject\",\"inLanguage\":\"ro-RO\",\"@id\":\"https:\\\/\\\/lannelle.com\\\/#\\\/schema\\\/logo\\\/image\\\/\",\"url\":\"https:\\\/\\\/i0.wp.com\\\/lannelle.com\\\/wp-content\\\/uploads\\\/2026\\\/01\\\/cropped-lannelle-wide-resized-50-1.png?fit=296%2C94&ssl=1\",\"contentUrl\":\"https:\\\/\\\/i0.wp.com\\\/lannelle.com\\\/wp-content\\\/uploads\\\/2026\\\/01\\\/cropped-lannelle-wide-resized-50-1.png?fit=296%2C94&ssl=1\",\"width\":296,\"height\":94,\"caption\":\"lannelle\"},\"image\":{\"@id\":\"https:\\\/\\\/lannelle.com\\\/#\\\/schema\\\/logo\\\/image\\\/\"}}]}<\/script>\n<!-- \/ Yoast SEO plugin. -->","yoast_head_json":{"title":"'Aurora Seduction' Lingerie set - lannelle","description":"Lenjerie confectionata din danela premium si detalii aurii. Un set irezistibil pentru momente romantice sau rasfat personal.","robots":{"index":"index","follow":"follow","max-snippet":"max-snippet:-1","max-image-preview":"max-image-preview:large","max-video-preview":"max-video-preview:-1"},"canonical":"https:\/\/lannelle.com\/ro\/produs\/aurora-lingerie-set\/","og_locale":"ro_RO","og_type":"article","og_title":"'Aurora Seduction' Lingerie set - lannelle","og_description":"Lenjerie confectionata din danela premium si detalii aurii. Un set irezistibil pentru momente romantice sau rasfat personal.","og_url":"https:\/\/lannelle.com\/ro\/produs\/aurora-lingerie-set\/","og_site_name":"lannelle","article_modified_time":"2026-01-17T07:26:08+00:00","og_image":[{"width":1707,"height":2560,"url":"https:\/\/lannelle.com\/wp-content\/uploads\/2025\/11\/IMG_8976-scaled.jpg","type":"image\/jpeg"}],"twitter_card":"summary_large_image","twitter_misc":{"Timp estimat pentru citire":"2 minute"},"schema":{"@context":"https:\/\/schema.org","@graph":[{"@type":"WebPage","@id":"https:\/\/lannelle.com\/product\/aurora-lingerie-set\/","url":"https:\/\/lannelle.com\/product\/aurora-lingerie-set\/","name":"'Aurora Seduction' Lingerie set - lannelle","isPartOf":{"@id":"https:\/\/lannelle.com\/#website"},"primaryImageOfPage":{"@id":"https:\/\/lannelle.com\/product\/aurora-lingerie-set\/#primaryimage"},"image":{"@id":"https:\/\/lannelle.com\/product\/aurora-lingerie-set\/#primaryimage"},"thumbnailUrl":"https:\/\/i0.wp.com\/lannelle.com\/wp-content\/uploads\/2025\/11\/IMG_8976-scaled.jpg?fit=1707%2C2560&ssl=1","datePublished":"2025-02-27T09:12:19+00:00","dateModified":"2026-01-17T07:26:08+00:00","description":"Lenjerie confectionata din danela premium si detalii aurii. Un set irezistibil pentru momente romantice sau rasfat personal.","breadcrumb":{"@id":"https:\/\/lannelle.com\/product\/aurora-lingerie-set\/#breadcrumb"},"inLanguage":"ro-RO","potentialAction":[{"@type":"ReadAction","target":["https:\/\/lannelle.com\/product\/aurora-lingerie-set\/"]}]},{"@type":"ImageObject","inLanguage":"ro-RO","@id":"https:\/\/lannelle.com\/product\/aurora-lingerie-set\/#primaryimage","url":"https:\/\/i0.wp.com\/lannelle.com\/wp-content\/uploads\/2025\/11\/IMG_8976-scaled.jpg?fit=1707%2C2560&ssl=1","contentUrl":"https:\/\/i0.wp.com\/lannelle.com\/wp-content\/uploads\/2025\/11\/IMG_8976-scaled.jpg?fit=1707%2C2560&ssl=1","width":1707,"height":2560},{"@type":"BreadcrumbList","@id":"https:\/\/lannelle.com\/product\/aurora-lingerie-set\/#breadcrumb","itemListElement":[{"@type":"ListItem","position":1,"name":"Home","item":"https:\/\/lannelle.com\/"},{"@type":"ListItem","position":2,"name":"SHOP","item":"https:\/\/lannelle.com\/shop\/"},{"@type":"ListItem","position":3,"name":"&#8216;Aurora Seduction&#8217; Lingerie set"}]},{"@type":"WebSite","@id":"https:\/\/lannelle.com\/#website","url":"https:\/\/lannelle.com\/","name":"lannelle","description":"FOR YOUR PRECIOUS MOMENTS","publisher":{"@id":"https:\/\/lannelle.com\/#organization"},"potentialAction":[{"@type":"SearchAction","target":{"@type":"EntryPoint","urlTemplate":"https:\/\/lannelle.com\/?s={search_term_string}"},"query-input":{"@type":"PropertyValueSpecification","valueRequired":true,"valueName":"search_term_string"}}],"inLanguage":"ro-RO"},{"@type":"Organization","@id":"https:\/\/lannelle.com\/#organization","name":"lannelle","url":"https:\/\/lannelle.com\/","logo":{"@type":"ImageObject","inLanguage":"ro-RO","@id":"https:\/\/lannelle.com\/#\/schema\/logo\/image\/","url":"https:\/\/i0.wp.com\/lannelle.com\/wp-content\/uploads\/2026\/01\/cropped-lannelle-wide-resized-50-1.png?fit=296%2C94&ssl=1","contentUrl":"https:\/\/i0.wp.com\/lannelle.com\/wp-content\/uploads\/2026\/01\/cropped-lannelle-wide-resized-50-1.png?fit=296%2C94&ssl=1","width":296,"height":94,"caption":"lannelle"},"image":{"@id":"https:\/\/lannelle.com\/#\/schema\/logo\/image\/"}}]}},"jetpack_sharing_enabled":true,"_links":{"self":[{"href":"https:\/\/lannelle.com\/ro\/wp-json\/wp\/v2\/product\/1538","targetHints":{"allow":["GET"]}}],"collection":[{"href":"https:\/\/lannelle.com\/ro\/wp-json\/wp\/v2\/product"}],"about":[{"href":"https:\/\/lannelle.com\/ro\/wp-json\/wp\/v2\/types\/product"}],"replies":[{"embeddable":true,"href":"https:\/\/lannelle.com\/ro\/wp-json\/wp\/v2\/comments?post=1538"}],"wp:featuredmedia":[{"embeddable":true,"href":"https:\/\/lannelle.com\/ro\/wp-json\/wp\/v2\/media\/1682"}],"wp:attachment":[{"href":"https:\/\/lannelle.com\/ro\/wp-json\/wp\/v2\/media?parent=1538"}],"wp:term":[{"taxonomy":"product_brand","embeddable":true,"href":"https:\/\/lannelle.com\/ro\/wp-json\/wp\/v2\/product_brand?post=1538"},{"taxonomy":"product_cat","embeddable":true,"href":"https:\/\/lannelle.com\/ro\/wp-json\/wp\/v2\/product_cat?post=1538"},{"taxonomy":"product_tag","embeddable":true,"href":"https:\/\/lannelle.com\/ro\/wp-json\/wp\/v2\/product_tag?post=1538"}],"curies":[{"name":"wp","href":"https:\/\/api.w.org\/{rel}","templated":true}]}}