{"id":1719,"date":"2025-11-15T17:04:43","date_gmt":"2025-11-15T17:04:43","guid":{"rendered":"https:\/\/lannelle.com\/?post_type=product&#038;p=1719"},"modified":"2026-01-17T07:38:05","modified_gmt":"2026-01-17T07:38:05","slug":"noir-divinity-set","status":"publish","type":"product","link":"https:\/\/lannelle.com\/ro\/produs\/noir-divinity-set\/","title":{"rendered":"NOIR DIVINITY set"},"content":{"rendered":"<p class=\"translation-block\">Descoper\u0103 fuziunea perfect\u0103 dintre elegan\u021b\u0103, senzualitate \u0219i sofisticare modern\u0103 cu setul nostru de lenjerie din 3 piese, creat pentru a celebra feminitatea ta \u00een cea mai rafinat\u0103 manier\u0103. Acest set luxuriant, format dintr-un body din tulle transparent, un sutien din dantel\u0103 \u0219i o fust\u0103 \u00eenalt\u0103 din dantel\u0103, este conceput pentru a-\u021bi accentua \u00eencrederea \u0219i pentru a transforma orice moment intim \u00eentr-o experien\u021b\u0103 stilat\u0103 \u0219i seduc\u0103toare.<\/p>\n<h3 data-start=\"488\" data-end=\"514\"><strong data-start=\"492\" data-end=\"512\">Ce include:<\/strong><\/h3>\n<p data-start=\"571\" data-end=\"723\" class=\"translation-block\">\u2714 <strong data-start=\"573\" data-end=\"597\">Body din tulle<\/strong> \u2013 Ultra delicat, catifelat la atingere \u0219i creat pentru a sculpta silueta, oferind \u00een acela\u0219i timp o transparen\u021b\u0103 seduc\u0103toare \u0219i rafinat\u0103.<\/p>\n<p data-start=\"725\" data-end=\"840\" class=\"translation-block\">\u2714 <strong data-start=\"727\" data-end=\"739\">Sutien <\/strong> \u2013 Realizat din dantel\u0103 de \u00eenalt\u0103 calitate, cu detalii fine, oferind confort \u0219i un plus de senzualitate.<\/p>\n<p data-start=\"842\" data-end=\"1009\" class=\"translation-block\">\u2714 <strong data-start=\"844\" data-end=\"858\">Fusta<\/strong> \u2013O fust\u0103 sofisticat\u0103, confec\u021bionat\u0103 din dantel\u0103 floral\u0103 premium, menit\u0103 s\u0103 eviden\u021bieze formele \u0219i s\u0103 adauge un strat seduc\u0103tor \u00eentregii \u021binute.<\/p>\n<h3 data-start=\"879\" data-end=\"908\"><strong data-start=\"883\" data-end=\"906\">De ce \u00eel vei adora?<\/strong><\/h3>\n<p data-start=\"909\" data-end=\"1344\" class=\"translation-block\">\u2728 Materiale luxoase \u2013 Tulle fin \u0219i dantel\u0103 premium, pl\u0103cute pe piele, u\u0219oare \u0219i confortabile.\n\u2728 Siluet\u0103 avantajoas\u0103 \u2013 Combina\u021bia de texturi transparente \u0219i piese structurate din dantel\u0103 pune \u00een valoare liniile naturale ale corpului cu elegan\u021b\u0103.\n\u2728 Versatil &amp; seduc\u0103tor \u2013 Ideal pentru seri speciale, \u0219edin\u021be foto intime, momente romantice sau ca pies\u0103 glam purtat\u0103 sub un kimono.\n\u2728 Lucrat manual &amp; personalizabil \u2013 Fiecare pies\u0103 este realizat\u0103 manual \u0219i poate fi adaptat\u0103 dup\u0103 m\u0103surile tale, pentru o potrivire impecabil\u0103 \u0219i o doz\u0103 suplimentar\u0103 de \u00eencredere.<\/p>\n<h4>Impachetarea lenjeriei:<\/h4>\n<p>Acest set de lenjerie se livreaza impachetat deosebit si este oportunitatea perfecta pentru a oferi un cadou tie sau unei persoane dragi.<\/p>\n<h4>Confectionarea produsului:<\/h4>\n<p>Acest seteste creat individual in functie de cerintele clientului si necesita lucru manual. Confectionarea produsului dureaze intre 7-10 zile.<\/p>\n<h4>Mod intretinere:<\/h4>\n<p>Pentru a te bucura de str\u0103lucirea setului o perioada \u00eendelungat\u0103, se recomanda sp\u0103larea produsului manual, la temperatura de maxim 30\u00b0C, separat de alte haine, folosind detergent lichid si nu se usuc\u0103 prin centrifugare.<\/p>\n<h4>Compozitia materialului:<\/h4>\n<p>90% Polyamide, 10% Elastane<\/p>\n<p>Accesorii metalice aurii<\/p>\n<h4>Ghid marimi:<\/h4>\n<p class=\"translation-block\">Gaseste-ti marimea  <a href=\"https:\/\/lannelle.com\/ro\/sizing\/\" target=\"_self\">aici si alege dintre marimile predefinite.<\/a><\/p>\n<p>Sau introdu marimile tale in casuta 'Marime personalizata' de mai sus<\/p>\n<p>Pentru Rochiile lungi, kimono-uri sau panataloni, este recomandat sa introduceti si intatimea dumneavoastra<\/p>","protected":false},"excerpt":{"rendered":"<p>Discover the perfect fusion of elegance, sensuality, and modern sophistication with our 3-piece lingerie ensemble, crafted to celebrate your femininity in the most exquisite way. This luxurious set, featuring a sheer tulle bodysuit, a lace bra, and a high-waisted lace skirt, is designed to enhance your confidence and elevate any intimate moment or stylish boudoir &hellip; <\/p>","protected":false},"featured_media":1691,"comment_status":"open","ping_status":"closed","template":"","meta":{"nf_dc_page":""},"product_brand":[],"product_cat":[39,90,48],"product_tag":[],"class_list":{"0":"post-1719","1":"product","2":"type-product","3":"status-publish","4":"has-post-thumbnail","6":"product_cat-lingerie","7":"product_cat-night-out","8":"product_cat-sets","9":"pa_size-lingerie-l","10":"pa_size-lingerie-m","11":"pa_size-lingerie-s","12":"pa_size-lingerie-xl","13":"pa_size-lingerie-xs","15":"first","16":"instock","17":"shipping-taxable","18":"purchasable","19":"product-type-variable"},"yoast_head":"<!-- This site is optimized with the Yoast SEO plugin v27.5 - https:\/\/yoast.com\/product\/yoast-seo-wordpress\/ -->\n<title>NOIR DIVINITY set - lannelle<\/title>\n<meta name=\"description\" content=\"Lenjerie confectionata din danela premium si detalii aurii. Un set irezistibil pentru momente romantice sau rasfat personal.\" \/>\n<meta name=\"robots\" content=\"index, follow, max-snippet:-1, max-image-preview:large, max-video-preview:-1\" \/>\n<link rel=\"canonical\" href=\"https:\/\/lannelle.com\/ro\/produs\/noir-divinity-set\/\" \/>\n<meta property=\"og:locale\" content=\"ro_RO\" \/>\n<meta property=\"og:type\" content=\"article\" \/>\n<meta property=\"og:title\" content=\"NOIR DIVINITY set - lannelle\" \/>\n<meta property=\"og:description\" content=\"Lenjerie confectionata din danela premium si detalii aurii. Un set irezistibil pentru momente romantice sau rasfat personal.\" \/>\n<meta property=\"og:url\" content=\"https:\/\/lannelle.com\/ro\/produs\/noir-divinity-set\/\" \/>\n<meta property=\"og:site_name\" content=\"lannelle\" \/>\n<meta property=\"article:modified_time\" content=\"2026-01-17T07:38:05+00:00\" \/>\n<meta property=\"og:image\" content=\"https:\/\/lannelle.com\/wp-content\/uploads\/2025\/11\/SMH_f1007-scaled.jpg\" \/>\n\t<meta property=\"og:image:width\" content=\"2048\" \/>\n\t<meta property=\"og:image:height\" content=\"2560\" \/>\n\t<meta property=\"og:image:type\" content=\"image\/jpeg\" \/>\n<meta name=\"twitter:card\" content=\"summary_large_image\" \/>\n<meta name=\"twitter:label1\" content=\"Timp estimat pentru citire\" \/>\n\t<meta name=\"twitter:data1\" content=\"2 minute\" \/>\n<script type=\"application\/ld+json\" class=\"yoast-schema-graph\">{\"@context\":\"https:\\\/\\\/schema.org\",\"@graph\":[{\"@type\":\"WebPage\",\"@id\":\"https:\\\/\\\/lannelle.com\\\/product\\\/noir-divinity-set\\\/\",\"url\":\"https:\\\/\\\/lannelle.com\\\/product\\\/noir-divinity-set\\\/\",\"name\":\"NOIR DIVINITY set - lannelle\",\"isPartOf\":{\"@id\":\"https:\\\/\\\/lannelle.com\\\/#website\"},\"primaryImageOfPage\":{\"@id\":\"https:\\\/\\\/lannelle.com\\\/product\\\/noir-divinity-set\\\/#primaryimage\"},\"image\":{\"@id\":\"https:\\\/\\\/lannelle.com\\\/product\\\/noir-divinity-set\\\/#primaryimage\"},\"thumbnailUrl\":\"https:\\\/\\\/i0.wp.com\\\/lannelle.com\\\/wp-content\\\/uploads\\\/2025\\\/11\\\/SMH_f1007-scaled.jpg?fit=2048%2C2560&ssl=1\",\"datePublished\":\"2025-11-15T17:04:43+00:00\",\"dateModified\":\"2026-01-17T07:38:05+00:00\",\"description\":\"Lenjerie confectionata din danela premium si detalii aurii. Un set irezistibil pentru momente romantice sau rasfat personal.\",\"breadcrumb\":{\"@id\":\"https:\\\/\\\/lannelle.com\\\/product\\\/noir-divinity-set\\\/#breadcrumb\"},\"inLanguage\":\"ro-RO\",\"potentialAction\":[{\"@type\":\"ReadAction\",\"target\":[\"https:\\\/\\\/lannelle.com\\\/product\\\/noir-divinity-set\\\/\"]}]},{\"@type\":\"ImageObject\",\"inLanguage\":\"ro-RO\",\"@id\":\"https:\\\/\\\/lannelle.com\\\/product\\\/noir-divinity-set\\\/#primaryimage\",\"url\":\"https:\\\/\\\/i0.wp.com\\\/lannelle.com\\\/wp-content\\\/uploads\\\/2025\\\/11\\\/SMH_f1007-scaled.jpg?fit=2048%2C2560&ssl=1\",\"contentUrl\":\"https:\\\/\\\/i0.wp.com\\\/lannelle.com\\\/wp-content\\\/uploads\\\/2025\\\/11\\\/SMH_f1007-scaled.jpg?fit=2048%2C2560&ssl=1\",\"width\":2048,\"height\":2560},{\"@type\":\"BreadcrumbList\",\"@id\":\"https:\\\/\\\/lannelle.com\\\/product\\\/noir-divinity-set\\\/#breadcrumb\",\"itemListElement\":[{\"@type\":\"ListItem\",\"position\":1,\"name\":\"Home\",\"item\":\"https:\\\/\\\/lannelle.com\\\/\"},{\"@type\":\"ListItem\",\"position\":2,\"name\":\"SHOP\",\"item\":\"https:\\\/\\\/lannelle.com\\\/shop\\\/\"},{\"@type\":\"ListItem\",\"position\":3,\"name\":\"NOIR DIVINITY set\"}]},{\"@type\":\"WebSite\",\"@id\":\"https:\\\/\\\/lannelle.com\\\/#website\",\"url\":\"https:\\\/\\\/lannelle.com\\\/\",\"name\":\"lannelle\",\"description\":\"FOR YOUR PRECIOUS MOMENTS\",\"publisher\":{\"@id\":\"https:\\\/\\\/lannelle.com\\\/#organization\"},\"potentialAction\":[{\"@type\":\"SearchAction\",\"target\":{\"@type\":\"EntryPoint\",\"urlTemplate\":\"https:\\\/\\\/lannelle.com\\\/?s={search_term_string}\"},\"query-input\":{\"@type\":\"PropertyValueSpecification\",\"valueRequired\":true,\"valueName\":\"search_term_string\"}}],\"inLanguage\":\"ro-RO\"},{\"@type\":\"Organization\",\"@id\":\"https:\\\/\\\/lannelle.com\\\/#organization\",\"name\":\"lannelle\",\"url\":\"https:\\\/\\\/lannelle.com\\\/\",\"logo\":{\"@type\":\"ImageObject\",\"inLanguage\":\"ro-RO\",\"@id\":\"https:\\\/\\\/lannelle.com\\\/#\\\/schema\\\/logo\\\/image\\\/\",\"url\":\"https:\\\/\\\/i0.wp.com\\\/lannelle.com\\\/wp-content\\\/uploads\\\/2026\\\/01\\\/cropped-lannelle-wide-resized-50-1.png?fit=296%2C94&ssl=1\",\"contentUrl\":\"https:\\\/\\\/i0.wp.com\\\/lannelle.com\\\/wp-content\\\/uploads\\\/2026\\\/01\\\/cropped-lannelle-wide-resized-50-1.png?fit=296%2C94&ssl=1\",\"width\":296,\"height\":94,\"caption\":\"lannelle\"},\"image\":{\"@id\":\"https:\\\/\\\/lannelle.com\\\/#\\\/schema\\\/logo\\\/image\\\/\"}}]}<\/script>\n<!-- \/ Yoast SEO plugin. -->","yoast_head_json":{"title":"NOIR DIVINITY set - lannelle","description":"Lenjerie confectionata din danela premium si detalii aurii. Un set irezistibil pentru momente romantice sau rasfat personal.","robots":{"index":"index","follow":"follow","max-snippet":"max-snippet:-1","max-image-preview":"max-image-preview:large","max-video-preview":"max-video-preview:-1"},"canonical":"https:\/\/lannelle.com\/ro\/produs\/noir-divinity-set\/","og_locale":"ro_RO","og_type":"article","og_title":"NOIR DIVINITY set - lannelle","og_description":"Lenjerie confectionata din danela premium si detalii aurii. Un set irezistibil pentru momente romantice sau rasfat personal.","og_url":"https:\/\/lannelle.com\/ro\/produs\/noir-divinity-set\/","og_site_name":"lannelle","article_modified_time":"2026-01-17T07:38:05+00:00","og_image":[{"width":2048,"height":2560,"url":"https:\/\/lannelle.com\/wp-content\/uploads\/2025\/11\/SMH_f1007-scaled.jpg","type":"image\/jpeg"}],"twitter_card":"summary_large_image","twitter_misc":{"Timp estimat pentru citire":"2 minute"},"schema":{"@context":"https:\/\/schema.org","@graph":[{"@type":"WebPage","@id":"https:\/\/lannelle.com\/product\/noir-divinity-set\/","url":"https:\/\/lannelle.com\/product\/noir-divinity-set\/","name":"NOIR DIVINITY set - lannelle","isPartOf":{"@id":"https:\/\/lannelle.com\/#website"},"primaryImageOfPage":{"@id":"https:\/\/lannelle.com\/product\/noir-divinity-set\/#primaryimage"},"image":{"@id":"https:\/\/lannelle.com\/product\/noir-divinity-set\/#primaryimage"},"thumbnailUrl":"https:\/\/i0.wp.com\/lannelle.com\/wp-content\/uploads\/2025\/11\/SMH_f1007-scaled.jpg?fit=2048%2C2560&ssl=1","datePublished":"2025-11-15T17:04:43+00:00","dateModified":"2026-01-17T07:38:05+00:00","description":"Lenjerie confectionata din danela premium si detalii aurii. Un set irezistibil pentru momente romantice sau rasfat personal.","breadcrumb":{"@id":"https:\/\/lannelle.com\/product\/noir-divinity-set\/#breadcrumb"},"inLanguage":"ro-RO","potentialAction":[{"@type":"ReadAction","target":["https:\/\/lannelle.com\/product\/noir-divinity-set\/"]}]},{"@type":"ImageObject","inLanguage":"ro-RO","@id":"https:\/\/lannelle.com\/product\/noir-divinity-set\/#primaryimage","url":"https:\/\/i0.wp.com\/lannelle.com\/wp-content\/uploads\/2025\/11\/SMH_f1007-scaled.jpg?fit=2048%2C2560&ssl=1","contentUrl":"https:\/\/i0.wp.com\/lannelle.com\/wp-content\/uploads\/2025\/11\/SMH_f1007-scaled.jpg?fit=2048%2C2560&ssl=1","width":2048,"height":2560},{"@type":"BreadcrumbList","@id":"https:\/\/lannelle.com\/product\/noir-divinity-set\/#breadcrumb","itemListElement":[{"@type":"ListItem","position":1,"name":"Home","item":"https:\/\/lannelle.com\/"},{"@type":"ListItem","position":2,"name":"SHOP","item":"https:\/\/lannelle.com\/shop\/"},{"@type":"ListItem","position":3,"name":"NOIR DIVINITY set"}]},{"@type":"WebSite","@id":"https:\/\/lannelle.com\/#website","url":"https:\/\/lannelle.com\/","name":"lannelle","description":"FOR YOUR PRECIOUS MOMENTS","publisher":{"@id":"https:\/\/lannelle.com\/#organization"},"potentialAction":[{"@type":"SearchAction","target":{"@type":"EntryPoint","urlTemplate":"https:\/\/lannelle.com\/?s={search_term_string}"},"query-input":{"@type":"PropertyValueSpecification","valueRequired":true,"valueName":"search_term_string"}}],"inLanguage":"ro-RO"},{"@type":"Organization","@id":"https:\/\/lannelle.com\/#organization","name":"lannelle","url":"https:\/\/lannelle.com\/","logo":{"@type":"ImageObject","inLanguage":"ro-RO","@id":"https:\/\/lannelle.com\/#\/schema\/logo\/image\/","url":"https:\/\/i0.wp.com\/lannelle.com\/wp-content\/uploads\/2026\/01\/cropped-lannelle-wide-resized-50-1.png?fit=296%2C94&ssl=1","contentUrl":"https:\/\/i0.wp.com\/lannelle.com\/wp-content\/uploads\/2026\/01\/cropped-lannelle-wide-resized-50-1.png?fit=296%2C94&ssl=1","width":296,"height":94,"caption":"lannelle"},"image":{"@id":"https:\/\/lannelle.com\/#\/schema\/logo\/image\/"}}]}},"jetpack_sharing_enabled":true,"_links":{"self":[{"href":"https:\/\/lannelle.com\/ro\/wp-json\/wp\/v2\/product\/1719","targetHints":{"allow":["GET"]}}],"collection":[{"href":"https:\/\/lannelle.com\/ro\/wp-json\/wp\/v2\/product"}],"about":[{"href":"https:\/\/lannelle.com\/ro\/wp-json\/wp\/v2\/types\/product"}],"replies":[{"embeddable":true,"href":"https:\/\/lannelle.com\/ro\/wp-json\/wp\/v2\/comments?post=1719"}],"wp:featuredmedia":[{"embeddable":true,"href":"https:\/\/lannelle.com\/ro\/wp-json\/wp\/v2\/media\/1691"}],"wp:attachment":[{"href":"https:\/\/lannelle.com\/ro\/wp-json\/wp\/v2\/media?parent=1719"}],"wp:term":[{"taxonomy":"product_brand","embeddable":true,"href":"https:\/\/lannelle.com\/ro\/wp-json\/wp\/v2\/product_brand?post=1719"},{"taxonomy":"product_cat","embeddable":true,"href":"https:\/\/lannelle.com\/ro\/wp-json\/wp\/v2\/product_cat?post=1719"},{"taxonomy":"product_tag","embeddable":true,"href":"https:\/\/lannelle.com\/ro\/wp-json\/wp\/v2\/product_tag?post=1719"}],"curies":[{"name":"wp","href":"https:\/\/api.w.org\/{rel}","templated":true}]}}