{"id":1729,"date":"2025-11-15T18:09:45","date_gmt":"2025-11-15T18:09:45","guid":{"rendered":"https:\/\/lannelle.com\/?post_type=product&#038;p=1729"},"modified":"2026-01-19T20:14:38","modified_gmt":"2026-01-19T20:14:38","slug":"azalea-red-lingerie-set","status":"publish","type":"product","link":"https:\/\/lannelle.com\/ro\/produs\/azalea-red-lingerie-set\/","title":{"rendered":"&#8216;Mystery of Love&#8217; Lingerie set"},"content":{"rendered":"<p>Transform\u0103 fiecare moment \u00eentr-o declara\u021bie de pasiune \u0219i feminitate cu setul senzual \u00c1zalea'din 5 piese, creat pentru a \u00eembr\u0103\u021bi\u0219a intensitatea culorii ro\u0219u \u0219i elegan\u021ba dantelei fine. Acest set este conceput pentru femeia care \u00ee\u0219i cunoa\u0219te puterea, \u00ee\u0219i celebreaz\u0103 corpul \u0219i ador\u0103 s\u0103 se simt\u0103 irezistibil\u0103.<\/p>\n<h3 data-start=\"488\" data-end=\"514\"><strong data-start=\"492\" data-end=\"512\">Ce include:<\/strong><\/h3>\n<p data-start=\"426\" data-end=\"577\" class=\"translation-block\">\u2714 <strong data-start=\"428\" data-end=\"445\">Sutienul Azalea<\/strong> \u2013 Un design seduc\u0103tor, f\u0103r\u0103 s\u00e2rm\u0103, realizat din dantel\u0103 floral\u0103 premium, cu bretele reglabile pentru sus\u021binere \u0219i confort optim.<\/p>\n<p data-start=\"579\" data-end=\"711\" class=\"translation-block\">\u2714 <strong data-start=\"581\" data-end=\"601\">Chilotii Azalea <\/strong> \u2013 Croi feminin \u0219i delicat, cu dantel\u0103 fin\u0103 ce se a\u0219az\u0103 perfect pe formele tale \u0219i completeaz\u0103 armonios \u00eentregul ansamblu.<\/p>\n<p data-start=\"713\" data-end=\"890\" class=\"translation-block\">\u2714 <strong data-start=\"894\" data-end=\"910\">Portjartierul Azalea<\/strong> \u2013O pies\u0103 dramatic\u0103 \u0219i ultra-feminin\u0103, creat\u0103 pentru a sculpta talia \u0219i a \u00ee\u021bi accentua silueta, cu detalii elegante \u0219i accesorii metalice aurii.<\/p>\n<p data-start=\"892\" data-end=\"995\" class=\"translation-block\">\u2714 <strong data-start=\"894\" data-end=\"910\">Jartiere<\/strong> \u2013Adaug\u0103 o not\u0103 senzual\u0103, rafinat\u0103 \u0219i perfect armonizat\u0103 cu portjartierul.<\/p>\n<p data-start=\"997\" data-end=\"1123\" class=\"translation-block\">\u2714 <strong data-start=\"999\" data-end=\"1014\">Manusi<\/strong> \u2013 O atingere final\u0103 de mister \u0219i rafinament, complet\u00e2nd ansamblul \u00eentr-un mod spectaculos.<\/p>\n<h3 data-start=\"879\" data-end=\"908\"><strong data-start=\"883\" data-end=\"906\">De ce \u00eel vei adora?<\/strong><\/h3>\n<p data-start=\"909\" data-end=\"1344\" class=\"translation-block\">\u2728 Dantel\u0103 premium &amp; materiale luxoase \u2013 Fine la atingere, delicate pe piele \u0219i extrem de confortabile.\n\u2728 Impact vizual puternic \u2013 Nuanta intens\u0103 de ro\u0219u \u0219i detaliile dantelate creeaz\u0103 o prezen\u021b\u0103 seduc\u0103toare \u0219i memorabil\u0103.\n\u2728 Set complet &amp; armonios \u2013 Fiecare pies\u0103 este g\u00e2ndit\u0103 s\u0103 pun\u0103 \u00een valoare celelalte, pentru un look impecabil din cap p\u00e2n\u0103 \u00een picioare.\n\u2728 Ideal pentru momente speciale \u2013 Perfect pentru seri romantice, surprize intime, shootinguri personale sau pur \u0219i simplu pentru a-\u021bi celebra propria senzualitate.\n\u2728 Lucrat manual &amp; personalizabil \u2013 Fiecare pies\u0103 este realizat\u0103 la comand\u0103 \u0219i poate fi ajustat\u0103 pentru o potrivire perfect\u0103.<\/p>\n<h4>Impachetarea lenjeriei:<\/h4>\n<p>Acest set de lenjerie se livreaza impachetat deosebit si este oportunitatea perfecta pentru a oferi un cadou tie sau unei persoane dragi.<\/p>\n<h4>Styling:<\/h4>\n<p class=\"translation-block\">Pune-ti in voaloare senzulaitatea si imbraca eleganta suprema, purtand acest set impreuna cu <a href=\"https:\/\/lannelle.com\/ro\/produs\/sweetheart-red-kimono\/\" target=\"_self\"> kimonoul \u2018Sweetheart\u2019<\/a> sau <a href=\"https:\/\/lannelle.com\/ro\/produs\/dreamy-red-kimono\/\" target=\"_self\">\u2018Dreamy\u2019<\/a><\/p>\n<h4>Confectionarea produsului:<\/h4>\n<p>Acest seteste creat individual in functie de cerintele clientului si necesita lucru manual. Confectionarea produsului dureaze intre 7-10 zile.<\/p>\n<h4>Mod intretinere:<\/h4>\n<p>Pentru a te bucura de str\u0103lucirea setului o perioada \u00eendelungat\u0103, se recomanda sp\u0103larea produsului manual, la temperatura de maxim 30\u00b0C, separat de alte haine, folosind detergent lichid si nu se usuc\u0103 prin centrifugare.<\/p>\n<h4>Compozitia materialului:<\/h4>\n<p>90% Polyamide, 10% Elastane<\/p>\n<p>Accesorii metalice aurii<\/p>\n<h4>Ghid marimi:<\/h4>\n<p class=\"translation-block\">Gaseste-ti marimea  <a href=\"https:\/\/lannelle.com\/ro\/sizing\/\" target=\"_self\">aici si alege dintre marimile predefinite.<\/a><\/p>\n<p>Sau introdu marimile tale in casuta 'Marime personalizata' de mai sus<\/p>\n<p>Pentru Rochiile lungi, kimono-uri sau panataloni, este recomandat sa introduceti si intatimea dumneavoastra<\/p>","protected":false},"excerpt":{"rendered":"<p>Ignite your confidence and embrace your femininity with our luxurious 5-piece lingerie set, designed to celebrate passion, elegance, and irresistible allure. Crafted in a bold, romantic red lace, this ensemble is made for the woman who knows her power, adores her body, and loves to feel unforgettable. What\u2019s Included: \u2714 Lace Bralette \u2013 A seductive, &hellip; <\/p>","protected":false},"featured_media":2403,"comment_status":"open","ping_status":"closed","template":"","meta":{"nf_dc_page":""},"product_brand":[],"product_cat":[87,39,86,48],"product_tag":[],"class_list":{"0":"post-1729","1":"product","2":"type-product","3":"status-publish","4":"has-post-thumbnail","6":"product_cat-set-of-lingerie","7":"product_cat-lingerie","8":"product_cat-lingerie-sets","9":"product_cat-sets","10":"pa_size-lingerie-l","11":"pa_size-lingerie-m","12":"pa_size-lingerie-s","13":"pa_size-lingerie-xl","14":"pa_size-lingerie-xs","16":"first","17":"instock","18":"shipping-taxable","19":"purchasable","20":"product-type-variable"},"yoast_head":"<!-- This site is optimized with the Yoast SEO plugin v27.5 - https:\/\/yoast.com\/product\/yoast-seo-wordpress\/ -->\n<title>&#039;Mystery of Love&#039; Lingerie set - lannelle<\/title>\n<meta name=\"description\" content=\"Lenjerie confectionata din danela premium si detalii aurii. Un set irezistibil pentru momente romantice sau rasfat personal.\" \/>\n<meta name=\"robots\" content=\"index, follow, max-snippet:-1, max-image-preview:large, max-video-preview:-1\" \/>\n<link rel=\"canonical\" href=\"https:\/\/lannelle.com\/ro\/produs\/azalea-red-lingerie-set\/\" \/>\n<meta property=\"og:locale\" content=\"ro_RO\" \/>\n<meta property=\"og:type\" content=\"article\" \/>\n<meta property=\"og:title\" content=\"&#039;Mystery of Love&#039; Lingerie set - lannelle\" \/>\n<meta property=\"og:description\" content=\"Lenjerie confectionata din danela premium si detalii aurii. Un set irezistibil pentru momente romantice sau rasfat personal.\" \/>\n<meta property=\"og:url\" content=\"https:\/\/lannelle.com\/ro\/produs\/azalea-red-lingerie-set\/\" \/>\n<meta property=\"og:site_name\" content=\"lannelle\" \/>\n<meta property=\"article:modified_time\" content=\"2026-01-19T20:14:38+00:00\" \/>\n<meta property=\"og:image\" content=\"https:\/\/lannelle.com\/wp-content\/uploads\/2025\/11\/016A8862-scaled.jpg\" \/>\n\t<meta property=\"og:image:width\" content=\"1707\" \/>\n\t<meta property=\"og:image:height\" content=\"2560\" \/>\n\t<meta property=\"og:image:type\" content=\"image\/jpeg\" \/>\n<meta name=\"twitter:card\" content=\"summary_large_image\" \/>\n<meta name=\"twitter:label1\" content=\"Timp estimat pentru citire\" \/>\n\t<meta name=\"twitter:data1\" content=\"2 minute\" \/>\n<script type=\"application\/ld+json\" class=\"yoast-schema-graph\">{\"@context\":\"https:\\\/\\\/schema.org\",\"@graph\":[{\"@type\":\"WebPage\",\"@id\":\"https:\\\/\\\/lannelle.com\\\/product\\\/azalea-red-lingerie-set\\\/\",\"url\":\"https:\\\/\\\/lannelle.com\\\/product\\\/azalea-red-lingerie-set\\\/\",\"name\":\"'Mystery of Love' Lingerie set - lannelle\",\"isPartOf\":{\"@id\":\"https:\\\/\\\/lannelle.com\\\/#website\"},\"primaryImageOfPage\":{\"@id\":\"https:\\\/\\\/lannelle.com\\\/product\\\/azalea-red-lingerie-set\\\/#primaryimage\"},\"image\":{\"@id\":\"https:\\\/\\\/lannelle.com\\\/product\\\/azalea-red-lingerie-set\\\/#primaryimage\"},\"thumbnailUrl\":\"https:\\\/\\\/i0.wp.com\\\/lannelle.com\\\/wp-content\\\/uploads\\\/2025\\\/11\\\/016A8862-scaled.jpg?fit=1707%2C2560&ssl=1\",\"datePublished\":\"2025-11-15T18:09:45+00:00\",\"dateModified\":\"2026-01-19T20:14:38+00:00\",\"description\":\"Lenjerie confectionata din danela premium si detalii aurii. Un set irezistibil pentru momente romantice sau rasfat personal.\",\"breadcrumb\":{\"@id\":\"https:\\\/\\\/lannelle.com\\\/product\\\/azalea-red-lingerie-set\\\/#breadcrumb\"},\"inLanguage\":\"ro-RO\",\"potentialAction\":[{\"@type\":\"ReadAction\",\"target\":[\"https:\\\/\\\/lannelle.com\\\/product\\\/azalea-red-lingerie-set\\\/\"]}]},{\"@type\":\"ImageObject\",\"inLanguage\":\"ro-RO\",\"@id\":\"https:\\\/\\\/lannelle.com\\\/product\\\/azalea-red-lingerie-set\\\/#primaryimage\",\"url\":\"https:\\\/\\\/i0.wp.com\\\/lannelle.com\\\/wp-content\\\/uploads\\\/2025\\\/11\\\/016A8862-scaled.jpg?fit=1707%2C2560&ssl=1\",\"contentUrl\":\"https:\\\/\\\/i0.wp.com\\\/lannelle.com\\\/wp-content\\\/uploads\\\/2025\\\/11\\\/016A8862-scaled.jpg?fit=1707%2C2560&ssl=1\",\"width\":1707,\"height\":2560},{\"@type\":\"BreadcrumbList\",\"@id\":\"https:\\\/\\\/lannelle.com\\\/product\\\/azalea-red-lingerie-set\\\/#breadcrumb\",\"itemListElement\":[{\"@type\":\"ListItem\",\"position\":1,\"name\":\"Home\",\"item\":\"https:\\\/\\\/lannelle.com\\\/\"},{\"@type\":\"ListItem\",\"position\":2,\"name\":\"SHOP\",\"item\":\"https:\\\/\\\/lannelle.com\\\/shop\\\/\"},{\"@type\":\"ListItem\",\"position\":3,\"name\":\"&#8216;Mystery of Love&#8217; Lingerie set\"}]},{\"@type\":\"WebSite\",\"@id\":\"https:\\\/\\\/lannelle.com\\\/#website\",\"url\":\"https:\\\/\\\/lannelle.com\\\/\",\"name\":\"lannelle\",\"description\":\"FOR YOUR PRECIOUS MOMENTS\",\"publisher\":{\"@id\":\"https:\\\/\\\/lannelle.com\\\/#organization\"},\"potentialAction\":[{\"@type\":\"SearchAction\",\"target\":{\"@type\":\"EntryPoint\",\"urlTemplate\":\"https:\\\/\\\/lannelle.com\\\/?s={search_term_string}\"},\"query-input\":{\"@type\":\"PropertyValueSpecification\",\"valueRequired\":true,\"valueName\":\"search_term_string\"}}],\"inLanguage\":\"ro-RO\"},{\"@type\":\"Organization\",\"@id\":\"https:\\\/\\\/lannelle.com\\\/#organization\",\"name\":\"lannelle\",\"url\":\"https:\\\/\\\/lannelle.com\\\/\",\"logo\":{\"@type\":\"ImageObject\",\"inLanguage\":\"ro-RO\",\"@id\":\"https:\\\/\\\/lannelle.com\\\/#\\\/schema\\\/logo\\\/image\\\/\",\"url\":\"https:\\\/\\\/i0.wp.com\\\/lannelle.com\\\/wp-content\\\/uploads\\\/2026\\\/01\\\/cropped-lannelle-wide-resized-50-1.png?fit=296%2C94&ssl=1\",\"contentUrl\":\"https:\\\/\\\/i0.wp.com\\\/lannelle.com\\\/wp-content\\\/uploads\\\/2026\\\/01\\\/cropped-lannelle-wide-resized-50-1.png?fit=296%2C94&ssl=1\",\"width\":296,\"height\":94,\"caption\":\"lannelle\"},\"image\":{\"@id\":\"https:\\\/\\\/lannelle.com\\\/#\\\/schema\\\/logo\\\/image\\\/\"}}]}<\/script>\n<!-- \/ Yoast SEO plugin. -->","yoast_head_json":{"title":"'Mystery of Love' Lingerie set - lannelle","description":"Lenjerie confectionata din danela premium si detalii aurii. Un set irezistibil pentru momente romantice sau rasfat personal.","robots":{"index":"index","follow":"follow","max-snippet":"max-snippet:-1","max-image-preview":"max-image-preview:large","max-video-preview":"max-video-preview:-1"},"canonical":"https:\/\/lannelle.com\/ro\/produs\/azalea-red-lingerie-set\/","og_locale":"ro_RO","og_type":"article","og_title":"'Mystery of Love' Lingerie set - lannelle","og_description":"Lenjerie confectionata din danela premium si detalii aurii. Un set irezistibil pentru momente romantice sau rasfat personal.","og_url":"https:\/\/lannelle.com\/ro\/produs\/azalea-red-lingerie-set\/","og_site_name":"lannelle","article_modified_time":"2026-01-19T20:14:38+00:00","og_image":[{"width":1707,"height":2560,"url":"https:\/\/lannelle.com\/wp-content\/uploads\/2025\/11\/016A8862-scaled.jpg","type":"image\/jpeg"}],"twitter_card":"summary_large_image","twitter_misc":{"Timp estimat pentru citire":"2 minute"},"schema":{"@context":"https:\/\/schema.org","@graph":[{"@type":"WebPage","@id":"https:\/\/lannelle.com\/product\/azalea-red-lingerie-set\/","url":"https:\/\/lannelle.com\/product\/azalea-red-lingerie-set\/","name":"'Mystery of Love' Lingerie set - lannelle","isPartOf":{"@id":"https:\/\/lannelle.com\/#website"},"primaryImageOfPage":{"@id":"https:\/\/lannelle.com\/product\/azalea-red-lingerie-set\/#primaryimage"},"image":{"@id":"https:\/\/lannelle.com\/product\/azalea-red-lingerie-set\/#primaryimage"},"thumbnailUrl":"https:\/\/i0.wp.com\/lannelle.com\/wp-content\/uploads\/2025\/11\/016A8862-scaled.jpg?fit=1707%2C2560&ssl=1","datePublished":"2025-11-15T18:09:45+00:00","dateModified":"2026-01-19T20:14:38+00:00","description":"Lenjerie confectionata din danela premium si detalii aurii. Un set irezistibil pentru momente romantice sau rasfat personal.","breadcrumb":{"@id":"https:\/\/lannelle.com\/product\/azalea-red-lingerie-set\/#breadcrumb"},"inLanguage":"ro-RO","potentialAction":[{"@type":"ReadAction","target":["https:\/\/lannelle.com\/product\/azalea-red-lingerie-set\/"]}]},{"@type":"ImageObject","inLanguage":"ro-RO","@id":"https:\/\/lannelle.com\/product\/azalea-red-lingerie-set\/#primaryimage","url":"https:\/\/i0.wp.com\/lannelle.com\/wp-content\/uploads\/2025\/11\/016A8862-scaled.jpg?fit=1707%2C2560&ssl=1","contentUrl":"https:\/\/i0.wp.com\/lannelle.com\/wp-content\/uploads\/2025\/11\/016A8862-scaled.jpg?fit=1707%2C2560&ssl=1","width":1707,"height":2560},{"@type":"BreadcrumbList","@id":"https:\/\/lannelle.com\/product\/azalea-red-lingerie-set\/#breadcrumb","itemListElement":[{"@type":"ListItem","position":1,"name":"Home","item":"https:\/\/lannelle.com\/"},{"@type":"ListItem","position":2,"name":"SHOP","item":"https:\/\/lannelle.com\/shop\/"},{"@type":"ListItem","position":3,"name":"&#8216;Mystery of Love&#8217; Lingerie set"}]},{"@type":"WebSite","@id":"https:\/\/lannelle.com\/#website","url":"https:\/\/lannelle.com\/","name":"lannelle","description":"FOR YOUR PRECIOUS MOMENTS","publisher":{"@id":"https:\/\/lannelle.com\/#organization"},"potentialAction":[{"@type":"SearchAction","target":{"@type":"EntryPoint","urlTemplate":"https:\/\/lannelle.com\/?s={search_term_string}"},"query-input":{"@type":"PropertyValueSpecification","valueRequired":true,"valueName":"search_term_string"}}],"inLanguage":"ro-RO"},{"@type":"Organization","@id":"https:\/\/lannelle.com\/#organization","name":"lannelle","url":"https:\/\/lannelle.com\/","logo":{"@type":"ImageObject","inLanguage":"ro-RO","@id":"https:\/\/lannelle.com\/#\/schema\/logo\/image\/","url":"https:\/\/i0.wp.com\/lannelle.com\/wp-content\/uploads\/2026\/01\/cropped-lannelle-wide-resized-50-1.png?fit=296%2C94&ssl=1","contentUrl":"https:\/\/i0.wp.com\/lannelle.com\/wp-content\/uploads\/2026\/01\/cropped-lannelle-wide-resized-50-1.png?fit=296%2C94&ssl=1","width":296,"height":94,"caption":"lannelle"},"image":{"@id":"https:\/\/lannelle.com\/#\/schema\/logo\/image\/"}}]}},"jetpack_sharing_enabled":true,"_links":{"self":[{"href":"https:\/\/lannelle.com\/ro\/wp-json\/wp\/v2\/product\/1729","targetHints":{"allow":["GET"]}}],"collection":[{"href":"https:\/\/lannelle.com\/ro\/wp-json\/wp\/v2\/product"}],"about":[{"href":"https:\/\/lannelle.com\/ro\/wp-json\/wp\/v2\/types\/product"}],"replies":[{"embeddable":true,"href":"https:\/\/lannelle.com\/ro\/wp-json\/wp\/v2\/comments?post=1729"}],"wp:featuredmedia":[{"embeddable":true,"href":"https:\/\/lannelle.com\/ro\/wp-json\/wp\/v2\/media\/2403"}],"wp:attachment":[{"href":"https:\/\/lannelle.com\/ro\/wp-json\/wp\/v2\/media?parent=1729"}],"wp:term":[{"taxonomy":"product_brand","embeddable":true,"href":"https:\/\/lannelle.com\/ro\/wp-json\/wp\/v2\/product_brand?post=1729"},{"taxonomy":"product_cat","embeddable":true,"href":"https:\/\/lannelle.com\/ro\/wp-json\/wp\/v2\/product_cat?post=1729"},{"taxonomy":"product_tag","embeddable":true,"href":"https:\/\/lannelle.com\/ro\/wp-json\/wp\/v2\/product_tag?post=1729"}],"curies":[{"name":"wp","href":"https:\/\/api.w.org\/{rel}","templated":true}]}}