{"id":1984,"date":"2026-01-14T18:40:33","date_gmt":"2026-01-14T18:40:33","guid":{"rendered":"https:\/\/lannelle.com\/?post_type=product&#038;p=1984"},"modified":"2026-02-06T13:21:40","modified_gmt":"2026-02-06T13:21:40","slug":"made-for-heaven-dress","status":"publish","type":"product","link":"https:\/\/lannelle.com\/ro\/produs\/made-for-heaven-dress\/","title":{"rendered":"&#8216;Made for Heaven&#8217; Dress"},"content":{"rendered":"<p>O expresie rafinat\u0103 a elegan\u021bei moderne, aceast\u0103 rochie din tulle tip plas\u0103 semnat\u0103 Lannelle seduce prin senzualitate subtil\u0103 \u0219i lux discret. Decorat\u0103 delicat cu paiete fine, capteaz\u0103 lumina \u00eentr-un mod elegant \u0219i sofisticat.<\/p>\n<p>Silueta fluid\u0103 este completat\u0103 de un slit lateral ce alunge\u0219te linia corpului \u0219i ofer\u0103 libertate de mi\u0219care. M\u0103nu\u0219ile asortate din tulle transparent transform\u0103 rochia \u00eentr-o pies\u0103 cu aer couture.<\/p>\n<ul>\n<li>Tulle tip plas\u0103 cu paiete discrete<\/li>\n<li>Slit lateral elegant<\/li>\n<li>M\u0103nu\u0219i asortate incluse<\/li>\n<li>Material u\u0219or, fluid \u0219i transparent<\/li>\n<li>Lucrat\u0103 manual &amp; personalizabil\u0103<\/li>\n<\/ul>\n<p><strong>Cum porti acest articol:<\/strong><\/p>\n<p>Create your stunning outfit wearing the &#8216;Angelica&#8217; <a href=\"https:\/\/lannelle.com\/ro\/produs\/angelica-bra\/\">lingerie<\/a> underneath.<\/p>\n<p>Ideal\u0103 pentru evenimente de sear\u0103, apari\u021bii exclusiviste sau momente fashion memorabile.<\/p>\n<h4>Confectionarea produsului:<\/h4>\n<p class=\"translation-block\">Acesta rochie este <strong>realizata la comanda <\/strong>dupa cerintele clientei si necesita <strong>lucru manual<\/strong>. Confectionarea produsului dureaze intre 2-3 zile.<\/p>\n<h4>Mod intretinere:<\/h4>\n<p>Pentru a te bucura de rafinamentul rochiei o perioada \u00eendelungat\u0103, se recomanda sp\u0103larea produsului manual, la temperatura de maxim 30\u00b0C, separat de alte haine, folosind detergent lichid si nu se usuc\u0103 prin centrifugare.<\/p>\n<p><span data-tooltip=\"Lavage \u00e0 la main seulement\"><img loading=\"lazy\" decoding=\"async\" class=\"\" src=\"https:\/\/aubade.com\/cdn\/shop\/files\/Lavage_a_la_main_seulement.svg?v=11772006658559170994\" alt=\"Lavage \u00e0 la main seulement\" width=\"30\" height=\"25\" \/><\/span><span data-tooltip=\"Ne pas utiliser de chlore\"><img loading=\"lazy\" decoding=\"async\" class=\"\" src=\"https:\/\/aubade.com\/cdn\/shop\/files\/Ne_pas_utiliser_de_chlore.svg?v=8517282586200863271\" alt=\"Ne pas utiliser de chlore\" width=\"32\" height=\"24\" \/><\/span><span data-tooltip=\"Ne pas s\u00e9cher en machine\"><img loading=\"lazy\" decoding=\"async\" class=\"\" src=\"https:\/\/aubade.com\/cdn\/shop\/files\/Ne_pas_secher_en_machine.svg?v=17910323668477182275\" alt=\"Ne pas s\u00e9cher en machine\" width=\"32\" height=\"24\" \/><\/span><span data-tooltip=\"Ne pas repasser\"><img loading=\"lazy\" decoding=\"async\" class=\"\" src=\"https:\/\/aubade.com\/cdn\/shop\/files\/Ne_pas_repasser.svg?v=5464519775049364050\" alt=\"Ne pas repasser\" width=\"34\" height=\"23\" \/><\/span><span data-tooltip=\"Ne pas nettoyer \u00e0 sec\"><img loading=\"lazy\" decoding=\"async\" class=\"\" src=\"https:\/\/aubade.com\/cdn\/shop\/files\/Ne_pas_nettoyer_a_sec.svg?v=12400350765183569088\" alt=\"Ne pas nettoyer \u00e0 sec\" width=\"24\" height=\"24\" \/><\/span><\/p>\n<h4>Compozitia materialului:<\/h4>\n<p>100% poliester<\/p>\n<h4>Ghid marimi:<\/h4>\n<p class=\"translation-block\">Gaseste-ti marimea  <a href=\"https:\/\/lannelle.com\/ro\/sizing\/\" target=\"_self\">aici si alege dintre marimile predefinite.<\/a><\/p>\n<p>Sau introdu marimile tale in casuta 'Marime personalizata' de mai sus<\/p>\n<p>Pentru Rochiile lungi, kimono-uri sau panataloni, este recomandat sa introduceti si intatimea dumneavoastra<\/p>","protected":false},"excerpt":{"rendered":"<p>A refined expression of modern elegance, this sheer mesh tulle dress by Lannelle is designed to captivate through subtle sensuality and quiet luxury. Delicately adorned with fine sequins, it reflects light softly, creating an ethereal and sophisticated presence. The sleek silhouette is enhanced by a graceful side slit that elongates the figure and adds fluid &hellip; <\/p>","protected":false},"featured_media":1991,"comment_status":"open","ping_status":"closed","template":"","meta":{"nf_dc_page":""},"product_brand":[],"product_cat":[50,52],"product_tag":[],"class_list":{"0":"post-1984","1":"product","2":"type-product","3":"status-publish","4":"has-post-thumbnail","6":"product_cat-dresses","7":"product_cat-sale","8":"pa_size-custom","9":"pa_size-l","10":"pa_size-m","11":"pa_size-s","13":"first","14":"instock","15":"sale","16":"shipping-taxable","17":"purchasable","18":"product-type-variable"},"yoast_head":"<!-- This site is optimized with the Yoast SEO plugin v27.5 - https:\/\/yoast.com\/product\/yoast-seo-wordpress\/ -->\n<title>&#039;Made for Heaven&#039; Dress - lannelle<\/title>\n<meta name=\"description\" content=\"&quot;Forget Me Not&quot; - a captivating tulle dress designed to celebrate the essence of femininity. Inspired by the delicate symbolism of the Forget Me Not flower, it gracefully highlights the beauty of a woman&#039;s body and promises to leave an unforgettable impression.\" \/>\n<meta name=\"robots\" content=\"index, follow, max-snippet:-1, max-image-preview:large, max-video-preview:-1\" \/>\n<link rel=\"canonical\" href=\"https:\/\/lannelle.com\/ro\/produs\/made-for-heaven-dress\/\" \/>\n<meta property=\"og:locale\" content=\"ro_RO\" \/>\n<meta property=\"og:type\" content=\"article\" \/>\n<meta property=\"og:title\" content=\"&#039;Made for Heaven&#039; Dress - lannelle\" \/>\n<meta property=\"og:description\" content=\"&quot;Forget Me Not&quot; - a captivating tulle dress designed to celebrate the essence of femininity. Inspired by the delicate symbolism of the Forget Me Not flower, it gracefully highlights the beauty of a woman&#039;s body and promises to leave an unforgettable impression.\" \/>\n<meta property=\"og:url\" content=\"https:\/\/lannelle.com\/ro\/produs\/made-for-heaven-dress\/\" \/>\n<meta property=\"og:site_name\" content=\"lannelle\" \/>\n<meta property=\"article:modified_time\" content=\"2026-02-06T13:21:40+00:00\" \/>\n<meta property=\"og:image\" content=\"https:\/\/lannelle.com\/wp-content\/uploads\/2026\/01\/PXL_20250214_203812967-scaled.jpg\" \/>\n\t<meta property=\"og:image:width\" content=\"1440\" \/>\n\t<meta property=\"og:image:height\" content=\"2560\" \/>\n\t<meta property=\"og:image:type\" content=\"image\/jpeg\" \/>\n<meta name=\"twitter:card\" content=\"summary_large_image\" \/>\n<meta name=\"twitter:label1\" content=\"Timp estimat pentru citire\" \/>\n\t<meta name=\"twitter:data1\" content=\"3 minute\" \/>\n<script type=\"application\/ld+json\" class=\"yoast-schema-graph\">{\"@context\":\"https:\\\/\\\/schema.org\",\"@graph\":[{\"@type\":\"WebPage\",\"@id\":\"https:\\\/\\\/lannelle.com\\\/product\\\/made-for-heaven-dress\\\/\",\"url\":\"https:\\\/\\\/lannelle.com\\\/product\\\/made-for-heaven-dress\\\/\",\"name\":\"'Made for Heaven' Dress - lannelle\",\"isPartOf\":{\"@id\":\"https:\\\/\\\/lannelle.com\\\/#website\"},\"primaryImageOfPage\":{\"@id\":\"https:\\\/\\\/lannelle.com\\\/product\\\/made-for-heaven-dress\\\/#primaryimage\"},\"image\":{\"@id\":\"https:\\\/\\\/lannelle.com\\\/product\\\/made-for-heaven-dress\\\/#primaryimage\"},\"thumbnailUrl\":\"https:\\\/\\\/i0.wp.com\\\/lannelle.com\\\/wp-content\\\/uploads\\\/2026\\\/01\\\/PXL_20250214_203812967-scaled.jpg?fit=1440%2C2560&ssl=1\",\"datePublished\":\"2026-01-14T18:40:33+00:00\",\"dateModified\":\"2026-02-06T13:21:40+00:00\",\"description\":\"\\\"Forget Me Not\\\" - a captivating tulle dress designed to celebrate the essence of femininity. Inspired by the delicate symbolism of the Forget Me Not flower, it gracefully highlights the beauty of a woman's body and promises to leave an unforgettable impression.\",\"breadcrumb\":{\"@id\":\"https:\\\/\\\/lannelle.com\\\/product\\\/made-for-heaven-dress\\\/#breadcrumb\"},\"inLanguage\":\"ro-RO\",\"potentialAction\":[{\"@type\":\"ReadAction\",\"target\":[\"https:\\\/\\\/lannelle.com\\\/product\\\/made-for-heaven-dress\\\/\"]}]},{\"@type\":\"ImageObject\",\"inLanguage\":\"ro-RO\",\"@id\":\"https:\\\/\\\/lannelle.com\\\/product\\\/made-for-heaven-dress\\\/#primaryimage\",\"url\":\"https:\\\/\\\/i0.wp.com\\\/lannelle.com\\\/wp-content\\\/uploads\\\/2026\\\/01\\\/PXL_20250214_203812967-scaled.jpg?fit=1440%2C2560&ssl=1\",\"contentUrl\":\"https:\\\/\\\/i0.wp.com\\\/lannelle.com\\\/wp-content\\\/uploads\\\/2026\\\/01\\\/PXL_20250214_203812967-scaled.jpg?fit=1440%2C2560&ssl=1\",\"width\":1440,\"height\":2560},{\"@type\":\"BreadcrumbList\",\"@id\":\"https:\\\/\\\/lannelle.com\\\/product\\\/made-for-heaven-dress\\\/#breadcrumb\",\"itemListElement\":[{\"@type\":\"ListItem\",\"position\":1,\"name\":\"Home\",\"item\":\"https:\\\/\\\/lannelle.com\\\/\"},{\"@type\":\"ListItem\",\"position\":2,\"name\":\"SHOP\",\"item\":\"https:\\\/\\\/lannelle.com\\\/shop\\\/\"},{\"@type\":\"ListItem\",\"position\":3,\"name\":\"&#8216;Made for Heaven&#8217; Dress\"}]},{\"@type\":\"WebSite\",\"@id\":\"https:\\\/\\\/lannelle.com\\\/#website\",\"url\":\"https:\\\/\\\/lannelle.com\\\/\",\"name\":\"lannelle\",\"description\":\"FOR YOUR PRECIOUS MOMENTS\",\"publisher\":{\"@id\":\"https:\\\/\\\/lannelle.com\\\/#organization\"},\"potentialAction\":[{\"@type\":\"SearchAction\",\"target\":{\"@type\":\"EntryPoint\",\"urlTemplate\":\"https:\\\/\\\/lannelle.com\\\/?s={search_term_string}\"},\"query-input\":{\"@type\":\"PropertyValueSpecification\",\"valueRequired\":true,\"valueName\":\"search_term_string\"}}],\"inLanguage\":\"ro-RO\"},{\"@type\":\"Organization\",\"@id\":\"https:\\\/\\\/lannelle.com\\\/#organization\",\"name\":\"lannelle\",\"url\":\"https:\\\/\\\/lannelle.com\\\/\",\"logo\":{\"@type\":\"ImageObject\",\"inLanguage\":\"ro-RO\",\"@id\":\"https:\\\/\\\/lannelle.com\\\/#\\\/schema\\\/logo\\\/image\\\/\",\"url\":\"https:\\\/\\\/i0.wp.com\\\/lannelle.com\\\/wp-content\\\/uploads\\\/2026\\\/01\\\/cropped-lannelle-wide-resized-50-1.png?fit=296%2C94&ssl=1\",\"contentUrl\":\"https:\\\/\\\/i0.wp.com\\\/lannelle.com\\\/wp-content\\\/uploads\\\/2026\\\/01\\\/cropped-lannelle-wide-resized-50-1.png?fit=296%2C94&ssl=1\",\"width\":296,\"height\":94,\"caption\":\"lannelle\"},\"image\":{\"@id\":\"https:\\\/\\\/lannelle.com\\\/#\\\/schema\\\/logo\\\/image\\\/\"}}]}<\/script>\n<!-- \/ Yoast SEO plugin. -->","yoast_head_json":{"title":"'Made for Heaven' Dress - lannelle","description":"\"Forget Me Not\" - a captivating tulle dress designed to celebrate the essence of femininity. Inspired by the delicate symbolism of the Forget Me Not flower, it gracefully highlights the beauty of a woman's body and promises to leave an unforgettable impression.","robots":{"index":"index","follow":"follow","max-snippet":"max-snippet:-1","max-image-preview":"max-image-preview:large","max-video-preview":"max-video-preview:-1"},"canonical":"https:\/\/lannelle.com\/ro\/produs\/made-for-heaven-dress\/","og_locale":"ro_RO","og_type":"article","og_title":"'Made for Heaven' Dress - lannelle","og_description":"\"Forget Me Not\" - a captivating tulle dress designed to celebrate the essence of femininity. Inspired by the delicate symbolism of the Forget Me Not flower, it gracefully highlights the beauty of a woman's body and promises to leave an unforgettable impression.","og_url":"https:\/\/lannelle.com\/ro\/produs\/made-for-heaven-dress\/","og_site_name":"lannelle","article_modified_time":"2026-02-06T13:21:40+00:00","og_image":[{"width":1440,"height":2560,"url":"https:\/\/lannelle.com\/wp-content\/uploads\/2026\/01\/PXL_20250214_203812967-scaled.jpg","type":"image\/jpeg"}],"twitter_card":"summary_large_image","twitter_misc":{"Timp estimat pentru citire":"3 minute"},"schema":{"@context":"https:\/\/schema.org","@graph":[{"@type":"WebPage","@id":"https:\/\/lannelle.com\/product\/made-for-heaven-dress\/","url":"https:\/\/lannelle.com\/product\/made-for-heaven-dress\/","name":"'Made for Heaven' Dress - lannelle","isPartOf":{"@id":"https:\/\/lannelle.com\/#website"},"primaryImageOfPage":{"@id":"https:\/\/lannelle.com\/product\/made-for-heaven-dress\/#primaryimage"},"image":{"@id":"https:\/\/lannelle.com\/product\/made-for-heaven-dress\/#primaryimage"},"thumbnailUrl":"https:\/\/i0.wp.com\/lannelle.com\/wp-content\/uploads\/2026\/01\/PXL_20250214_203812967-scaled.jpg?fit=1440%2C2560&ssl=1","datePublished":"2026-01-14T18:40:33+00:00","dateModified":"2026-02-06T13:21:40+00:00","description":"\"Forget Me Not\" - a captivating tulle dress designed to celebrate the essence of femininity. Inspired by the delicate symbolism of the Forget Me Not flower, it gracefully highlights the beauty of a woman's body and promises to leave an unforgettable impression.","breadcrumb":{"@id":"https:\/\/lannelle.com\/product\/made-for-heaven-dress\/#breadcrumb"},"inLanguage":"ro-RO","potentialAction":[{"@type":"ReadAction","target":["https:\/\/lannelle.com\/product\/made-for-heaven-dress\/"]}]},{"@type":"ImageObject","inLanguage":"ro-RO","@id":"https:\/\/lannelle.com\/product\/made-for-heaven-dress\/#primaryimage","url":"https:\/\/i0.wp.com\/lannelle.com\/wp-content\/uploads\/2026\/01\/PXL_20250214_203812967-scaled.jpg?fit=1440%2C2560&ssl=1","contentUrl":"https:\/\/i0.wp.com\/lannelle.com\/wp-content\/uploads\/2026\/01\/PXL_20250214_203812967-scaled.jpg?fit=1440%2C2560&ssl=1","width":1440,"height":2560},{"@type":"BreadcrumbList","@id":"https:\/\/lannelle.com\/product\/made-for-heaven-dress\/#breadcrumb","itemListElement":[{"@type":"ListItem","position":1,"name":"Home","item":"https:\/\/lannelle.com\/"},{"@type":"ListItem","position":2,"name":"SHOP","item":"https:\/\/lannelle.com\/shop\/"},{"@type":"ListItem","position":3,"name":"&#8216;Made for Heaven&#8217; Dress"}]},{"@type":"WebSite","@id":"https:\/\/lannelle.com\/#website","url":"https:\/\/lannelle.com\/","name":"lannelle","description":"FOR YOUR PRECIOUS MOMENTS","publisher":{"@id":"https:\/\/lannelle.com\/#organization"},"potentialAction":[{"@type":"SearchAction","target":{"@type":"EntryPoint","urlTemplate":"https:\/\/lannelle.com\/?s={search_term_string}"},"query-input":{"@type":"PropertyValueSpecification","valueRequired":true,"valueName":"search_term_string"}}],"inLanguage":"ro-RO"},{"@type":"Organization","@id":"https:\/\/lannelle.com\/#organization","name":"lannelle","url":"https:\/\/lannelle.com\/","logo":{"@type":"ImageObject","inLanguage":"ro-RO","@id":"https:\/\/lannelle.com\/#\/schema\/logo\/image\/","url":"https:\/\/i0.wp.com\/lannelle.com\/wp-content\/uploads\/2026\/01\/cropped-lannelle-wide-resized-50-1.png?fit=296%2C94&ssl=1","contentUrl":"https:\/\/i0.wp.com\/lannelle.com\/wp-content\/uploads\/2026\/01\/cropped-lannelle-wide-resized-50-1.png?fit=296%2C94&ssl=1","width":296,"height":94,"caption":"lannelle"},"image":{"@id":"https:\/\/lannelle.com\/#\/schema\/logo\/image\/"}}]}},"jetpack_sharing_enabled":true,"_links":{"self":[{"href":"https:\/\/lannelle.com\/ro\/wp-json\/wp\/v2\/product\/1984","targetHints":{"allow":["GET"]}}],"collection":[{"href":"https:\/\/lannelle.com\/ro\/wp-json\/wp\/v2\/product"}],"about":[{"href":"https:\/\/lannelle.com\/ro\/wp-json\/wp\/v2\/types\/product"}],"replies":[{"embeddable":true,"href":"https:\/\/lannelle.com\/ro\/wp-json\/wp\/v2\/comments?post=1984"}],"wp:featuredmedia":[{"embeddable":true,"href":"https:\/\/lannelle.com\/ro\/wp-json\/wp\/v2\/media\/1991"}],"wp:attachment":[{"href":"https:\/\/lannelle.com\/ro\/wp-json\/wp\/v2\/media?parent=1984"}],"wp:term":[{"taxonomy":"product_brand","embeddable":true,"href":"https:\/\/lannelle.com\/ro\/wp-json\/wp\/v2\/product_brand?post=1984"},{"taxonomy":"product_cat","embeddable":true,"href":"https:\/\/lannelle.com\/ro\/wp-json\/wp\/v2\/product_cat?post=1984"},{"taxonomy":"product_tag","embeddable":true,"href":"https:\/\/lannelle.com\/ro\/wp-json\/wp\/v2\/product_tag?post=1984"}],"curies":[{"name":"wp","href":"https:\/\/api.w.org\/{rel}","templated":true}]}}