{"id":2359,"date":"2026-01-17T07:08:47","date_gmt":"2026-01-17T07:08:47","guid":{"rendered":"https:\/\/lannelle.com\/?post_type=product&#038;p=2359"},"modified":"2026-01-17T07:19:13","modified_gmt":"2026-01-17T07:19:13","slug":"pure-vibrarion-set","status":"publish","type":"product","link":"https:\/\/lannelle.com\/ro\/produs\/pure-vibrarion-set\/","title":{"rendered":"&#8216;Pure Vibration&#8217; set"},"content":{"rendered":"<p>Descoper\u0103 o senzualitate subtil\u0103 \u0219i o elegan\u021b\u0103 atemporal\u0103 cu acest set de lenjerie intim\u0103 completat de kimono, creat pentru a pune \u00een valoare feminitatea natural\u0103 prin dantel\u0103 delicat\u0103 \u0219i linii fluide. Rafinat, dar seduc\u0103tor \u00een mod discret, acest ansamblu vorbe\u0219te despre \u00eencredere, delicate\u021be \u0219i armonie.<\/p>\n<h3 data-start=\"488\" data-end=\"514\"><strong data-start=\"492\" data-end=\"512\">Ce include:<\/strong><\/h3>\n<p data-start=\"868\" data-end=\"1026\"><strong data-start=\"870\" data-end=\"882\">Sutien din dantel\u0103<\/strong>\u2013 Crafted from premium floral lace, offering gentle support and a naturally flattering shape, designed to feel light and luxurious on the skin.<\/p>\n<p data-start=\"1028\" data-end=\"1166\" class=\"translation-block\"><strong data-start=\"581\" data-end=\"601\">Chilot delicat<\/strong> \u2013 Croi feminin \u0219i delicat, cu dantel\u0103 fin\u0103 ce se a\u0219az\u0103 perfect pe formele tale \u0219i completeaz\u0103 armonios \u00eentregul ansamblu.<\/p>\n<p data-start=\"1168\" data-end=\"1324\"><strong data-start=\"1170\" data-end=\"1191\">Kimono lung din dantel\u0103<\/strong>U\u0219or, fluid \u0219i delicat, creat pentru a ad\u0103uga mister, elegan\u021b\u0103 \u0219i un plus de feminitate \u00eentregului ansamblu.<\/p>\n<h3 data-start=\"879\" data-end=\"908\"><strong data-start=\"883\" data-end=\"906\">De ce \u00eel vei adora?<\/strong><\/h3>\n<p data-start=\"909\" data-end=\"1344\">\u2728 <strong data-start=\"1362\" data-end=\"1383\">Elegan\u021b\u0103 atemporal\u0103<\/strong> \u2013 Croiuri clasice din dantel\u0103 reinterpretate \u00eentr-un stil modern \u0219i feminin.<br data-start=\"1458\" data-end=\"1461\" \/>\u2728 <strong data-start=\"1463\" data-end=\"1492\">Materiale fine &amp; luxury<\/strong> \u2013 Dantel\u0103 u\u0219oar\u0103, respirabil\u0103 \u0219i extrem de pl\u0103cut\u0103 pe piele.<br data-start=\"1570\" data-end=\"1573\" \/>\u2728 <strong data-start=\"1575\" data-end=\"1604\">Potrivire echilibrat\u0103 \u0219i avantajoas\u0103<\/strong> \u2013 Creat pentru a pune \u00een valoare formele naturale, f\u0103r\u0103 a compromite confortul.<br data-start=\"1671\" data-end=\"1674\" \/>\u2728 <strong data-start=\"1676\" data-end=\"1697\">Stilizare versatil\u0103<\/strong> \u2013 Poart\u0103 lenjeria simplu sau completeaz-o cu kimono-ul pentru un look sofisticat.<br data-start=\"1788\" data-end=\"1791\" \/>\u2728 <strong data-start=\"1793\" data-end=\"1823\">Lucrat manual &amp; personalizabil<\/strong> \u2013 Fiecare pies\u0103 este realizat\u0103 manual \u0219i poate fi adaptat\u0103 m\u0103surilor tale pentru o potrivire impecabil\u0103.<\/p>\n<h4>Impachetarea lenjeriei:<\/h4>\n<p>Acest set de lenjerie se livreaza impachetat deosebit si este oportunitatea perfecta pentru a oferi un cadou tie sau unei persoane dragi.<\/p>\n<h4>Confectionarea produsului:<\/h4>\n<p>Acest seteste creat individual in functie de cerintele clientului si necesita lucru manual. Confectionarea produsului dureaze intre 7-10 zile.<\/p>\n<h4>Mod intretinere:<\/h4>\n<p>Pentru a te bucura de str\u0103lucirea setului o perioada \u00eendelungat\u0103, se recomanda sp\u0103larea produsului manual, la temperatura de maxim 30\u00b0C, separat de alte haine, folosind detergent lichid si nu se usuc\u0103 prin centrifugare.<\/p>\n<h4>Compozitia materialului:<\/h4>\n<p>80% Polyamide, 20% Elastane<\/p>\n<p>Accesorii metalice aurii<\/p>\n<h4>Ghid marimi:<\/h4>\n<p class=\"translation-block\">Gaseste-ti marimea  <a href=\"https:\/\/lannelle.com\/ro\/sizing\/\" target=\"_self\">aici si alege dintre marimile predefinite.<\/a><\/p>\n<p>Sau introdu marimile tale in casuta 'Marime personalizata' de mai sus<\/p>\n<p>Pentru Rochiile lungi, kimono-uri sau panataloni, este recomandat sa introduceti si intatimea dumneavoastra<\/p>","protected":false},"excerpt":{"rendered":"<p>Embrace understated sensuality and timeless elegance with this refined lingerie and kimono set, designed to highlight natural femininity through delicate lace and fluid silhouettes. Sophisticated yet effortlessly seductive, this ensemble invites you into a world where confidence feels soft, intimate, and beautifully composed. What\u2019s Included: Lace Bra\u2013 Crafted from premium floral lace, offering gentle support &hellip; <\/p>","protected":false},"featured_media":2370,"comment_status":"open","ping_status":"closed","template":"","meta":{"nf_dc_page":""},"product_brand":[],"product_cat":[87,39,86,48],"product_tag":[],"class_list":{"0":"post-2359","1":"product","2":"type-product","3":"status-publish","4":"has-post-thumbnail","6":"product_cat-set-of-lingerie","7":"product_cat-lingerie","8":"product_cat-lingerie-sets","9":"product_cat-sets","10":"pa_size-lingerie-l","11":"pa_size-lingerie-m","12":"pa_size-lingerie-s","13":"pa_size-lingerie-xl","14":"pa_size-lingerie-xs","16":"first","17":"instock","18":"shipping-taxable","19":"purchasable","20":"product-type-variable"},"yoast_head":"<!-- This site is optimized with the Yoast SEO plugin v27.5 - https:\/\/yoast.com\/product\/yoast-seo-wordpress\/ -->\n<title>&#039;Pure Vibration&#039; set - lannelle<\/title>\n<meta name=\"description\" content=\"Lenjerie confectionata din danela premium si detalii aurii. Un set irezistibil pentru momente romantice sau rasfat personal.\" \/>\n<meta name=\"robots\" content=\"index, follow, max-snippet:-1, max-image-preview:large, max-video-preview:-1\" \/>\n<link rel=\"canonical\" href=\"https:\/\/lannelle.com\/ro\/produs\/pure-vibrarion-set\/\" \/>\n<meta property=\"og:locale\" content=\"ro_RO\" \/>\n<meta property=\"og:type\" content=\"article\" \/>\n<meta property=\"og:title\" content=\"&#039;Pure Vibration&#039; set - lannelle\" \/>\n<meta property=\"og:description\" content=\"Lenjerie confectionata din danela premium si detalii aurii. Un set irezistibil pentru momente romantice sau rasfat personal.\" \/>\n<meta property=\"og:url\" content=\"https:\/\/lannelle.com\/ro\/produs\/pure-vibrarion-set\/\" \/>\n<meta property=\"og:site_name\" content=\"lannelle\" \/>\n<meta property=\"article:modified_time\" content=\"2026-01-17T07:19:13+00:00\" \/>\n<meta property=\"og:image\" content=\"https:\/\/lannelle.com\/wp-content\/uploads\/2026\/01\/AXC_2814-scaled.jpg\" \/>\n\t<meta property=\"og:image:width\" content=\"1707\" \/>\n\t<meta property=\"og:image:height\" content=\"2560\" \/>\n\t<meta property=\"og:image:type\" content=\"image\/jpeg\" \/>\n<meta name=\"twitter:card\" content=\"summary_large_image\" \/>\n<meta name=\"twitter:label1\" content=\"Timp estimat pentru citire\" \/>\n\t<meta name=\"twitter:data1\" content=\"2 minute\" \/>\n<script type=\"application\/ld+json\" class=\"yoast-schema-graph\">{\"@context\":\"https:\\\/\\\/schema.org\",\"@graph\":[{\"@type\":\"WebPage\",\"@id\":\"https:\\\/\\\/lannelle.com\\\/product\\\/pure-vibrarion-set\\\/\",\"url\":\"https:\\\/\\\/lannelle.com\\\/product\\\/pure-vibrarion-set\\\/\",\"name\":\"'Pure Vibration' set - lannelle\",\"isPartOf\":{\"@id\":\"https:\\\/\\\/lannelle.com\\\/#website\"},\"primaryImageOfPage\":{\"@id\":\"https:\\\/\\\/lannelle.com\\\/product\\\/pure-vibrarion-set\\\/#primaryimage\"},\"image\":{\"@id\":\"https:\\\/\\\/lannelle.com\\\/product\\\/pure-vibrarion-set\\\/#primaryimage\"},\"thumbnailUrl\":\"https:\\\/\\\/i0.wp.com\\\/lannelle.com\\\/wp-content\\\/uploads\\\/2026\\\/01\\\/AXC_2814-scaled.jpg?fit=1707%2C2560&ssl=1\",\"datePublished\":\"2026-01-17T07:08:47+00:00\",\"dateModified\":\"2026-01-17T07:19:13+00:00\",\"description\":\"Lenjerie confectionata din danela premium si detalii aurii. Un set irezistibil pentru momente romantice sau rasfat personal.\",\"breadcrumb\":{\"@id\":\"https:\\\/\\\/lannelle.com\\\/product\\\/pure-vibrarion-set\\\/#breadcrumb\"},\"inLanguage\":\"ro-RO\",\"potentialAction\":[{\"@type\":\"ReadAction\",\"target\":[\"https:\\\/\\\/lannelle.com\\\/product\\\/pure-vibrarion-set\\\/\"]}]},{\"@type\":\"ImageObject\",\"inLanguage\":\"ro-RO\",\"@id\":\"https:\\\/\\\/lannelle.com\\\/product\\\/pure-vibrarion-set\\\/#primaryimage\",\"url\":\"https:\\\/\\\/i0.wp.com\\\/lannelle.com\\\/wp-content\\\/uploads\\\/2026\\\/01\\\/AXC_2814-scaled.jpg?fit=1707%2C2560&ssl=1\",\"contentUrl\":\"https:\\\/\\\/i0.wp.com\\\/lannelle.com\\\/wp-content\\\/uploads\\\/2026\\\/01\\\/AXC_2814-scaled.jpg?fit=1707%2C2560&ssl=1\",\"width\":1707,\"height\":2560},{\"@type\":\"BreadcrumbList\",\"@id\":\"https:\\\/\\\/lannelle.com\\\/product\\\/pure-vibrarion-set\\\/#breadcrumb\",\"itemListElement\":[{\"@type\":\"ListItem\",\"position\":1,\"name\":\"Home\",\"item\":\"https:\\\/\\\/lannelle.com\\\/\"},{\"@type\":\"ListItem\",\"position\":2,\"name\":\"SHOP\",\"item\":\"https:\\\/\\\/lannelle.com\\\/shop\\\/\"},{\"@type\":\"ListItem\",\"position\":3,\"name\":\"&#8216;Pure Vibration&#8217; set\"}]},{\"@type\":\"WebSite\",\"@id\":\"https:\\\/\\\/lannelle.com\\\/#website\",\"url\":\"https:\\\/\\\/lannelle.com\\\/\",\"name\":\"lannelle\",\"description\":\"FOR YOUR PRECIOUS MOMENTS\",\"publisher\":{\"@id\":\"https:\\\/\\\/lannelle.com\\\/#organization\"},\"potentialAction\":[{\"@type\":\"SearchAction\",\"target\":{\"@type\":\"EntryPoint\",\"urlTemplate\":\"https:\\\/\\\/lannelle.com\\\/?s={search_term_string}\"},\"query-input\":{\"@type\":\"PropertyValueSpecification\",\"valueRequired\":true,\"valueName\":\"search_term_string\"}}],\"inLanguage\":\"ro-RO\"},{\"@type\":\"Organization\",\"@id\":\"https:\\\/\\\/lannelle.com\\\/#organization\",\"name\":\"lannelle\",\"url\":\"https:\\\/\\\/lannelle.com\\\/\",\"logo\":{\"@type\":\"ImageObject\",\"inLanguage\":\"ro-RO\",\"@id\":\"https:\\\/\\\/lannelle.com\\\/#\\\/schema\\\/logo\\\/image\\\/\",\"url\":\"https:\\\/\\\/i0.wp.com\\\/lannelle.com\\\/wp-content\\\/uploads\\\/2026\\\/01\\\/cropped-lannelle-wide-resized-50-1.png?fit=296%2C94&ssl=1\",\"contentUrl\":\"https:\\\/\\\/i0.wp.com\\\/lannelle.com\\\/wp-content\\\/uploads\\\/2026\\\/01\\\/cropped-lannelle-wide-resized-50-1.png?fit=296%2C94&ssl=1\",\"width\":296,\"height\":94,\"caption\":\"lannelle\"},\"image\":{\"@id\":\"https:\\\/\\\/lannelle.com\\\/#\\\/schema\\\/logo\\\/image\\\/\"}}]}<\/script>\n<!-- \/ Yoast SEO plugin. -->","yoast_head_json":{"title":"'Pure Vibration' set - lannelle","description":"Lenjerie confectionata din danela premium si detalii aurii. Un set irezistibil pentru momente romantice sau rasfat personal.","robots":{"index":"index","follow":"follow","max-snippet":"max-snippet:-1","max-image-preview":"max-image-preview:large","max-video-preview":"max-video-preview:-1"},"canonical":"https:\/\/lannelle.com\/ro\/produs\/pure-vibrarion-set\/","og_locale":"ro_RO","og_type":"article","og_title":"'Pure Vibration' set - lannelle","og_description":"Lenjerie confectionata din danela premium si detalii aurii. Un set irezistibil pentru momente romantice sau rasfat personal.","og_url":"https:\/\/lannelle.com\/ro\/produs\/pure-vibrarion-set\/","og_site_name":"lannelle","article_modified_time":"2026-01-17T07:19:13+00:00","og_image":[{"width":1707,"height":2560,"url":"https:\/\/lannelle.com\/wp-content\/uploads\/2026\/01\/AXC_2814-scaled.jpg","type":"image\/jpeg"}],"twitter_card":"summary_large_image","twitter_misc":{"Timp estimat pentru citire":"2 minute"},"schema":{"@context":"https:\/\/schema.org","@graph":[{"@type":"WebPage","@id":"https:\/\/lannelle.com\/product\/pure-vibrarion-set\/","url":"https:\/\/lannelle.com\/product\/pure-vibrarion-set\/","name":"'Pure Vibration' set - lannelle","isPartOf":{"@id":"https:\/\/lannelle.com\/#website"},"primaryImageOfPage":{"@id":"https:\/\/lannelle.com\/product\/pure-vibrarion-set\/#primaryimage"},"image":{"@id":"https:\/\/lannelle.com\/product\/pure-vibrarion-set\/#primaryimage"},"thumbnailUrl":"https:\/\/i0.wp.com\/lannelle.com\/wp-content\/uploads\/2026\/01\/AXC_2814-scaled.jpg?fit=1707%2C2560&ssl=1","datePublished":"2026-01-17T07:08:47+00:00","dateModified":"2026-01-17T07:19:13+00:00","description":"Lenjerie confectionata din danela premium si detalii aurii. Un set irezistibil pentru momente romantice sau rasfat personal.","breadcrumb":{"@id":"https:\/\/lannelle.com\/product\/pure-vibrarion-set\/#breadcrumb"},"inLanguage":"ro-RO","potentialAction":[{"@type":"ReadAction","target":["https:\/\/lannelle.com\/product\/pure-vibrarion-set\/"]}]},{"@type":"ImageObject","inLanguage":"ro-RO","@id":"https:\/\/lannelle.com\/product\/pure-vibrarion-set\/#primaryimage","url":"https:\/\/i0.wp.com\/lannelle.com\/wp-content\/uploads\/2026\/01\/AXC_2814-scaled.jpg?fit=1707%2C2560&ssl=1","contentUrl":"https:\/\/i0.wp.com\/lannelle.com\/wp-content\/uploads\/2026\/01\/AXC_2814-scaled.jpg?fit=1707%2C2560&ssl=1","width":1707,"height":2560},{"@type":"BreadcrumbList","@id":"https:\/\/lannelle.com\/product\/pure-vibrarion-set\/#breadcrumb","itemListElement":[{"@type":"ListItem","position":1,"name":"Home","item":"https:\/\/lannelle.com\/"},{"@type":"ListItem","position":2,"name":"SHOP","item":"https:\/\/lannelle.com\/shop\/"},{"@type":"ListItem","position":3,"name":"&#8216;Pure Vibration&#8217; set"}]},{"@type":"WebSite","@id":"https:\/\/lannelle.com\/#website","url":"https:\/\/lannelle.com\/","name":"lannelle","description":"FOR YOUR PRECIOUS MOMENTS","publisher":{"@id":"https:\/\/lannelle.com\/#organization"},"potentialAction":[{"@type":"SearchAction","target":{"@type":"EntryPoint","urlTemplate":"https:\/\/lannelle.com\/?s={search_term_string}"},"query-input":{"@type":"PropertyValueSpecification","valueRequired":true,"valueName":"search_term_string"}}],"inLanguage":"ro-RO"},{"@type":"Organization","@id":"https:\/\/lannelle.com\/#organization","name":"lannelle","url":"https:\/\/lannelle.com\/","logo":{"@type":"ImageObject","inLanguage":"ro-RO","@id":"https:\/\/lannelle.com\/#\/schema\/logo\/image\/","url":"https:\/\/i0.wp.com\/lannelle.com\/wp-content\/uploads\/2026\/01\/cropped-lannelle-wide-resized-50-1.png?fit=296%2C94&ssl=1","contentUrl":"https:\/\/i0.wp.com\/lannelle.com\/wp-content\/uploads\/2026\/01\/cropped-lannelle-wide-resized-50-1.png?fit=296%2C94&ssl=1","width":296,"height":94,"caption":"lannelle"},"image":{"@id":"https:\/\/lannelle.com\/#\/schema\/logo\/image\/"}}]}},"jetpack_sharing_enabled":true,"_links":{"self":[{"href":"https:\/\/lannelle.com\/ro\/wp-json\/wp\/v2\/product\/2359","targetHints":{"allow":["GET"]}}],"collection":[{"href":"https:\/\/lannelle.com\/ro\/wp-json\/wp\/v2\/product"}],"about":[{"href":"https:\/\/lannelle.com\/ro\/wp-json\/wp\/v2\/types\/product"}],"replies":[{"embeddable":true,"href":"https:\/\/lannelle.com\/ro\/wp-json\/wp\/v2\/comments?post=2359"}],"wp:featuredmedia":[{"embeddable":true,"href":"https:\/\/lannelle.com\/ro\/wp-json\/wp\/v2\/media\/2370"}],"wp:attachment":[{"href":"https:\/\/lannelle.com\/ro\/wp-json\/wp\/v2\/media?parent=2359"}],"wp:term":[{"taxonomy":"product_brand","embeddable":true,"href":"https:\/\/lannelle.com\/ro\/wp-json\/wp\/v2\/product_brand?post=2359"},{"taxonomy":"product_cat","embeddable":true,"href":"https:\/\/lannelle.com\/ro\/wp-json\/wp\/v2\/product_cat?post=2359"},{"taxonomy":"product_tag","embeddable":true,"href":"https:\/\/lannelle.com\/ro\/wp-json\/wp\/v2\/product_tag?post=2359"}],"curies":[{"name":"wp","href":"https:\/\/api.w.org\/{rel}","templated":true}]}}