{"id":2377,"date":"2026-01-17T07:27:29","date_gmt":"2026-01-17T07:27:29","guid":{"rendered":"https:\/\/lannelle.com\/?post_type=product&#038;p=2377"},"modified":"2026-02-06T12:07:59","modified_gmt":"2026-02-06T12:07:59","slug":"black-passion-dress","status":"publish","type":"product","link":"https:\/\/lannelle.com\/ro\/produs\/black-passion-dress\/","title":{"rendered":"Rochie \u2018Black Passion\u2019"},"content":{"rendered":"<p data-start=\"198\" data-end=\"433\">Aceast\u0103 rochie din dantel\u0103 transparent\u0103 Lannelle exprim\u0103 feminitatea modern\u0103 prin lejeritate, transparen\u021b\u0103 \u0219i o senzualitate rafinat\u0103. Realizat\u0103 din dantel\u0103 floral\u0103 delicat\u0103, rochia cade fluid pe corp, contur\u00e2nd o siluet\u0103 alungit\u0103 \u0219i armonioas\u0103.<\/p>\n<ul>\n<li data-start=\"671\" data-end=\"713\">\n<p data-start=\"673\" data-end=\"713\">Rochie lung\u0103 din dantel\u0103 floral\u0103 transparent\u0103<\/p>\n<\/li>\n<li data-start=\"714\" data-end=\"764\">\n<p data-start=\"716\" data-end=\"764\">Material u\u0219or, fluid \u0219i delicat transparent<\/p>\n<\/li>\n<li data-start=\"765\" data-end=\"806\">\n<p data-start=\"767\" data-end=\"806\">Siluet\u0103 lejer\u0103 ce urm\u0103re\u0219te linia corpului<\/p>\n<\/li>\n<li data-start=\"807\" data-end=\"855\">\n<p data-start=\"809\" data-end=\"855\">Lucrat\u0103 manual &amp; personalizabil\u0103<\/p>\n<\/li>\n<\/ul>\n<p><strong>Cum porti acest articol:<\/strong><\/p>\n<p data-start=\"857\" data-end=\"968\">Poart-o peste lenjeria ta neagr\u0103 preferat\u0103 sau peste un costum de baie, pentru un look \u00eendr\u0103zne\u021b \u0219i sofisticat.<\/p>\n<p data-start=\"970\" data-end=\"1052\">Ideal\u0103 pentru seri de var\u0103, escapade la mare sau apari\u021bii elegante \u00een resorturi exclusiviste.<\/p>\n<h4>Confectionarea produsului:<\/h4>\n<p class=\"translation-block\">Acesta rochie este <strong>realizata la comanda <\/strong>dupa cerintele clientei si necesita <strong>lucru manual<\/strong>. Confectionarea produsului dureaze intre 2-3 zile.<\/p>\n<h4>Mod intretinere:<\/h4>\n<p>Pentru a te bucura de rafinamentul rochiei o perioada \u00eendelungat\u0103, se recomanda sp\u0103larea produsului manual, la temperatura de maxim 30\u00b0C, separat de alte haine, folosind detergent lichid si nu se usuc\u0103 prin centrifugare.<\/p>\n<p><span data-tooltip=\"Lavage \u00e0 la main seulement\"><img loading=\"lazy\" decoding=\"async\" class=\"\" src=\"https:\/\/aubade.com\/cdn\/shop\/files\/Lavage_a_la_main_seulement.svg?v=11772006658559170994\" alt=\"Lavage \u00e0 la main seulement\" width=\"30\" height=\"25\" \/><\/span><span data-tooltip=\"Ne pas utiliser de chlore\"><img loading=\"lazy\" decoding=\"async\" class=\"\" src=\"https:\/\/aubade.com\/cdn\/shop\/files\/Ne_pas_utiliser_de_chlore.svg?v=8517282586200863271\" alt=\"Ne pas utiliser de chlore\" width=\"32\" height=\"24\" \/><\/span><span data-tooltip=\"Ne pas s\u00e9cher en machine\"><img loading=\"lazy\" decoding=\"async\" class=\"\" src=\"https:\/\/aubade.com\/cdn\/shop\/files\/Ne_pas_secher_en_machine.svg?v=17910323668477182275\" alt=\"Ne pas s\u00e9cher en machine\" width=\"32\" height=\"24\" \/><\/span><span data-tooltip=\"Ne pas repasser\"><img loading=\"lazy\" decoding=\"async\" class=\"\" src=\"https:\/\/aubade.com\/cdn\/shop\/files\/Ne_pas_repasser.svg?v=5464519775049364050\" alt=\"Ne pas repasser\" width=\"34\" height=\"23\" \/><\/span><span data-tooltip=\"Ne pas nettoyer \u00e0 sec\"><img loading=\"lazy\" decoding=\"async\" class=\"\" src=\"https:\/\/aubade.com\/cdn\/shop\/files\/Ne_pas_nettoyer_a_sec.svg?v=12400350765183569088\" alt=\"Ne pas nettoyer \u00e0 sec\" width=\"24\" height=\"24\" \/><\/span><\/p>\n<h4>Compozitia materialului:<\/h4>\n<p>100% poliester<\/p>\n<h4>Ghid marimi:<\/h4>\n<p class=\"translation-block\">Gaseste-ti marimea  <a href=\"https:\/\/lannelle.com\/ro\/sizing\/\" target=\"_self\">aici si alege dintre marimile predefinite.<\/a><\/p>\n<p>Sau introdu marimile tale in casuta 'Marime personalizata' de mai sus<\/p>\n<p>Pentru Rochiile lungi, kimono-uri sau panataloni, este recomandat sa introduceti si intatimea dumneavoastra<\/p>","protected":false},"excerpt":{"rendered":"<p>This sheer lace dress by Lannelle embodies modern femininity through lightness, transparency, and refined sensuality. Crafted from delicate floral lace, it drapes softly over the body, creating a fluid and elongated silhouette. Long dress made from sheer floral lace Lightweight, fluid, and delicately transparent Soft silhouette that follows the body Handmade &amp; customizable to your &hellip; <\/p>","protected":false},"featured_media":2368,"comment_status":"open","ping_status":"closed","template":"","meta":{"nf_dc_page":""},"product_brand":[],"product_cat":[50,52],"product_tag":[],"class_list":{"0":"post-2377","1":"product","2":"type-product","3":"status-publish","4":"has-post-thumbnail","6":"product_cat-dresses","7":"product_cat-sale","8":"pa_size-custom","9":"pa_size-l","10":"pa_size-m","11":"pa_size-s","13":"first","14":"instock","15":"sale","16":"shipping-taxable","17":"purchasable","18":"product-type-variable"},"yoast_head":"<!-- This site is optimized with the Yoast SEO plugin v27.5 - https:\/\/yoast.com\/product\/yoast-seo-wordpress\/ -->\n<title>&#039;Black Passion&#039; Dress - lannelle<\/title>\n<meta name=\"description\" content=\"&quot;Forget Me Not&quot; - a captivating tulle dress designed to celebrate the essence of femininity. Inspired by the delicate symbolism of the Forget Me Not flower, it gracefully highlights the beauty of a woman&#039;s body and promises to leave an unforgettable impression.\" \/>\n<meta name=\"robots\" content=\"index, follow, max-snippet:-1, max-image-preview:large, max-video-preview:-1\" \/>\n<link rel=\"canonical\" href=\"https:\/\/lannelle.com\/ro\/produs\/black-passion-dress\/\" \/>\n<meta property=\"og:locale\" content=\"ro_RO\" \/>\n<meta property=\"og:type\" content=\"article\" \/>\n<meta property=\"og:title\" content=\"&#039;Black Passion&#039; Dress - lannelle\" \/>\n<meta property=\"og:description\" content=\"&quot;Forget Me Not&quot; - a captivating tulle dress designed to celebrate the essence of femininity. Inspired by the delicate symbolism of the Forget Me Not flower, it gracefully highlights the beauty of a woman&#039;s body and promises to leave an unforgettable impression.\" \/>\n<meta property=\"og:url\" content=\"https:\/\/lannelle.com\/ro\/produs\/black-passion-dress\/\" \/>\n<meta property=\"og:site_name\" content=\"lannelle\" \/>\n<meta property=\"article:modified_time\" content=\"2026-02-06T12:07:59+00:00\" \/>\n<meta property=\"og:image\" content=\"https:\/\/lannelle.com\/wp-content\/uploads\/2026\/01\/AXC_2800-scaled.jpg\" \/>\n\t<meta property=\"og:image:width\" content=\"1707\" \/>\n\t<meta property=\"og:image:height\" content=\"2560\" \/>\n\t<meta property=\"og:image:type\" content=\"image\/jpeg\" \/>\n<meta name=\"twitter:card\" content=\"summary_large_image\" \/>\n<meta name=\"twitter:label1\" content=\"Timp estimat pentru citire\" \/>\n\t<meta name=\"twitter:data1\" content=\"3 minute\" \/>\n<script type=\"application\/ld+json\" class=\"yoast-schema-graph\">{\"@context\":\"https:\\\/\\\/schema.org\",\"@graph\":[{\"@type\":\"WebPage\",\"@id\":\"https:\\\/\\\/lannelle.com\\\/product\\\/black-passion-dress\\\/\",\"url\":\"https:\\\/\\\/lannelle.com\\\/product\\\/black-passion-dress\\\/\",\"name\":\"'Black Passion' Dress - lannelle\",\"isPartOf\":{\"@id\":\"https:\\\/\\\/lannelle.com\\\/#website\"},\"primaryImageOfPage\":{\"@id\":\"https:\\\/\\\/lannelle.com\\\/product\\\/black-passion-dress\\\/#primaryimage\"},\"image\":{\"@id\":\"https:\\\/\\\/lannelle.com\\\/product\\\/black-passion-dress\\\/#primaryimage\"},\"thumbnailUrl\":\"https:\\\/\\\/i0.wp.com\\\/lannelle.com\\\/wp-content\\\/uploads\\\/2026\\\/01\\\/AXC_2800-scaled.jpg?fit=1707%2C2560&ssl=1\",\"datePublished\":\"2026-01-17T07:27:29+00:00\",\"dateModified\":\"2026-02-06T12:07:59+00:00\",\"description\":\"\\\"Forget Me Not\\\" - a captivating tulle dress designed to celebrate the essence of femininity. Inspired by the delicate symbolism of the Forget Me Not flower, it gracefully highlights the beauty of a woman's body and promises to leave an unforgettable impression.\",\"breadcrumb\":{\"@id\":\"https:\\\/\\\/lannelle.com\\\/product\\\/black-passion-dress\\\/#breadcrumb\"},\"inLanguage\":\"ro-RO\",\"potentialAction\":[{\"@type\":\"ReadAction\",\"target\":[\"https:\\\/\\\/lannelle.com\\\/product\\\/black-passion-dress\\\/\"]}]},{\"@type\":\"ImageObject\",\"inLanguage\":\"ro-RO\",\"@id\":\"https:\\\/\\\/lannelle.com\\\/product\\\/black-passion-dress\\\/#primaryimage\",\"url\":\"https:\\\/\\\/i0.wp.com\\\/lannelle.com\\\/wp-content\\\/uploads\\\/2026\\\/01\\\/AXC_2800-scaled.jpg?fit=1707%2C2560&ssl=1\",\"contentUrl\":\"https:\\\/\\\/i0.wp.com\\\/lannelle.com\\\/wp-content\\\/uploads\\\/2026\\\/01\\\/AXC_2800-scaled.jpg?fit=1707%2C2560&ssl=1\",\"width\":1707,\"height\":2560},{\"@type\":\"BreadcrumbList\",\"@id\":\"https:\\\/\\\/lannelle.com\\\/product\\\/black-passion-dress\\\/#breadcrumb\",\"itemListElement\":[{\"@type\":\"ListItem\",\"position\":1,\"name\":\"Home\",\"item\":\"https:\\\/\\\/lannelle.com\\\/\"},{\"@type\":\"ListItem\",\"position\":2,\"name\":\"SHOP\",\"item\":\"https:\\\/\\\/lannelle.com\\\/shop\\\/\"},{\"@type\":\"ListItem\",\"position\":3,\"name\":\"&#8216;Black Passion&#8217; Dress\"}]},{\"@type\":\"WebSite\",\"@id\":\"https:\\\/\\\/lannelle.com\\\/#website\",\"url\":\"https:\\\/\\\/lannelle.com\\\/\",\"name\":\"lannelle\",\"description\":\"FOR YOUR PRECIOUS MOMENTS\",\"publisher\":{\"@id\":\"https:\\\/\\\/lannelle.com\\\/#organization\"},\"potentialAction\":[{\"@type\":\"SearchAction\",\"target\":{\"@type\":\"EntryPoint\",\"urlTemplate\":\"https:\\\/\\\/lannelle.com\\\/?s={search_term_string}\"},\"query-input\":{\"@type\":\"PropertyValueSpecification\",\"valueRequired\":true,\"valueName\":\"search_term_string\"}}],\"inLanguage\":\"ro-RO\"},{\"@type\":\"Organization\",\"@id\":\"https:\\\/\\\/lannelle.com\\\/#organization\",\"name\":\"lannelle\",\"url\":\"https:\\\/\\\/lannelle.com\\\/\",\"logo\":{\"@type\":\"ImageObject\",\"inLanguage\":\"ro-RO\",\"@id\":\"https:\\\/\\\/lannelle.com\\\/#\\\/schema\\\/logo\\\/image\\\/\",\"url\":\"https:\\\/\\\/i0.wp.com\\\/lannelle.com\\\/wp-content\\\/uploads\\\/2026\\\/01\\\/cropped-lannelle-wide-resized-50-1.png?fit=296%2C94&ssl=1\",\"contentUrl\":\"https:\\\/\\\/i0.wp.com\\\/lannelle.com\\\/wp-content\\\/uploads\\\/2026\\\/01\\\/cropped-lannelle-wide-resized-50-1.png?fit=296%2C94&ssl=1\",\"width\":296,\"height\":94,\"caption\":\"lannelle\"},\"image\":{\"@id\":\"https:\\\/\\\/lannelle.com\\\/#\\\/schema\\\/logo\\\/image\\\/\"}}]}<\/script>\n<!-- \/ Yoast SEO plugin. -->","yoast_head_json":{"title":"'Black Passion' Dress - lannelle","description":"\"Forget Me Not\" - a captivating tulle dress designed to celebrate the essence of femininity. Inspired by the delicate symbolism of the Forget Me Not flower, it gracefully highlights the beauty of a woman's body and promises to leave an unforgettable impression.","robots":{"index":"index","follow":"follow","max-snippet":"max-snippet:-1","max-image-preview":"max-image-preview:large","max-video-preview":"max-video-preview:-1"},"canonical":"https:\/\/lannelle.com\/ro\/produs\/black-passion-dress\/","og_locale":"ro_RO","og_type":"article","og_title":"'Black Passion' Dress - lannelle","og_description":"\"Forget Me Not\" - a captivating tulle dress designed to celebrate the essence of femininity. Inspired by the delicate symbolism of the Forget Me Not flower, it gracefully highlights the beauty of a woman's body and promises to leave an unforgettable impression.","og_url":"https:\/\/lannelle.com\/ro\/produs\/black-passion-dress\/","og_site_name":"lannelle","article_modified_time":"2026-02-06T12:07:59+00:00","og_image":[{"width":1707,"height":2560,"url":"https:\/\/lannelle.com\/wp-content\/uploads\/2026\/01\/AXC_2800-scaled.jpg","type":"image\/jpeg"}],"twitter_card":"summary_large_image","twitter_misc":{"Timp estimat pentru citire":"3 minute"},"schema":{"@context":"https:\/\/schema.org","@graph":[{"@type":"WebPage","@id":"https:\/\/lannelle.com\/product\/black-passion-dress\/","url":"https:\/\/lannelle.com\/product\/black-passion-dress\/","name":"'Black Passion' Dress - lannelle","isPartOf":{"@id":"https:\/\/lannelle.com\/#website"},"primaryImageOfPage":{"@id":"https:\/\/lannelle.com\/product\/black-passion-dress\/#primaryimage"},"image":{"@id":"https:\/\/lannelle.com\/product\/black-passion-dress\/#primaryimage"},"thumbnailUrl":"https:\/\/i0.wp.com\/lannelle.com\/wp-content\/uploads\/2026\/01\/AXC_2800-scaled.jpg?fit=1707%2C2560&ssl=1","datePublished":"2026-01-17T07:27:29+00:00","dateModified":"2026-02-06T12:07:59+00:00","description":"\"Forget Me Not\" - a captivating tulle dress designed to celebrate the essence of femininity. Inspired by the delicate symbolism of the Forget Me Not flower, it gracefully highlights the beauty of a woman's body and promises to leave an unforgettable impression.","breadcrumb":{"@id":"https:\/\/lannelle.com\/product\/black-passion-dress\/#breadcrumb"},"inLanguage":"ro-RO","potentialAction":[{"@type":"ReadAction","target":["https:\/\/lannelle.com\/product\/black-passion-dress\/"]}]},{"@type":"ImageObject","inLanguage":"ro-RO","@id":"https:\/\/lannelle.com\/product\/black-passion-dress\/#primaryimage","url":"https:\/\/i0.wp.com\/lannelle.com\/wp-content\/uploads\/2026\/01\/AXC_2800-scaled.jpg?fit=1707%2C2560&ssl=1","contentUrl":"https:\/\/i0.wp.com\/lannelle.com\/wp-content\/uploads\/2026\/01\/AXC_2800-scaled.jpg?fit=1707%2C2560&ssl=1","width":1707,"height":2560},{"@type":"BreadcrumbList","@id":"https:\/\/lannelle.com\/product\/black-passion-dress\/#breadcrumb","itemListElement":[{"@type":"ListItem","position":1,"name":"Home","item":"https:\/\/lannelle.com\/"},{"@type":"ListItem","position":2,"name":"SHOP","item":"https:\/\/lannelle.com\/shop\/"},{"@type":"ListItem","position":3,"name":"&#8216;Black Passion&#8217; Dress"}]},{"@type":"WebSite","@id":"https:\/\/lannelle.com\/#website","url":"https:\/\/lannelle.com\/","name":"lannelle","description":"FOR YOUR PRECIOUS MOMENTS","publisher":{"@id":"https:\/\/lannelle.com\/#organization"},"potentialAction":[{"@type":"SearchAction","target":{"@type":"EntryPoint","urlTemplate":"https:\/\/lannelle.com\/?s={search_term_string}"},"query-input":{"@type":"PropertyValueSpecification","valueRequired":true,"valueName":"search_term_string"}}],"inLanguage":"ro-RO"},{"@type":"Organization","@id":"https:\/\/lannelle.com\/#organization","name":"lannelle","url":"https:\/\/lannelle.com\/","logo":{"@type":"ImageObject","inLanguage":"ro-RO","@id":"https:\/\/lannelle.com\/#\/schema\/logo\/image\/","url":"https:\/\/i0.wp.com\/lannelle.com\/wp-content\/uploads\/2026\/01\/cropped-lannelle-wide-resized-50-1.png?fit=296%2C94&ssl=1","contentUrl":"https:\/\/i0.wp.com\/lannelle.com\/wp-content\/uploads\/2026\/01\/cropped-lannelle-wide-resized-50-1.png?fit=296%2C94&ssl=1","width":296,"height":94,"caption":"lannelle"},"image":{"@id":"https:\/\/lannelle.com\/#\/schema\/logo\/image\/"}}]}},"jetpack_sharing_enabled":true,"_links":{"self":[{"href":"https:\/\/lannelle.com\/ro\/wp-json\/wp\/v2\/product\/2377","targetHints":{"allow":["GET"]}}],"collection":[{"href":"https:\/\/lannelle.com\/ro\/wp-json\/wp\/v2\/product"}],"about":[{"href":"https:\/\/lannelle.com\/ro\/wp-json\/wp\/v2\/types\/product"}],"replies":[{"embeddable":true,"href":"https:\/\/lannelle.com\/ro\/wp-json\/wp\/v2\/comments?post=2377"}],"wp:featuredmedia":[{"embeddable":true,"href":"https:\/\/lannelle.com\/ro\/wp-json\/wp\/v2\/media\/2368"}],"wp:attachment":[{"href":"https:\/\/lannelle.com\/ro\/wp-json\/wp\/v2\/media?parent=2377"}],"wp:term":[{"taxonomy":"product_brand","embeddable":true,"href":"https:\/\/lannelle.com\/ro\/wp-json\/wp\/v2\/product_brand?post=2377"},{"taxonomy":"product_cat","embeddable":true,"href":"https:\/\/lannelle.com\/ro\/wp-json\/wp\/v2\/product_cat?post=2377"},{"taxonomy":"product_tag","embeddable":true,"href":"https:\/\/lannelle.com\/ro\/wp-json\/wp\/v2\/product_tag?post=2377"}],"curies":[{"name":"wp","href":"https:\/\/api.w.org\/{rel}","templated":true}]}}