{"id":857,"date":"2023-06-13T12:01:15","date_gmt":"2023-06-13T12:01:15","guid":{"rendered":"https:\/\/lannelle.com\/?post_type=product&#038;p=857"},"modified":"2026-01-17T07:26:17","modified_gmt":"2026-01-17T07:26:17","slug":"sweetheart-black-set","status":"publish","type":"product","link":"https:\/\/lannelle.com\/ro\/produs\/sweetheart-black-set\/","title":{"rendered":"Set \u2018Sweetheart\u2019"},"content":{"rendered":"<p class=\"translation-block\">Redescoper\u0103 farmecul unei feminit\u0103\u021bi rafinate cu setul de 3 piese Sweetheart'\u2014 o combina\u021bie delicat\u0103 \u00eentre lux, confort \u0219i 'senzualitate. Creat pentru femeia care ador\u0103 elegan\u021ba chiar \u0219i \u00een cele mai intime momente,  <strong> acest set transform\u0103 relaxarea \u00eentr-o experien\u021b\u0103 de pur r\u0103sf\u0103\u021b. <\/strong><\/p>\n<h3 data-start=\"488\" data-end=\"514\"><strong data-start=\"492\" data-end=\"512\">Ce include:<\/strong><\/h3>\n<p data-start=\"497\" data-end=\"678\" class=\"translation-block\">\u2714 <strong data-start=\"499\" data-end=\"511\">Top din danela<\/strong> \u2013 Un top delicat din satin \u0219i dantel\u0103, fin la atingere<\/p>\n<p data-start=\"680\" data-end=\"826\" class=\"translation-block\">\u2714 <strong data-start=\"682\" data-end=\"706\"> Pantaloni<\/strong> \u2013 Pantaloni fluizi, lejeri, cu o siluet\u0103 elegant\u0103 \u0219i termina\u021bii din dantel\u0103 ce adaug\u0103 o not\u0103 de feminitate rafinat\u0103.<\/p>\n<p data-start=\"828\" data-end=\"987\" class=\"translation-block\">\u2714 <strong data-start=\"830\" data-end=\"849\">Kimono<\/strong> \u2013Un kimono sofisticat din satin, completat de inser\u021bii de dantel\u0103 pe m\u00e2neci, ce ofer\u0103 un plus de romantism \u00eentregii \u021binute.<\/p>\n<h3 data-start=\"879\" data-end=\"908\"><strong data-start=\"883\" data-end=\"906\">De ce \u00eel vei adora?<\/strong><\/h3>\n<p data-start=\"909\" data-end=\"1344\" class=\"translation-block\">\u2728 Satin luxuriant &amp; dantel\u0103 premium \u2013 Materiale pl\u0103cute pe piele, respirabile \u0219i elegant lucrate.\n\u2728 Croial\u0103 relaxat\u0103 \u0219i elegant\u0103 \u2013 Proiectat s\u0103 avantajeze orice tip de siluet\u0103, oferind \u00een acela\u0219i timp confort deplin.\n\u2728 Versatil &amp; atemporal \u2013 Perfect pentru serile lini\u0219tite, dimine\u021bile lente sau pentru a ad\u0103uga o not\u0103 de rafinament garderobei tale de cas\u0103.\n\u2728 Lucrat manual &amp; personalizabil \u2013 Fiecare pies\u0103 este realizat\u0103 manual \u0219i poate fi adaptat\u0103 m\u0103surilor tale pentru o potrivire impecabil\u0103.<\/p>\n<h4>Impachetarea lenjeriei:<\/h4>\n<p>Acest set de lenjerie se livreaza impachetat deosebit si este oportunitatea perfecta pentru a oferi un cadou tie sau unei persoane dragi.<\/p>\n<h4>Confectionarea produsului:<\/h4>\n<p>Acest seteste creat individual in functie de cerintele clientului si necesita lucru manual. Confectionarea produsului dureaze intre 7-10 zile.<\/p>\n<h4>Mod intretinere:<\/h4>\n<p>Pentru a te bucura de str\u0103lucirea pantalonilor o perioada \u00eendelungat\u0103, se recomanda sp\u0103larea produsului manual, la temperatura de maxim 30\u00b0C, separat de alte haine, folosind detergent lichid si nu se usuc\u0103 prin centrifugare.<\/p>\n<h4>Compozitia materialului:<\/h4>\n<p>95% polyester, 2% spandex<\/p>\n<h4>Ghid marimi:<\/h4>\n<p class=\"translation-block\">Gaseste-ti marimea  <a href=\"https:\/\/lannelle.com\/ro\/sizing\/\" target=\"_self\">aici si alege dintre marimile predefinite.<\/a><\/p>\n<p>Sau introdu marimile tale in casuta 'Marime personalizata' de mai sus<\/p>\n<p>Pentru Rochiile lungi, kimono-uri sau panataloni, este recomandat sa introduceti si intatimea dumneavoastra<\/p>","protected":false},"excerpt":{"rendered":"<p>Embrace the effortless charm of refined femininity with our 3-piece home wear set, Sweetheart \u2014 a dreamy blend of luxury, comfort, and sensual sophistication. Designed for the woman who adores elegance even in her most intimate, quiet moments, this set transforms relaxation into an experience of pure indulgence. What\u2019s Included: \u2714 Lace Top \u2013 A &hellip; <\/p>","protected":false},"featured_media":856,"comment_status":"open","ping_status":"closed","template":"","meta":{"nf_dc_page":""},"product_brand":[],"product_cat":[89,48],"product_tag":[],"class_list":{"0":"post-857","1":"product","2":"type-product","3":"status-publish","4":"has-post-thumbnail","6":"product_cat-sets-of-homewear","7":"product_cat-sets","8":"pa_size-custom","9":"pa_size-l","10":"pa_size-m","11":"pa_size-s","13":"first","14":"instock","15":"shipping-taxable","16":"purchasable","17":"product-type-variable"},"yoast_head":"<!-- This site is optimized with the Yoast SEO plugin v27.5 - https:\/\/yoast.com\/product\/yoast-seo-wordpress\/ -->\n<title>&#039;Sweetheart&#039; Black homewear set - lannelle<\/title>\n<meta name=\"description\" content=\"Black satin trousers with lace endings. Straight cut and high waisted.\" \/>\n<meta name=\"robots\" content=\"index, follow, max-snippet:-1, max-image-preview:large, max-video-preview:-1\" \/>\n<link rel=\"canonical\" href=\"https:\/\/lannelle.com\/ro\/produs\/sweetheart-black-set\/\" \/>\n<meta property=\"og:locale\" content=\"ro_RO\" \/>\n<meta property=\"og:type\" content=\"article\" \/>\n<meta property=\"og:title\" content=\"&#039;Sweetheart&#039; Black homewear set - lannelle\" \/>\n<meta property=\"og:description\" content=\"Black satin trousers with lace endings. Straight cut and high waisted.\" \/>\n<meta property=\"og:url\" content=\"https:\/\/lannelle.com\/ro\/produs\/sweetheart-black-set\/\" \/>\n<meta property=\"og:site_name\" content=\"lannelle\" \/>\n<meta property=\"article:modified_time\" content=\"2026-01-17T07:26:17+00:00\" \/>\n<meta property=\"og:image\" content=\"https:\/\/lannelle.com\/wp-content\/uploads\/2023\/06\/SMH_0749-scaled.jpg\" \/>\n\t<meta property=\"og:image:width\" content=\"1707\" \/>\n\t<meta property=\"og:image:height\" content=\"2560\" \/>\n\t<meta property=\"og:image:type\" content=\"image\/jpeg\" \/>\n<meta name=\"twitter:card\" content=\"summary_large_image\" \/>\n<meta name=\"twitter:label1\" content=\"Timp estimat pentru citire\" \/>\n\t<meta name=\"twitter:data1\" content=\"2 minute\" \/>\n<script type=\"application\/ld+json\" class=\"yoast-schema-graph\">{\"@context\":\"https:\\\/\\\/schema.org\",\"@graph\":[{\"@type\":\"WebPage\",\"@id\":\"https:\\\/\\\/lannelle.com\\\/product\\\/sweetheart-black-set\\\/\",\"url\":\"https:\\\/\\\/lannelle.com\\\/product\\\/sweetheart-black-set\\\/\",\"name\":\"'Sweetheart' Black homewear set - lannelle\",\"isPartOf\":{\"@id\":\"https:\\\/\\\/lannelle.com\\\/#website\"},\"primaryImageOfPage\":{\"@id\":\"https:\\\/\\\/lannelle.com\\\/product\\\/sweetheart-black-set\\\/#primaryimage\"},\"image\":{\"@id\":\"https:\\\/\\\/lannelle.com\\\/product\\\/sweetheart-black-set\\\/#primaryimage\"},\"thumbnailUrl\":\"https:\\\/\\\/i0.wp.com\\\/lannelle.com\\\/wp-content\\\/uploads\\\/2023\\\/06\\\/SMH_0749-scaled.jpg?fit=1707%2C2560&ssl=1\",\"datePublished\":\"2023-06-13T12:01:15+00:00\",\"dateModified\":\"2026-01-17T07:26:17+00:00\",\"description\":\"Black satin trousers with lace endings. Straight cut and high waisted.\",\"breadcrumb\":{\"@id\":\"https:\\\/\\\/lannelle.com\\\/product\\\/sweetheart-black-set\\\/#breadcrumb\"},\"inLanguage\":\"ro-RO\",\"potentialAction\":[{\"@type\":\"ReadAction\",\"target\":[\"https:\\\/\\\/lannelle.com\\\/product\\\/sweetheart-black-set\\\/\"]}]},{\"@type\":\"ImageObject\",\"inLanguage\":\"ro-RO\",\"@id\":\"https:\\\/\\\/lannelle.com\\\/product\\\/sweetheart-black-set\\\/#primaryimage\",\"url\":\"https:\\\/\\\/i0.wp.com\\\/lannelle.com\\\/wp-content\\\/uploads\\\/2023\\\/06\\\/SMH_0749-scaled.jpg?fit=1707%2C2560&ssl=1\",\"contentUrl\":\"https:\\\/\\\/i0.wp.com\\\/lannelle.com\\\/wp-content\\\/uploads\\\/2023\\\/06\\\/SMH_0749-scaled.jpg?fit=1707%2C2560&ssl=1\",\"width\":1707,\"height\":2560},{\"@type\":\"BreadcrumbList\",\"@id\":\"https:\\\/\\\/lannelle.com\\\/product\\\/sweetheart-black-set\\\/#breadcrumb\",\"itemListElement\":[{\"@type\":\"ListItem\",\"position\":1,\"name\":\"Home\",\"item\":\"https:\\\/\\\/lannelle.com\\\/\"},{\"@type\":\"ListItem\",\"position\":2,\"name\":\"SHOP\",\"item\":\"https:\\\/\\\/lannelle.com\\\/shop\\\/\"},{\"@type\":\"ListItem\",\"position\":3,\"name\":\"&#8216;Sweetheart&#8217; Black homewear set\"}]},{\"@type\":\"WebSite\",\"@id\":\"https:\\\/\\\/lannelle.com\\\/#website\",\"url\":\"https:\\\/\\\/lannelle.com\\\/\",\"name\":\"lannelle\",\"description\":\"FOR YOUR PRECIOUS MOMENTS\",\"publisher\":{\"@id\":\"https:\\\/\\\/lannelle.com\\\/#organization\"},\"potentialAction\":[{\"@type\":\"SearchAction\",\"target\":{\"@type\":\"EntryPoint\",\"urlTemplate\":\"https:\\\/\\\/lannelle.com\\\/?s={search_term_string}\"},\"query-input\":{\"@type\":\"PropertyValueSpecification\",\"valueRequired\":true,\"valueName\":\"search_term_string\"}}],\"inLanguage\":\"ro-RO\"},{\"@type\":\"Organization\",\"@id\":\"https:\\\/\\\/lannelle.com\\\/#organization\",\"name\":\"lannelle\",\"url\":\"https:\\\/\\\/lannelle.com\\\/\",\"logo\":{\"@type\":\"ImageObject\",\"inLanguage\":\"ro-RO\",\"@id\":\"https:\\\/\\\/lannelle.com\\\/#\\\/schema\\\/logo\\\/image\\\/\",\"url\":\"https:\\\/\\\/i0.wp.com\\\/lannelle.com\\\/wp-content\\\/uploads\\\/2026\\\/01\\\/cropped-lannelle-wide-resized-50-1.png?fit=296%2C94&ssl=1\",\"contentUrl\":\"https:\\\/\\\/i0.wp.com\\\/lannelle.com\\\/wp-content\\\/uploads\\\/2026\\\/01\\\/cropped-lannelle-wide-resized-50-1.png?fit=296%2C94&ssl=1\",\"width\":296,\"height\":94,\"caption\":\"lannelle\"},\"image\":{\"@id\":\"https:\\\/\\\/lannelle.com\\\/#\\\/schema\\\/logo\\\/image\\\/\"}}]}<\/script>\n<!-- \/ Yoast SEO plugin. -->","yoast_head_json":{"title":"'Sweetheart' Black homewear set - lannelle","description":"Pantaloni din satin cu terminatii din dantela. Pantalonii sunt cu talie inalta si usor evazati.","robots":{"index":"index","follow":"follow","max-snippet":"max-snippet:-1","max-image-preview":"max-image-preview:large","max-video-preview":"max-video-preview:-1"},"canonical":"https:\/\/lannelle.com\/ro\/produs\/sweetheart-black-set\/","og_locale":"ro_RO","og_type":"article","og_title":"'Sweetheart' Black homewear set - lannelle","og_description":"Black satin trousers with lace endings. Straight cut and high waisted.","og_url":"https:\/\/lannelle.com\/ro\/produs\/sweetheart-black-set\/","og_site_name":"lannelle","article_modified_time":"2026-01-17T07:26:17+00:00","og_image":[{"width":1707,"height":2560,"url":"https:\/\/lannelle.com\/wp-content\/uploads\/2023\/06\/SMH_0749-scaled.jpg","type":"image\/jpeg"}],"twitter_card":"summary_large_image","twitter_misc":{"Timp estimat pentru citire":"2 minute"},"schema":{"@context":"https:\/\/schema.org","@graph":[{"@type":"WebPage","@id":"https:\/\/lannelle.com\/product\/sweetheart-black-set\/","url":"https:\/\/lannelle.com\/product\/sweetheart-black-set\/","name":"'Sweetheart' Black homewear set - lannelle","isPartOf":{"@id":"https:\/\/lannelle.com\/#website"},"primaryImageOfPage":{"@id":"https:\/\/lannelle.com\/product\/sweetheart-black-set\/#primaryimage"},"image":{"@id":"https:\/\/lannelle.com\/product\/sweetheart-black-set\/#primaryimage"},"thumbnailUrl":"https:\/\/i0.wp.com\/lannelle.com\/wp-content\/uploads\/2023\/06\/SMH_0749-scaled.jpg?fit=1707%2C2560&ssl=1","datePublished":"2023-06-13T12:01:15+00:00","dateModified":"2026-01-17T07:26:17+00:00","description":"Pantaloni din satin cu terminatii din dantela. Pantalonii sunt cu talie inalta si usor evazati.","breadcrumb":{"@id":"https:\/\/lannelle.com\/product\/sweetheart-black-set\/#breadcrumb"},"inLanguage":"ro-RO","potentialAction":[{"@type":"ReadAction","target":["https:\/\/lannelle.com\/product\/sweetheart-black-set\/"]}]},{"@type":"ImageObject","inLanguage":"ro-RO","@id":"https:\/\/lannelle.com\/product\/sweetheart-black-set\/#primaryimage","url":"https:\/\/i0.wp.com\/lannelle.com\/wp-content\/uploads\/2023\/06\/SMH_0749-scaled.jpg?fit=1707%2C2560&ssl=1","contentUrl":"https:\/\/i0.wp.com\/lannelle.com\/wp-content\/uploads\/2023\/06\/SMH_0749-scaled.jpg?fit=1707%2C2560&ssl=1","width":1707,"height":2560},{"@type":"BreadcrumbList","@id":"https:\/\/lannelle.com\/product\/sweetheart-black-set\/#breadcrumb","itemListElement":[{"@type":"ListItem","position":1,"name":"Home","item":"https:\/\/lannelle.com\/"},{"@type":"ListItem","position":2,"name":"SHOP","item":"https:\/\/lannelle.com\/shop\/"},{"@type":"ListItem","position":3,"name":"&#8216;Sweetheart&#8217; Black homewear set"}]},{"@type":"WebSite","@id":"https:\/\/lannelle.com\/#website","url":"https:\/\/lannelle.com\/","name":"lannelle","description":"FOR YOUR PRECIOUS MOMENTS","publisher":{"@id":"https:\/\/lannelle.com\/#organization"},"potentialAction":[{"@type":"SearchAction","target":{"@type":"EntryPoint","urlTemplate":"https:\/\/lannelle.com\/?s={search_term_string}"},"query-input":{"@type":"PropertyValueSpecification","valueRequired":true,"valueName":"search_term_string"}}],"inLanguage":"ro-RO"},{"@type":"Organization","@id":"https:\/\/lannelle.com\/#organization","name":"lannelle","url":"https:\/\/lannelle.com\/","logo":{"@type":"ImageObject","inLanguage":"ro-RO","@id":"https:\/\/lannelle.com\/#\/schema\/logo\/image\/","url":"https:\/\/i0.wp.com\/lannelle.com\/wp-content\/uploads\/2026\/01\/cropped-lannelle-wide-resized-50-1.png?fit=296%2C94&ssl=1","contentUrl":"https:\/\/i0.wp.com\/lannelle.com\/wp-content\/uploads\/2026\/01\/cropped-lannelle-wide-resized-50-1.png?fit=296%2C94&ssl=1","width":296,"height":94,"caption":"lannelle"},"image":{"@id":"https:\/\/lannelle.com\/#\/schema\/logo\/image\/"}}]}},"jetpack_sharing_enabled":true,"_links":{"self":[{"href":"https:\/\/lannelle.com\/ro\/wp-json\/wp\/v2\/product\/857","targetHints":{"allow":["GET"]}}],"collection":[{"href":"https:\/\/lannelle.com\/ro\/wp-json\/wp\/v2\/product"}],"about":[{"href":"https:\/\/lannelle.com\/ro\/wp-json\/wp\/v2\/types\/product"}],"replies":[{"embeddable":true,"href":"https:\/\/lannelle.com\/ro\/wp-json\/wp\/v2\/comments?post=857"}],"wp:featuredmedia":[{"embeddable":true,"href":"https:\/\/lannelle.com\/ro\/wp-json\/wp\/v2\/media\/856"}],"wp:attachment":[{"href":"https:\/\/lannelle.com\/ro\/wp-json\/wp\/v2\/media?parent=857"}],"wp:term":[{"taxonomy":"product_brand","embeddable":true,"href":"https:\/\/lannelle.com\/ro\/wp-json\/wp\/v2\/product_brand?post=857"},{"taxonomy":"product_cat","embeddable":true,"href":"https:\/\/lannelle.com\/ro\/wp-json\/wp\/v2\/product_cat?post=857"},{"taxonomy":"product_tag","embeddable":true,"href":"https:\/\/lannelle.com\/ro\/wp-json\/wp\/v2\/product_tag?post=857"}],"curies":[{"name":"wp","href":"https:\/\/api.w.org\/{rel}","templated":true}]}}